{"id":431,"date":"2025-03-27T06:28:06","date_gmt":"2025-03-27T05:28:06","guid":{"rendered":"https:\/\/www.neuromuscularbcn.org\/?page_id=431"},"modified":"2025-04-30T08:03:29","modified_gmt":"2025-04-30T06:03:29","slug":"participar-en-un-estudi-clinic","status":"publish","type":"page","link":"https:\/\/www.neuromuscularbcn.org\/ca\/com-col%c2%b7laborar\/participar-en-un-estudi-clinic\/","title":{"rendered":"Participar en un estudi cl\u00ednic"},"content":{"rendered":"<div class=\"fusion-fullwidth fullwidth-box fusion-builder-row-1 fusion-flex-container has-pattern-background has-mask-background nonhundred-percent-fullwidth non-hundred-percent-height-scrolling\" style=\"--awb-border-radius-top-left:0px;--awb-border-radius-top-right:0px;--awb-border-radius-bottom-right:0px;--awb-border-radius-bottom-left:0px;--awb-flex-wrap:wrap;\" ><div class=\"fusion-builder-row fusion-row fusion-flex-align-items-flex-start fusion-flex-content-wrap\" style=\"max-width:1422.72px;margin-left: calc(-4% \/ 2 );margin-right: calc(-4% \/ 2 );\"><div class=\"fusion-layout-column fusion_builder_column fusion-builder-column-0 fusion_builder_column_1_1 1_1 fusion-flex-column cnt_PagGen_Content_col\" style=\"--awb-bg-size:cover;--awb-width-large:100%;--awb-margin-top-large:0px;--awb-spacing-right-large:1.92%;--awb-margin-bottom-large:0px;--awb-spacing-left-large:1.92%;--awb-width-medium:100%;--awb-order-medium:0;--awb-spacing-right-medium:1.92%;--awb-spacing-left-medium:1.92%;--awb-width-small:100%;--awb-order-small:0;--awb-spacing-right-small:1.92%;--awb-spacing-left-small:1.92%;\" data-scroll-devices=\"small-visibility,medium-visibility,large-visibility\"><div class=\"fusion-column-wrapper fusion-column-has-shadow fusion-flex-justify-content-flex-start fusion-content-layout-column\"><div class=\"fusion-text fusion-text-1\"><p>Avan\u00e7ar en el coneixement de les malalties neuromusculars \u00e9s una prioritat de la Unitat de Malalties Neuromusculars de l&#8217;Hospital de la Santa Creu i Sant Pau. Intentem enfocar els estudis des del punt de vista del pacient, centrant-nos en aquells projectes que puguin tenir una utilitat directa o futura per als nostres pacients.<\/p>\n<p>Tenim diversos estudis d&#8217;investigaci\u00f3 en marxa per diferents malalties neuromusculars. Els estudis varien depenent de la malaltia per\u00f2 tenim en marxa estudis d&#8217;investigaci\u00f3 b\u00e0sica, estudis d&#8217;investigaci\u00f3 cl\u00ednica i assajos terap\u00e8utics, propis o de la ind\u00fastria farmac\u00e8utica. Pots consultar els diferents estudis en marxa a les seccions dedicades a cada malaltia.<\/p>\n<\/div><div class=\"fusion-form fusion-form-builder fusion-form-form-wrapper fusion-form-3223\" style=\"--awb-tooltip-text-color:#ffffff;--awb-tooltip-background-color:#333333;\" data-form-id=\"3223\" data-config=\"{&quot;form_id&quot;:3223,&quot;form_post_id&quot;:3223,&quot;post_id&quot;:431,&quot;form_type&quot;:&quot;ajax&quot;,&quot;confirmation_type&quot;:&quot;message&quot;,&quot;redirect_url&quot;:&quot;&quot;,&quot;redirect_timeout&quot;:&quot;0&quot;,&quot;field_labels&quot;:{&quot;nombre&quot;:&quot;Nom:&quot;,&quot;apellidos&quot;:&quot;Cognoms:&quot;,&quot;telefono&quot;:&quot;Tel\\u00e8fon:&quot;,&quot;correo_electronico&quot;:&quot;Email:&quot;,&quot;hospital&quot;:&quot;Hospital de Refer\\u00e8ncia:&quot;,&quot;observaciones&quot;:&quot;Com podem coraborar?:&quot;},&quot;field_logics&quot;:{&quot;nombre&quot;:&quot;&quot;,&quot;apellidos&quot;:&quot;&quot;,&quot;telefono&quot;:&quot;&quot;,&quot;correo_electronico&quot;:&quot;&quot;,&quot;hospital&quot;:&quot;&quot;,&quot;observaciones&quot;:&quot;&quot;,&quot;submit_1&quot;:&quot;&quot;},&quot;field_types&quot;:{&quot;nombre&quot;:&quot;text&quot;,&quot;apellidos&quot;:&quot;text&quot;,&quot;telefono&quot;:&quot;phone_number&quot;,&quot;correo_electronico&quot;:&quot;email&quot;,&quot;hospital&quot;:&quot;text&quot;,&quot;observaciones&quot;:&quot;textarea&quot;,&quot;submit_1&quot;:&quot;submit&quot;},&quot;nonce_method&quot;:&quot;ajax&quot;,&quot;form_views&quot;:&quot;ajax&quot;,&quot;form_views_counting&quot;:&quot;all&quot;}\" data-off-canvas=\"3225\"><form action=\"https:\/\/www.neuromuscularbcn.org\/ca\/com-col%c2%b7laborar\/participar-en-un-estudi-clinic\/\" method=\"post\" class=\"fusion-form fusion-form-3223\"><div class=\"fusion-fullwidth fullwidth-box fusion-builder-row-1-1 fusion-flex-container has-pattern-background has-mask-background nonhundred-percent-fullwidth non-hundred-percent-height-scrolling\" style=\"--awb-border-radius-top-left:0px;--awb-border-radius-top-right:0px;--awb-border-radius-bottom-right:0px;--awb-border-radius-bottom-left:0px;--awb-flex-wrap:wrap;\" ><div class=\"fusion-builder-row fusion-row fusion-flex-align-items-flex-start fusion-flex-content-wrap\" style=\"width:104% !important;max-width:104% !important;margin-left: calc(-4% \/ 2 );margin-right: calc(-4% \/ 2 );\"><div class=\"fusion-layout-column fusion_builder_column fusion-builder-column-1 fusion_builder_column_1_1 1_1 fusion-flex-column\" style=\"--awb-bg-size:cover;--awb-width-large:100%;--awb-flex-grow:0;--awb-flex-shrink:0;--awb-margin-top-large:0px;--awb-spacing-right-large:1.92%;--awb-margin-bottom-large:0px;--awb-spacing-left-large:1.92%;--awb-width-medium:100%;--awb-order-medium:0;--awb-flex-grow-medium:0;--awb-flex-shrink-medium:0;--awb-spacing-right-medium:1.92%;--awb-spacing-left-medium:1.92%;--awb-width-small:100%;--awb-order-small:0;--awb-flex-grow-small:0;--awb-flex-shrink-small:0;--awb-spacing-right-small:1.92%;--awb-spacing-left-small:1.92%;\"><div class=\"fusion-column-wrapper fusion-column-has-shadow fusion-flex-justify-content-flex-start fusion-content-layout-column\"><\/div><\/div><\/div><\/div><div class=\"fusion-fullwidth fullwidth-box fusion-builder-row-1-2 fusion-flex-container has-pattern-background has-mask-background nonhundred-percent-fullwidth non-hundred-percent-height-scrolling\" style=\"--awb-border-radius-top-left:0px;--awb-border-radius-top-right:0px;--awb-border-radius-bottom-right:0px;--awb-border-radius-bottom-left:0px;--awb-flex-wrap:nowrap;\" ><div class=\"fusion-builder-row fusion-row fusion-flex-align-items-flex-start fusion-flex-justify-content-center fusion-flex-content-wrap\" style=\"width:104% !important;max-width:104% !important;margin-left: calc(-4% \/ 2 );margin-right: calc(-4% \/ 2 );\"><div class=\"fusion-layout-column fusion_builder_column fusion-builder-column-2 fusion_builder_column_2_3 2_3 fusion-flex-column col_formulario\" style=\"--awb-bg-size:cover;--awb-width-large:66.666666666667%;--awb-flex-grow:0;--awb-flex-shrink:0;--awb-margin-top-large:0px;--awb-spacing-right-large:2.88%;--awb-margin-bottom-large:0px;--awb-spacing-left-large:2.88%;--awb-width-medium:100%;--awb-order-medium:0;--awb-flex-grow-medium:0;--awb-flex-shrink-medium:0;--awb-spacing-right-medium:1.92%;--awb-spacing-left-medium:1.92%;--awb-width-small:100%;--awb-order-small:0;--awb-flex-grow-small:0;--awb-flex-shrink-small:0;--awb-spacing-right-small:1.92%;--awb-spacing-left-small:1.92%;\" data-scroll-devices=\"small-visibility,medium-visibility,large-visibility\"><div class=\"fusion-column-wrapper fusion-column-has-shadow fusion-flex-justify-content-flex-start fusion-content-layout-column\"><div class=\"fusion-title title fusion-title-1 fusion-sep-none fusion-title-text fusion-title-size-div formulario_cabecera\" style=\"--awb-margin-top-small:10px;--awb-margin-right-small:0px;--awb-margin-bottom-small:10px;--awb-margin-left-small:0px;\"><div class=\"fusion-title-heading title-heading-left title-heading-tag\" style=\"margin:0;\">Contacte Estudi Cl\u00ednic\r\n<div id=\"gtx-trans\" style=\"position: absolute; left: -237px; top: -10px;\">\r\n<div class=\"gtx-trans-icon\"><\/div>\r\n<\/div><\/div><\/div><div class=\"fusion-form-field fusion-form-text-field fusion-form-label-above form_campo_text\" style=\"\" data-form-id=\"3223\"><div class=\"fusion-form-label-wrapper\"><label for=\"nombre\">Nom: <abbr class=\"fusion-form-element-required\" title=\"required\">*<\/abbr><\/label><\/div><div class=\"fusion-form-input-with-icon\"><i class=\"awb-form-icon fa-address-book fas\"><\/i><input type=\"text\" autocomplete=\"off\"  data-empty-notice=\"Aquest camp no pot estar buit\" name=\"nombre\" id=\"nombre\" value=\"\"  class=\"fusion-form-input\" required=\"true\" aria-required=\"true\" data-holds-private-data=\"false\" minlength=\"3\"\/><\/div><\/div><div class=\"fusion-form-field fusion-form-text-field fusion-form-label-above form_campo_text\" style=\"\" data-form-id=\"3223\"><div class=\"fusion-form-label-wrapper\"><label for=\"apellidos\">Cognoms: <abbr class=\"fusion-form-element-required\" title=\"required\">*<\/abbr><\/label><\/div><div class=\"fusion-form-input-with-icon\"><i class=\"awb-form-icon fa-address-book fas\"><\/i><input type=\"text\" autocomplete=\"off\"  data-empty-notice=\"Aquest camp no pot estar buit\" name=\"apellidos\" id=\"apellidos\" value=\"\"  class=\"fusion-form-input\" required=\"true\" aria-required=\"true\" data-holds-private-data=\"false\" minlength=\"3\"\/><\/div><\/div><div class=\"fusion-form-field fusion-form-phone-number-field fusion-form-label-above form_campo_text\" style=\"\" data-form-id=\"3223\"><div class=\"fusion-form-label-wrapper\"><label for=\"telefono\">Tel\u00e8fon: <abbr class=\"fusion-form-element-required\" title=\"required\">*<\/abbr><\/label><\/div><div class=\"fusion-form-input-with-icon\"><i class=\"awb-form-icon fa-phone-square-alt fas\"><\/i><input type=\"tel\" autocomplete=\"off\"  data-empty-notice=\"Aquest camp no pot estar buit\" name=\"telefono\" id=\"telefono\" value=\"\"  class=\"fusion-form-input\" required=\"true\" aria-required=\"true\" data-holds-private-data=\"false\"\/><\/div><\/div><div class=\"fusion-form-field fusion-form-email-field fusion-form-label-above form_campo_text\" style=\"\" data-form-id=\"3223\"><div class=\"fusion-form-label-wrapper\"><label for=\"correo_electronico\">Email: <abbr class=\"fusion-form-element-required\" title=\"required\">*<\/abbr><\/label><\/div><div class=\"fusion-form-input-with-icon\"><i class=\"awb-form-icon fa-envelope fas\"><\/i><input type=\"email\" autocomplete=\"off\"  data-empty-notice=\"Aquest camp no pot estar buit\" name=\"correo_electronico\" id=\"correo_electronico\" value=\"\"  class=\"fusion-form-input\" required=\"true\" aria-required=\"true\" data-holds-private-data=\"false\"\/><\/div><\/div><div class=\"fusion-form-field fusion-form-text-field fusion-form-label-above form_campo_text\" style=\"\" data-form-id=\"3223\"><div class=\"fusion-form-label-wrapper\"><label for=\"hospital\">Hospital de Refer\u00e8ncia: <abbr class=\"fusion-form-element-required\" title=\"required\">*<\/abbr><\/label><\/div><div class=\"fusion-form-input-with-icon\"><i class=\"awb-form-icon fa-clinic-medical fas\"><\/i><input type=\"text\" autocomplete=\"off\"  data-empty-notice=\"Aquest camp no pot estar buit\" name=\"hospital\" id=\"hospital\" value=\"\"  class=\"fusion-form-input\" required=\"true\" aria-required=\"true\" data-holds-private-data=\"false\" minlength=\"3\"\/><\/div><\/div><div class=\"fusion-form-field fusion-form-textarea-field fusion-form-label-above form_campo_textarea\" style=\"\" data-form-id=\"3223\"><label for=\"observaciones\">Com podem coraborar?: <abbr class=\"fusion-form-element-required\" title=\"required\">*<\/abbr><\/label><textarea cols=\"40\" autocomplete=\"off\" data-empty-notice=\"Aquest camp no pot estar buit\"  minlength=\"0\"  rows=\"6\" tabindex=\"\" id=\"observaciones\" name=\"observaciones\" class=\"fusion-form-input\" required=\"true\" aria-required=\"true\" data-holds-private-data=\"false\"><\/textarea><\/div><div class=\"fusion-form-field fusion-form-submit-field fusion-form-label-above form_campo_enviar\" style=\"\" data-form-id=\"3223\"><div style=\"text-align:center;\"><button type=\"submit\" class=\"fusion-button button-flat fusion-button-default-size button-default fusion-button-default button-1 fusion-button-default-span form_campo_enviar button-default form-form-submit\" data-form-number=\"3223\" tabindex=\"\"><span class=\"fusion-button-text awb-button__text awb-button__text--default\">Enviar<\/span><\/button><\/div><\/div><\/div><\/div><\/div><\/div><input type=\"hidden\" name=\"fusion_privacy_expiration_interval\" value=\"48\"><input type=\"hidden\" name=\"privacy_expiration_action\" value=\"anonymize\"><\/form><\/div><\/div><\/div><\/div><\/div>\n","protected":false},"excerpt":{"rendered":"","protected":false},"author":1,"featured_media":0,"parent":423,"menu_order":1,"comment_status":"closed","ping_status":"closed","template":"100-width.php","meta":{"_acf_changed":false,"inline_featured_image":false,"footnotes":""},"class_list":["post-431","page","type-page","status-publish","hentry"],"acf":[],"yoast_head":"<!-- This site is optimized with the Yoast SEO plugin v27.2 - https:\/\/yoast.com\/product\/yoast-seo-wordpress\/ -->\n<title>Participar en un estudi cl\u00ednic - Neuromuscular BCN<\/title>\n<meta name=\"robots\" content=\"index, follow, max-snippet:-1, max-image-preview:large, max-video-preview:-1\" \/>\n<link rel=\"canonical\" href=\"https:\/\/www.neuromuscularbcn.org\/ca\/com-col\u00b7laborar\/participar-en-un-estudi-clinic\/\" \/>\n<meta property=\"og:locale\" content=\"ca_ES\" \/>\n<meta property=\"og:type\" content=\"article\" \/>\n<meta property=\"og:title\" content=\"Participar en un estudi cl\u00ednic - Neuromuscular BCN\" \/>\n<meta property=\"og:url\" content=\"https:\/\/www.neuromuscularbcn.org\/ca\/com-col\u00b7laborar\/participar-en-un-estudi-clinic\/\" \/>\n<meta property=\"og:site_name\" content=\"Neuromuscular BCN\" \/>\n<meta property=\"article:modified_time\" content=\"2025-04-30T06:03:29+00:00\" \/>\n<meta name=\"twitter:card\" content=\"summary_large_image\" \/>\n<meta name=\"twitter:site\" content=\"@NMDSantPau\" \/>\n<meta name=\"twitter:label1\" content=\"Temps estimat de lectura\" \/>\n\t<meta name=\"twitter:data1\" content=\"6 minuts\" \/>\n<script type=\"application\/ld+json\" class=\"yoast-schema-graph\">{\"@context\":\"https:\/\/schema.org\",\"@graph\":[{\"@type\":\"WebPage\",\"@id\":\"https:\/\/www.neuromuscularbcn.org\/ca\/com-col%c2%b7laborar\/participar-en-un-estudi-clinic\/\",\"url\":\"https:\/\/www.neuromuscularbcn.org\/ca\/com-col%c2%b7laborar\/participar-en-un-estudi-clinic\/\",\"name\":\"Participar en un estudi cl\u00ednic - Neuromuscular BCN\",\"isPartOf\":{\"@id\":\"https:\/\/www.neuromuscularbcn.org\/ca\/#website\"},\"datePublished\":\"2025-03-27T05:28:06+00:00\",\"dateModified\":\"2025-04-30T06:03:29+00:00\",\"breadcrumb\":{\"@id\":\"https:\/\/www.neuromuscularbcn.org\/ca\/com-col%c2%b7laborar\/participar-en-un-estudi-clinic\/#breadcrumb\"},\"inLanguage\":\"ca\",\"potentialAction\":[{\"@type\":\"ReadAction\",\"target\":[\"https:\/\/www.neuromuscularbcn.org\/ca\/com-col%c2%b7laborar\/participar-en-un-estudi-clinic\/\"]}]},{\"@type\":\"BreadcrumbList\",\"@id\":\"https:\/\/www.neuromuscularbcn.org\/ca\/com-col%c2%b7laborar\/participar-en-un-estudi-clinic\/#breadcrumb\",\"itemListElement\":[{\"@type\":\"ListItem\",\"position\":1,\"name\":\"Portada\",\"item\":\"https:\/\/www.neuromuscularbcn.org\/ca\/\"},{\"@type\":\"ListItem\",\"position\":2,\"name\":\"Participar en un estudi cl\u00ednic\"}]},{\"@type\":\"WebSite\",\"@id\":\"https:\/\/www.neuromuscularbcn.org\/ca\/#website\",\"url\":\"https:\/\/www.neuromuscularbcn.org\/ca\/\",\"name\":\"Neuromuscular BCN\",\"description\":\"Neuromuscular BCN - Unidad Neuromuscular del hospital de Sant Pau\",\"publisher\":{\"@id\":\"https:\/\/www.neuromuscularbcn.org\/ca\/#organization\"},\"alternateName\":\"Neuromuscular BCN - Unidad Neuromuscular del hospital de Sant Pau\",\"potentialAction\":[{\"@type\":\"SearchAction\",\"target\":{\"@type\":\"EntryPoint\",\"urlTemplate\":\"https:\/\/www.neuromuscularbcn.org\/ca\/?s={search_term_string}\"},\"query-input\":{\"@type\":\"PropertyValueSpecification\",\"valueRequired\":true,\"valueName\":\"search_term_string\"}}],\"inLanguage\":\"ca\"},{\"@type\":\"Organization\",\"@id\":\"https:\/\/www.neuromuscularbcn.org\/ca\/#organization\",\"name\":\"Neuromuscular BCN - Sant Pau\",\"url\":\"https:\/\/www.neuromuscularbcn.org\/ca\/\",\"logo\":{\"@type\":\"ImageObject\",\"inLanguage\":\"ca\",\"@id\":\"https:\/\/www.neuromuscularbcn.org\/ca\/#\/schema\/logo\/image\/\",\"url\":\"https:\/\/www.neuromuscularbcn.org\/wp-content\/uploads\/2025\/06\/cropped-favicon_logotip.png\",\"contentUrl\":\"https:\/\/www.neuromuscularbcn.org\/wp-content\/uploads\/2025\/06\/cropped-favicon_logotip.png\",\"width\":512,\"height\":512,\"caption\":\"Neuromuscular BCN - Sant Pau\"},\"image\":{\"@id\":\"https:\/\/www.neuromuscularbcn.org\/ca\/#\/schema\/logo\/image\/\"},\"sameAs\":[\"https:\/\/x.com\/NMDSantPau\"]}]}<\/script>\n<!-- \/ Yoast SEO plugin. -->","yoast_head_json":{"title":"Participar en un estudi cl\u00ednic - Neuromuscular BCN","robots":{"index":"index","follow":"follow","max-snippet":"max-snippet:-1","max-image-preview":"max-image-preview:large","max-video-preview":"max-video-preview:-1"},"canonical":"https:\/\/www.neuromuscularbcn.org\/ca\/com-col\u00b7laborar\/participar-en-un-estudi-clinic\/","og_locale":"ca_ES","og_type":"article","og_title":"Participar en un estudi cl\u00ednic - Neuromuscular BCN","og_url":"https:\/\/www.neuromuscularbcn.org\/ca\/com-col\u00b7laborar\/participar-en-un-estudi-clinic\/","og_site_name":"Neuromuscular BCN","article_modified_time":"2025-04-30T06:03:29+00:00","twitter_card":"summary_large_image","twitter_site":"@NMDSantPau","twitter_misc":{"Temps estimat de lectura":"6 minuts"},"schema":{"@context":"https:\/\/schema.org","@graph":[{"@type":"WebPage","@id":"https:\/\/www.neuromuscularbcn.org\/ca\/com-col%c2%b7laborar\/participar-en-un-estudi-clinic\/","url":"https:\/\/www.neuromuscularbcn.org\/ca\/com-col%c2%b7laborar\/participar-en-un-estudi-clinic\/","name":"Participar en un estudi cl\u00ednic - Neuromuscular BCN","isPartOf":{"@id":"https:\/\/www.neuromuscularbcn.org\/ca\/#website"},"datePublished":"2025-03-27T05:28:06+00:00","dateModified":"2025-04-30T06:03:29+00:00","breadcrumb":{"@id":"https:\/\/www.neuromuscularbcn.org\/ca\/com-col%c2%b7laborar\/participar-en-un-estudi-clinic\/#breadcrumb"},"inLanguage":"ca","potentialAction":[{"@type":"ReadAction","target":["https:\/\/www.neuromuscularbcn.org\/ca\/com-col%c2%b7laborar\/participar-en-un-estudi-clinic\/"]}]},{"@type":"BreadcrumbList","@id":"https:\/\/www.neuromuscularbcn.org\/ca\/com-col%c2%b7laborar\/participar-en-un-estudi-clinic\/#breadcrumb","itemListElement":[{"@type":"ListItem","position":1,"name":"Portada","item":"https:\/\/www.neuromuscularbcn.org\/ca\/"},{"@type":"ListItem","position":2,"name":"Participar en un estudi cl\u00ednic"}]},{"@type":"WebSite","@id":"https:\/\/www.neuromuscularbcn.org\/ca\/#website","url":"https:\/\/www.neuromuscularbcn.org\/ca\/","name":"Neuromuscular BCN","description":"Neuromuscular BCN - Unidad Neuromuscular del hospital de Sant Pau","publisher":{"@id":"https:\/\/www.neuromuscularbcn.org\/ca\/#organization"},"alternateName":"Neuromuscular BCN - Unidad Neuromuscular del hospital de Sant Pau","potentialAction":[{"@type":"SearchAction","target":{"@type":"EntryPoint","urlTemplate":"https:\/\/www.neuromuscularbcn.org\/ca\/?s={search_term_string}"},"query-input":{"@type":"PropertyValueSpecification","valueRequired":true,"valueName":"search_term_string"}}],"inLanguage":"ca"},{"@type":"Organization","@id":"https:\/\/www.neuromuscularbcn.org\/ca\/#organization","name":"Neuromuscular BCN - Sant Pau","url":"https:\/\/www.neuromuscularbcn.org\/ca\/","logo":{"@type":"ImageObject","inLanguage":"ca","@id":"https:\/\/www.neuromuscularbcn.org\/ca\/#\/schema\/logo\/image\/","url":"https:\/\/www.neuromuscularbcn.org\/wp-content\/uploads\/2025\/06\/cropped-favicon_logotip.png","contentUrl":"https:\/\/www.neuromuscularbcn.org\/wp-content\/uploads\/2025\/06\/cropped-favicon_logotip.png","width":512,"height":512,"caption":"Neuromuscular BCN - Sant Pau"},"image":{"@id":"https:\/\/www.neuromuscularbcn.org\/ca\/#\/schema\/logo\/image\/"},"sameAs":["https:\/\/x.com\/NMDSantPau"]}]}},"_links":{"self":[{"href":"https:\/\/www.neuromuscularbcn.org\/ca\/wp-json\/wp\/v2\/pages\/431","targetHints":{"allow":["GET"]}}],"collection":[{"href":"https:\/\/www.neuromuscularbcn.org\/ca\/wp-json\/wp\/v2\/pages"}],"about":[{"href":"https:\/\/www.neuromuscularbcn.org\/ca\/wp-json\/wp\/v2\/types\/page"}],"author":[{"embeddable":true,"href":"https:\/\/www.neuromuscularbcn.org\/ca\/wp-json\/wp\/v2\/users\/1"}],"replies":[{"embeddable":true,"href":"https:\/\/www.neuromuscularbcn.org\/ca\/wp-json\/wp\/v2\/comments?post=431"}],"version-history":[{"count":4,"href":"https:\/\/www.neuromuscularbcn.org\/ca\/wp-json\/wp\/v2\/pages\/431\/revisions"}],"predecessor-version":[{"id":3207,"href":"https:\/\/www.neuromuscularbcn.org\/ca\/wp-json\/wp\/v2\/pages\/431\/revisions\/3207"}],"up":[{"embeddable":true,"href":"https:\/\/www.neuromuscularbcn.org\/ca\/wp-json\/wp\/v2\/pages\/423"}],"wp:attachment":[{"href":"https:\/\/www.neuromuscularbcn.org\/ca\/wp-json\/wp\/v2\/media?parent=431"}],"curies":[{"name":"wp","href":"https:\/\/api.w.org\/{rel}","templated":true}]}}