{"id":427,"date":"2025-03-27T06:27:48","date_gmt":"2025-03-27T05:27:48","guid":{"rendered":"https:\/\/www.neuromuscularbcn.org\/?page_id=427"},"modified":"2025-04-30T08:01:58","modified_gmt":"2025-04-30T06:01:58","slug":"fes-un-donatiu","status":"publish","type":"page","link":"https:\/\/www.neuromuscularbcn.org\/ca\/com-col%c2%b7laborar\/fes-un-donatiu\/","title":{"rendered":"Fes un donatiu"},"content":{"rendered":"<div class=\"fusion-fullwidth fullwidth-box fusion-builder-row-1 fusion-flex-container has-pattern-background has-mask-background nonhundred-percent-fullwidth non-hundred-percent-height-scrolling\" style=\"--awb-border-radius-top-left:0px;--awb-border-radius-top-right:0px;--awb-border-radius-bottom-right:0px;--awb-border-radius-bottom-left:0px;--awb-flex-wrap:wrap;\" ><div class=\"fusion-builder-row fusion-row fusion-flex-align-items-flex-start fusion-flex-content-wrap\" style=\"max-width:1422.72px;margin-left: calc(-4% \/ 2 );margin-right: calc(-4% \/ 2 );\"><div class=\"fusion-layout-column fusion_builder_column fusion-builder-column-0 fusion_builder_column_1_1 1_1 fusion-flex-column cnt_PagGen_Content_col\" style=\"--awb-bg-size:cover;--awb-width-large:100%;--awb-margin-top-large:0px;--awb-spacing-right-large:1.92%;--awb-margin-bottom-large:0px;--awb-spacing-left-large:1.92%;--awb-width-medium:100%;--awb-order-medium:0;--awb-spacing-right-medium:1.92%;--awb-spacing-left-medium:1.92%;--awb-width-small:100%;--awb-order-small:0;--awb-spacing-right-small:1.92%;--awb-spacing-left-small:1.92%;\" data-scroll-devices=\"small-visibility,medium-visibility,large-visibility\"><div class=\"fusion-column-wrapper fusion-column-has-shadow fusion-flex-justify-content-flex-start fusion-content-layout-column\"><div class=\"fusion-text fusion-text-1\"><p>Ajuda a la investigaci\u00f3 en malalties neuromusculars, la teva aportaci\u00f3 per petita que sigui pot fer la difer\u00e8ncia. Pots fer un donatiu mitjan\u00e7ant transfer\u00e8ncia banc\u00e0ria al n\u00famero de compte:<\/p>\n<h5>ES97 2100 5000 5902 0016 5691<\/h5>\n<p><img decoding=\"async\" class=\"alignnone wp-image-2833\" src=\"https:\/\/www.neuromuscularbcn.org\/wp-content\/uploads\/2025\/04\/colaborar-scaled.jpg\" alt=\"\" width=\"843\" height=\"383\" srcset=\"https:\/\/www.neuromuscularbcn.org\/wp-content\/uploads\/2025\/04\/colaborar-200x91.jpg 200w, https:\/\/www.neuromuscularbcn.org\/wp-content\/uploads\/2025\/04\/colaborar-300x136.jpg 300w, https:\/\/www.neuromuscularbcn.org\/wp-content\/uploads\/2025\/04\/colaborar-400x182.jpg 400w, https:\/\/www.neuromuscularbcn.org\/wp-content\/uploads\/2025\/04\/colaborar-600x273.jpg 600w, https:\/\/www.neuromuscularbcn.org\/wp-content\/uploads\/2025\/04\/colaborar-768x349.jpg 768w, https:\/\/www.neuromuscularbcn.org\/wp-content\/uploads\/2025\/04\/colaborar-800x363.jpg 800w, https:\/\/www.neuromuscularbcn.org\/wp-content\/uploads\/2025\/04\/colaborar-1024x465.jpg 1024w, https:\/\/www.neuromuscularbcn.org\/wp-content\/uploads\/2025\/04\/colaborar-1200x545.jpg 1200w, https:\/\/www.neuromuscularbcn.org\/wp-content\/uploads\/2025\/04\/colaborar-1536x698.jpg 1536w, https:\/\/www.neuromuscularbcn.org\/wp-content\/uploads\/2025\/04\/colaborar-scaled.jpg 2560w\" sizes=\"(max-width: 843px) 100vw, 843px\" \/><\/p>\n<p>Recuerda indicar la l\u00ednea de investigaci\u00f3n a la cual quieres que vaya tu aportaci\u00f3n:<\/p>\n<p>Recorda indicar la l\u00ednia d&#8217;investigaci\u00f3 a la qual vols que vagi la teva aportaci\u00f3:<br \/>\n<em><strong>L\u00ednia1:<\/strong><\/em> <strong>Miast\u00e8nia greu \/Myasthenia gravis<\/strong> &#8211;\u00a0Dra. Elena Cort\u00e9s<br \/>\n<em><strong>L\u00ednia 2:<\/strong> <\/em><strong>Neurologia autoimmune\/Autoimmune Neurology<\/strong> &#8211; Dr. Lu\u00eds Querol<br \/>\n<em><strong>L\u00ednia 3:<\/strong><\/em><strong> Malalties de la neurona motora\/Motor neuron diseases<\/strong> &#8211; Dr. Ricard Rojas \/ Dra. Janina Turon<br \/>\n<em><strong>L\u00ednia 4:<\/strong> <\/em><strong>Miopaties\/Myopathies <\/strong>&#8211; Dra. Montse Oliv\u00e9 \/ Dr. Jordi D\u00edaz \/ Dr. Eduard Gallardo<\/p>\n<p>Si vols deduir fiscalment la teva donaci\u00f3 recorda enviar un correu electr\u00f2nic a l&#8217;adre\u00e7a <a href=\"mailto:donatiusiib@santpau.cat\">donatiusiib@santpau.cat<\/a> amb les seg\u00fcents dades:<\/p>\n<ul>\n<li>Nom i cognoms<\/li>\n<li>Direcci\u00f3<\/li>\n<li>Poblaci\u00f3<\/li>\n<li>Codi postal<\/li>\n<li>Tel\u00e8fon \/ M\u00f2bil<\/li>\n<li>DNI\/NIF<\/li>\n<li>Correu electr\u00f2nic<\/li>\n<\/ul>\n<\/div><\/div><\/div><\/div><\/div>\n","protected":false},"excerpt":{"rendered":"","protected":false},"author":1,"featured_media":0,"parent":423,"menu_order":0,"comment_status":"closed","ping_status":"closed","template":"100-width.php","meta":{"_acf_changed":false,"inline_featured_image":false,"footnotes":""},"class_list":["post-427","page","type-page","status-publish","hentry"],"acf":[],"yoast_head":"<!-- This site is optimized with the Yoast SEO plugin v27.2 - https:\/\/yoast.com\/product\/yoast-seo-wordpress\/ -->\n<title>Fes un donatiu - Neuromuscular BCN<\/title>\n<meta name=\"robots\" content=\"index, follow, max-snippet:-1, max-image-preview:large, max-video-preview:-1\" \/>\n<link rel=\"canonical\" href=\"https:\/\/www.neuromuscularbcn.org\/ca\/com-col\u00b7laborar\/fes-un-donatiu\/\" \/>\n<meta property=\"og:locale\" content=\"ca_ES\" \/>\n<meta property=\"og:type\" content=\"article\" \/>\n<meta property=\"og:title\" content=\"Fes un donatiu - Neuromuscular BCN\" \/>\n<meta property=\"og:url\" content=\"https:\/\/www.neuromuscularbcn.org\/ca\/com-col\u00b7laborar\/fes-un-donatiu\/\" \/>\n<meta property=\"og:site_name\" content=\"Neuromuscular BCN\" \/>\n<meta property=\"article:modified_time\" content=\"2025-04-30T06:01:58+00:00\" \/>\n<meta property=\"og:image\" content=\"https:\/\/www.neuromuscularbcn.org\/wp-content\/uploads\/2025\/04\/colaborar-scaled.jpg\" \/>\n<meta name=\"twitter:card\" content=\"summary_large_image\" \/>\n<meta name=\"twitter:site\" content=\"@NMDSantPau\" \/>\n<meta name=\"twitter:label1\" content=\"Temps estimat de lectura\" \/>\n\t<meta name=\"twitter:data1\" content=\"7 minuts\" \/>\n<script type=\"application\/ld+json\" class=\"yoast-schema-graph\">{\"@context\":\"https:\/\/schema.org\",\"@graph\":[{\"@type\":\"WebPage\",\"@id\":\"https:\/\/www.neuromuscularbcn.org\/ca\/com-col%c2%b7laborar\/fes-un-donatiu\/\",\"url\":\"https:\/\/www.neuromuscularbcn.org\/ca\/com-col%c2%b7laborar\/fes-un-donatiu\/\",\"name\":\"Fes un donatiu - Neuromuscular BCN\",\"isPartOf\":{\"@id\":\"https:\/\/www.neuromuscularbcn.org\/ca\/#website\"},\"primaryImageOfPage\":{\"@id\":\"https:\/\/www.neuromuscularbcn.org\/ca\/com-col%c2%b7laborar\/fes-un-donatiu\/#primaryimage\"},\"image\":{\"@id\":\"https:\/\/www.neuromuscularbcn.org\/ca\/com-col%c2%b7laborar\/fes-un-donatiu\/#primaryimage\"},\"thumbnailUrl\":\"https:\/\/www.neuromuscularbcn.org\/wp-content\/uploads\/2025\/04\/colaborar-scaled.jpg\",\"datePublished\":\"2025-03-27T05:27:48+00:00\",\"dateModified\":\"2025-04-30T06:01:58+00:00\",\"breadcrumb\":{\"@id\":\"https:\/\/www.neuromuscularbcn.org\/ca\/com-col%c2%b7laborar\/fes-un-donatiu\/#breadcrumb\"},\"inLanguage\":\"ca\",\"potentialAction\":[{\"@type\":\"ReadAction\",\"target\":[\"https:\/\/www.neuromuscularbcn.org\/ca\/com-col%c2%b7laborar\/fes-un-donatiu\/\"]}]},{\"@type\":\"ImageObject\",\"inLanguage\":\"ca\",\"@id\":\"https:\/\/www.neuromuscularbcn.org\/ca\/com-col%c2%b7laborar\/fes-un-donatiu\/#primaryimage\",\"url\":\"https:\/\/www.neuromuscularbcn.org\/wp-content\/uploads\/2025\/04\/colaborar-scaled.jpg\",\"contentUrl\":\"https:\/\/www.neuromuscularbcn.org\/wp-content\/uploads\/2025\/04\/colaborar-scaled.jpg\"},{\"@type\":\"BreadcrumbList\",\"@id\":\"https:\/\/www.neuromuscularbcn.org\/ca\/com-col%c2%b7laborar\/fes-un-donatiu\/#breadcrumb\",\"itemListElement\":[{\"@type\":\"ListItem\",\"position\":1,\"name\":\"Portada\",\"item\":\"https:\/\/www.neuromuscularbcn.org\/ca\/\"},{\"@type\":\"ListItem\",\"position\":2,\"name\":\"Fes un donatiu\"}]},{\"@type\":\"WebSite\",\"@id\":\"https:\/\/www.neuromuscularbcn.org\/ca\/#website\",\"url\":\"https:\/\/www.neuromuscularbcn.org\/ca\/\",\"name\":\"Neuromuscular BCN\",\"description\":\"Neuromuscular BCN - Unidad Neuromuscular del hospital de Sant Pau\",\"publisher\":{\"@id\":\"https:\/\/www.neuromuscularbcn.org\/ca\/#organization\"},\"alternateName\":\"Neuromuscular BCN - Unidad Neuromuscular del hospital de Sant Pau\",\"potentialAction\":[{\"@type\":\"SearchAction\",\"target\":{\"@type\":\"EntryPoint\",\"urlTemplate\":\"https:\/\/www.neuromuscularbcn.org\/ca\/?s={search_term_string}\"},\"query-input\":{\"@type\":\"PropertyValueSpecification\",\"valueRequired\":true,\"valueName\":\"search_term_string\"}}],\"inLanguage\":\"ca\"},{\"@type\":\"Organization\",\"@id\":\"https:\/\/www.neuromuscularbcn.org\/ca\/#organization\",\"name\":\"Neuromuscular BCN - Sant Pau\",\"url\":\"https:\/\/www.neuromuscularbcn.org\/ca\/\",\"logo\":{\"@type\":\"ImageObject\",\"inLanguage\":\"ca\",\"@id\":\"https:\/\/www.neuromuscularbcn.org\/ca\/#\/schema\/logo\/image\/\",\"url\":\"https:\/\/www.neuromuscularbcn.org\/wp-content\/uploads\/2025\/06\/cropped-favicon_logotip.png\",\"contentUrl\":\"https:\/\/www.neuromuscularbcn.org\/wp-content\/uploads\/2025\/06\/cropped-favicon_logotip.png\",\"width\":512,\"height\":512,\"caption\":\"Neuromuscular BCN - Sant Pau\"},\"image\":{\"@id\":\"https:\/\/www.neuromuscularbcn.org\/ca\/#\/schema\/logo\/image\/\"},\"sameAs\":[\"https:\/\/x.com\/NMDSantPau\"]}]}<\/script>\n<!-- \/ Yoast SEO plugin. -->","yoast_head_json":{"title":"Fes un donatiu - Neuromuscular BCN","robots":{"index":"index","follow":"follow","max-snippet":"max-snippet:-1","max-image-preview":"max-image-preview:large","max-video-preview":"max-video-preview:-1"},"canonical":"https:\/\/www.neuromuscularbcn.org\/ca\/com-col\u00b7laborar\/fes-un-donatiu\/","og_locale":"ca_ES","og_type":"article","og_title":"Fes un donatiu - Neuromuscular BCN","og_url":"https:\/\/www.neuromuscularbcn.org\/ca\/com-col\u00b7laborar\/fes-un-donatiu\/","og_site_name":"Neuromuscular BCN","article_modified_time":"2025-04-30T06:01:58+00:00","og_image":[{"url":"https:\/\/www.neuromuscularbcn.org\/wp-content\/uploads\/2025\/04\/colaborar-scaled.jpg","type":"","width":"","height":""}],"twitter_card":"summary_large_image","twitter_site":"@NMDSantPau","twitter_misc":{"Temps estimat de lectura":"7 minuts"},"schema":{"@context":"https:\/\/schema.org","@graph":[{"@type":"WebPage","@id":"https:\/\/www.neuromuscularbcn.org\/ca\/com-col%c2%b7laborar\/fes-un-donatiu\/","url":"https:\/\/www.neuromuscularbcn.org\/ca\/com-col%c2%b7laborar\/fes-un-donatiu\/","name":"Fes un donatiu - Neuromuscular BCN","isPartOf":{"@id":"https:\/\/www.neuromuscularbcn.org\/ca\/#website"},"primaryImageOfPage":{"@id":"https:\/\/www.neuromuscularbcn.org\/ca\/com-col%c2%b7laborar\/fes-un-donatiu\/#primaryimage"},"image":{"@id":"https:\/\/www.neuromuscularbcn.org\/ca\/com-col%c2%b7laborar\/fes-un-donatiu\/#primaryimage"},"thumbnailUrl":"https:\/\/www.neuromuscularbcn.org\/wp-content\/uploads\/2025\/04\/colaborar-scaled.jpg","datePublished":"2025-03-27T05:27:48+00:00","dateModified":"2025-04-30T06:01:58+00:00","breadcrumb":{"@id":"https:\/\/www.neuromuscularbcn.org\/ca\/com-col%c2%b7laborar\/fes-un-donatiu\/#breadcrumb"},"inLanguage":"ca","potentialAction":[{"@type":"ReadAction","target":["https:\/\/www.neuromuscularbcn.org\/ca\/com-col%c2%b7laborar\/fes-un-donatiu\/"]}]},{"@type":"ImageObject","inLanguage":"ca","@id":"https:\/\/www.neuromuscularbcn.org\/ca\/com-col%c2%b7laborar\/fes-un-donatiu\/#primaryimage","url":"https:\/\/www.neuromuscularbcn.org\/wp-content\/uploads\/2025\/04\/colaborar-scaled.jpg","contentUrl":"https:\/\/www.neuromuscularbcn.org\/wp-content\/uploads\/2025\/04\/colaborar-scaled.jpg"},{"@type":"BreadcrumbList","@id":"https:\/\/www.neuromuscularbcn.org\/ca\/com-col%c2%b7laborar\/fes-un-donatiu\/#breadcrumb","itemListElement":[{"@type":"ListItem","position":1,"name":"Portada","item":"https:\/\/www.neuromuscularbcn.org\/ca\/"},{"@type":"ListItem","position":2,"name":"Fes un donatiu"}]},{"@type":"WebSite","@id":"https:\/\/www.neuromuscularbcn.org\/ca\/#website","url":"https:\/\/www.neuromuscularbcn.org\/ca\/","name":"Neuromuscular BCN","description":"Neuromuscular BCN - Unidad Neuromuscular del hospital de Sant Pau","publisher":{"@id":"https:\/\/www.neuromuscularbcn.org\/ca\/#organization"},"alternateName":"Neuromuscular BCN - Unidad Neuromuscular del hospital de Sant Pau","potentialAction":[{"@type":"SearchAction","target":{"@type":"EntryPoint","urlTemplate":"https:\/\/www.neuromuscularbcn.org\/ca\/?s={search_term_string}"},"query-input":{"@type":"PropertyValueSpecification","valueRequired":true,"valueName":"search_term_string"}}],"inLanguage":"ca"},{"@type":"Organization","@id":"https:\/\/www.neuromuscularbcn.org\/ca\/#organization","name":"Neuromuscular BCN - Sant Pau","url":"https:\/\/www.neuromuscularbcn.org\/ca\/","logo":{"@type":"ImageObject","inLanguage":"ca","@id":"https:\/\/www.neuromuscularbcn.org\/ca\/#\/schema\/logo\/image\/","url":"https:\/\/www.neuromuscularbcn.org\/wp-content\/uploads\/2025\/06\/cropped-favicon_logotip.png","contentUrl":"https:\/\/www.neuromuscularbcn.org\/wp-content\/uploads\/2025\/06\/cropped-favicon_logotip.png","width":512,"height":512,"caption":"Neuromuscular BCN - Sant Pau"},"image":{"@id":"https:\/\/www.neuromuscularbcn.org\/ca\/#\/schema\/logo\/image\/"},"sameAs":["https:\/\/x.com\/NMDSantPau"]}]}},"_links":{"self":[{"href":"https:\/\/www.neuromuscularbcn.org\/ca\/wp-json\/wp\/v2\/pages\/427","targetHints":{"allow":["GET"]}}],"collection":[{"href":"https:\/\/www.neuromuscularbcn.org\/ca\/wp-json\/wp\/v2\/pages"}],"about":[{"href":"https:\/\/www.neuromuscularbcn.org\/ca\/wp-json\/wp\/v2\/types\/page"}],"author":[{"embeddable":true,"href":"https:\/\/www.neuromuscularbcn.org\/ca\/wp-json\/wp\/v2\/users\/1"}],"replies":[{"embeddable":true,"href":"https:\/\/www.neuromuscularbcn.org\/ca\/wp-json\/wp\/v2\/comments?post=427"}],"version-history":[{"count":4,"href":"https:\/\/www.neuromuscularbcn.org\/ca\/wp-json\/wp\/v2\/pages\/427\/revisions"}],"predecessor-version":[{"id":3204,"href":"https:\/\/www.neuromuscularbcn.org\/ca\/wp-json\/wp\/v2\/pages\/427\/revisions\/3204"}],"up":[{"embeddable":true,"href":"https:\/\/www.neuromuscularbcn.org\/ca\/wp-json\/wp\/v2\/pages\/423"}],"wp:attachment":[{"href":"https:\/\/www.neuromuscularbcn.org\/ca\/wp-json\/wp\/v2\/media?parent=427"}],"curies":[{"name":"wp","href":"https:\/\/api.w.org\/{rel}","templated":true}]}}