{"id":419,"date":"2025-03-27T06:27:11","date_gmt":"2025-03-27T05:27:11","guid":{"rendered":"https:\/\/www.neuromuscularbcn.org\/?page_id=419"},"modified":"2025-04-30T07:55:22","modified_gmt":"2025-04-30T05:55:22","slug":"laboratori-assistencial","status":"publish","type":"page","link":"https:\/\/www.neuromuscularbcn.org\/ca\/serveis\/laboratori-assistencial\/","title":{"rendered":"Laboratori assistencial"},"content":{"rendered":"<p><div class=\"fusion-fullwidth fullwidth-box fusion-builder-row-1 fusion-flex-container has-pattern-background has-mask-background nonhundred-percent-fullwidth non-hundred-percent-height-scrolling\" style=\"--awb-border-radius-top-left:0px;--awb-border-radius-top-right:0px;--awb-border-radius-bottom-right:0px;--awb-border-radius-bottom-left:0px;--awb-margin-bottom:1em;--awb-flex-wrap:wrap;\" ><div class=\"fusion-builder-row fusion-row fusion-flex-align-items-stretch fusion-flex-content-wrap\" style=\"max-width:1422.72px;margin-left: calc(-4% \/ 2 );margin-right: calc(-4% \/ 2 );\"><div class=\"fusion-layout-column fusion_builder_column fusion-builder-column-0 fusion_builder_column_1_2 1_2 fusion-flex-column\" style=\"--awb-padding-top:0.8em;--awb-padding-right:0.8em;--awb-padding-bottom:0.8em;--awb-padding-left:0.8em;--awb-bg-color:rgba(0,173,161,0.25);--awb-bg-color-hover:rgba(0,173,161,0.25);--awb-bg-size:cover;--awb-width-large:50%;--awb-margin-top-large:0px;--awb-spacing-right-large:3.84%;--awb-margin-bottom-large:0px;--awb-spacing-left-large:3.84%;--awb-width-medium:50%;--awb-order-medium:0;--awb-spacing-right-medium:3.84%;--awb-spacing-left-medium:3.84%;--awb-width-small:100%;--awb-order-small:0;--awb-spacing-right-small:1.92%;--awb-spacing-left-small:1.92%;\" data-scroll-devices=\"small-visibility,medium-visibility,large-visibility\"><div class=\"fusion-column-wrapper fusion-column-has-shadow fusion-flex-justify-content-flex-start fusion-content-layout-column\"><div class=\"fusion-title title fusion-title-1 fusion-sep-none fusion-title-text fusion-title-size-div\" style=\"--awb-text-color:var(--awb-color8);--awb-margin-top-small:10px;--awb-margin-right-small:0px;--awb-margin-bottom-small:10px;--awb-margin-left-small:0px;--awb-font-size:1.2em;\"><div class=\"fusion-title-heading title-heading-left title-heading-tag\" style=\"font-family:&quot;Ubuntu&quot;;font-style:normal;font-weight:700;margin:0;text-transform:uppercase;font-size:1em;line-height:1.2em;\">DIRECCI\u00d3 D\u2019ENVIAMENT PER A AN\u00c0LISI ASSISTENCIAL D\u2019UNA MOSTRA<\/div><\/div><div class=\"fusion-text fusion-text-1\" style=\"--awb-font-size:0.9em;\"><p><strong>Dr. C\u00e1ndido Ju\u00e1rez \/ Dr. Gallardo<\/strong><br \/>\nLaboratorio de Immunolog\u00eda \u2013 Secci\u00f3n de Neuromuscular<br \/>\nHospital de la Santa Creu i Sant Pau<br \/>\nC\/ Mas Casanovas 80 (Planta -2) &#8211; 08041 \u2013 Barcelona &#8211; Spain<\/p>\n<p><a href=\"mailto:Tillanes@santpau.cat\">Tillanes@santpau.cat<\/a><br \/>\nTel. 93-5537265<\/p>\n<\/div><\/div><\/div><div class=\"fusion-layout-column fusion_builder_column fusion-builder-column-1 fusion_builder_column_1_2 1_2 fusion-flex-column\" style=\"--awb-padding-top:0.8em;--awb-padding-right:0.8em;--awb-padding-bottom:0.8em;--awb-padding-left:0.8em;--awb-bg-color:rgba(0,173,161,0.25);--awb-bg-color-hover:rgba(0,173,161,0.25);--awb-bg-size:cover;--awb-width-large:50%;--awb-margin-top-large:0px;--awb-spacing-right-large:3.84%;--awb-margin-bottom-large:0px;--awb-spacing-left-large:3.84%;--awb-width-medium:50%;--awb-order-medium:0;--awb-spacing-right-medium:3.84%;--awb-spacing-left-medium:3.84%;--awb-width-small:100%;--awb-order-small:0;--awb-spacing-right-small:1.92%;--awb-spacing-left-small:1.92%;\" data-scroll-devices=\"small-visibility,medium-visibility,large-visibility\"><div class=\"fusion-column-wrapper fusion-column-has-shadow fusion-flex-justify-content-flex-start fusion-content-layout-column\"><div class=\"fusion-title title fusion-title-2 fusion-sep-none fusion-title-text fusion-title-size-div\" style=\"--awb-text-color:var(--awb-color8);--awb-margin-top-small:10px;--awb-margin-right-small:0px;--awb-margin-bottom-small:10px;--awb-margin-left-small:0px;--awb-font-size:1.2em;\"><div class=\"fusion-title-heading title-heading-left title-heading-tag\" style=\"font-family:&quot;Ubuntu&quot;;font-style:normal;font-weight:700;margin:0;text-transform:uppercase;font-size:1em;line-height:1.2em;\"><p>DIRECCI\u00d3 DE LLIURAMENT PER INVESTIGACI\u00d3<\/p>\n<div id=\"gtx-trans\" style=\"position: absolute; left: -7px; top: 62px;\">\n<div class=\"gtx-trans-icon\"><\/div>\n<\/div><\/div><\/div><div class=\"fusion-text fusion-text-2\" style=\"--awb-font-size:0.9em;\"><p><strong>Dr. Gallardo \/ Dr. Querol<\/strong><br \/>\nUnidad de Enfermedades Neuromusculares \u2013 Laboratorio Neuromuscular<br \/>\nDepartamento de Neurolog\u00eda \u2013 Hospital de la Santa Creu i Sant Pau<br \/>\nInstituto de Investigaci\u00f3n Biom\u00e9dica Sant Pau<br \/>\nC\/ Sant Quint\u00ed 77 (2\u00aa Planta) &#8211; 08041 \u2013 Barcelona &#8211; Spain<\/p>\n<p><a href=\"mailto:neuromuscular@santpau.cat\">neuromuscular@santpau.cat<\/a><br \/>\nTel. 93-5537692<\/p>\n<\/div><\/div><\/div><\/div><\/div><div class=\"fusion-fullwidth fullwidth-box fusion-builder-row-2 fusion-flex-container has-pattern-background has-mask-background nonhundred-percent-fullwidth non-hundred-percent-height-scrolling\" style=\"--awb-border-radius-top-left:0px;--awb-border-radius-top-right:0px;--awb-border-radius-bottom-right:0px;--awb-border-radius-bottom-left:0px;--awb-flex-wrap:wrap;\" ><div class=\"fusion-builder-row fusion-row fusion-flex-align-items-flex-start fusion-flex-content-wrap\" style=\"max-width:1422.72px;margin-left: calc(-4% \/ 2 );margin-right: calc(-4% \/ 2 );\"><div class=\"fusion-layout-column fusion_builder_column fusion-builder-column-2 fusion_builder_column_1_1 1_1 fusion-flex-column cnt_PagGen_Content_col\" style=\"--awb-bg-size:cover;--awb-width-large:100%;--awb-margin-top-large:0px;--awb-spacing-right-large:1.92%;--awb-margin-bottom-large:0px;--awb-spacing-left-large:1.92%;--awb-width-medium:100%;--awb-order-medium:0;--awb-spacing-right-medium:1.92%;--awb-spacing-left-medium:1.92%;--awb-width-small:100%;--awb-order-small:0;--awb-spacing-right-small:1.92%;--awb-spacing-left-small:1.92%;\" data-scroll-devices=\"small-visibility,medium-visibility,large-visibility\"><div class=\"fusion-column-wrapper fusion-column-has-shadow fusion-flex-justify-content-flex-start fusion-content-layout-column\"><div class=\"fusion-tabs fusion-tabs-1 classic nav-is-justified cnt_pestanas horizontal-tabs icon-position-left mobile-mode-carousel mobile-sticky-tabs\" style=\"--awb-title-border-radius-top-left:0px;--awb-title-border-radius-top-right:0px;--awb-title-border-radius-bottom-right:0px;--awb-title-border-radius-bottom-left:0px;--awb-alignment:start;--awb-inactive-color:var(--awb-color2);--awb-background-color:var(--awb-color1);--awb-border-color:var(--awb-color3);--awb-active-border-color:var(--awb-color5);\"><div class=\"nav\"><ul class=\"nav-tabs nav-justified\" role=\"tablist\"><li class=\"active\" role=\"presentation\"><a class=\"tab-link\" data-toggle=\"tab\" role=\"tab\" aria-controls=\"tab-5dbb01b692926d4b27c\" aria-selected=\"true\" id=\"fusion-tab-informaci\u00f3general\" href=\"#tab-5dbb01b692926d4b27c\"><h4 class=\"fusion-tab-heading\">Informaci\u00f3 General<\/h4><\/a><\/li><li role=\"presentation\"><a class=\"tab-link\" data-toggle=\"tab\" role=\"tab\" aria-controls=\"tab-867a93c8f57e94bdd5d\" aria-selected=\"false\" tabindex=\"-1\" id=\"fusion-tab-comenviarunamostradesdel\u2019estranger?\" href=\"#tab-867a93c8f57e94bdd5d\"><h4 class=\"fusion-tab-heading\">Com enviar una mostra des de l\u2019estranger?<\/h4><\/a><\/li><li role=\"presentation\"><a class=\"tab-link\" data-toggle=\"tab\" role=\"tab\" aria-controls=\"tab-3d067f79f227b44afdc\" aria-selected=\"false\" tabindex=\"-1\" id=\"fusion-tab-howtosendasamplefromabroad?\" href=\"#tab-3d067f79f227b44afdc\"><h4 class=\"fusion-tab-heading\">HOW TO SEND A SAMPLE FROM ABROAD?<\/h4><\/a><\/li><\/ul><\/div><div class=\"tab-content\"><div class=\"tab-pane fade fusion-clearfix in active\" role=\"tabpanel\" tabindex=\"0\" aria-labelledby=\"fusion-tab-informaci\u00f3general\" id=\"tab-5dbb01b692926d4b27c\">\n<h6 id=\"tit_anclaje0\" class=\"anclaje_btn_cab\">Informaci\u00f3 General<\/h6>\n<p>Al nostre laboratori realitzem diferents proves diagn\u00f2stiques de refer\u00e8ncia en Malalties Neuromusculars amb finalitat assistencial. Depenent de les proves que es vulguin sol\u00b7licitar el procediment de recollida \u00e9s diferent. Es poden trobar els protocols d\u2019enviament de mostres fent clic en cada prova.<\/p>\n<p>\u00c9s fonamental que la mostra vagi associada a la\u00a0<strong>petici\u00f3 de prova<\/strong>\u00a0pertinent per a cada centre. Si us plau, abans d\u2019enviar una mostra, segueix atentament els protocols recomanats.<\/p>\n<div class=\"fusion-aligncenter\"><a class=\"fusion-button button-flat button-medium button-default fusion-button-default button-1 fusion-button-default-span fusion-button-default-type\" style=\"--button_text_transform:uppercase;\" target=\"_self\" href=\"https:\/\/www.neuromuscularbcn.org\/ca\/serveis\/laboratori-assistencial\/proves-que-realitzen-al-laboratori-de-malalties-neuromusculars\/\"><span class=\"fusion-button-text awb-button__text awb-button__text--default\">Proves que es realitzen<\/span><\/a><\/div>\n<\/div><div class=\"tab-pane fade fusion-clearfix\" role=\"tabpanel\" tabindex=\"0\" aria-labelledby=\"fusion-tab-comenviarunamostradesdel\u2019estranger?\" id=\"tab-867a93c8f57e94bdd5d\">\n<h6 id=\"tit_anclaje1\" class=\"anclaje_btn_cab\">Com enviar una mostra des de l\u2019estranger?<\/h6>\n<p>Les mostres procedents de pa\u00efsos de fora de la Uni\u00f3 Europea han de passar un proc\u00e9s d\u2019aprovaci\u00f3 duanera.\u00a0<strong>ABANS de procedir a l\u2019enviament<\/strong>\u00a0s\u2019ha de fer un tr\u00e0mit essencial sense el qual la mostra no passar\u00e0 la frontera, amb el risc que pugui no ser \u00fatil per a la determinaci\u00f3 sol\u00b7licitada.<\/p>\n<p>Un cop la mostra estigui preparada per ser enviada, s\u2019ha d\u2019omplir l\u2019<strong><a href=\"https:\/\/www.neuromuscularbcn.org\/wp-content\/uploads\/2017\/07\/Annex-II.pdf\">Annex II<\/a><\/strong>\u00a0i la\u00a0<a href=\"https:\/\/www.neuromuscularbcn.org\/wp-content\/uploads\/2017\/07\/Sant-Pau-Invoice.xls\">factura proforma<\/a>, aqu\u00ed adjunts, amb les dades del centre emissor, i remetre-ho a l\u2019adre\u00e7a de correu neuromuscular@santpau.cat, i esperar que l\u2019aprovaci\u00f3 estigui concedida (generalment una setmana). Un cop concedida pot procedir a l\u2019enviament. Un cop a duanes, els agents de duanes han de realitzar el tr\u00e0mit d\u2019alliberament, que suposa un cost aproximat de \u20ac 250 per enviament, pel que recomanem, si fos el pertinent, adjuntar diverses mostres en qu\u00e8 se sol\u00b7liciti la determinaci\u00f3, en un mateix paquet (el cost no varia).<\/p>\n<p><strong>Si el proc\u00e9s no es porta a terme d\u2019aquesta manera no podem garantir la recepci\u00f3 de la mostra.<\/strong><\/p>\n<\/div><div class=\"tab-pane fade fusion-clearfix\" role=\"tabpanel\" tabindex=\"0\" aria-labelledby=\"fusion-tab-howtosendasamplefromabroad?\" id=\"tab-3d067f79f227b44afdc\">\n<h6 id=\"tit_anclaje2\" class=\"anclaje_btn_cab\">HOW TO SEND A SAMPLE FROM ABROAD?<\/h6>\n<p>Samples from countries outside the European Union must pass a customs approval process.\u00a0<strong>BEFORE proceeding to the shipment<\/strong>, an essential procedure must be carried out without which the sample will not cross the border, with the risk that it may not be useful for the requested determination.<\/p>\n<p>Once the sample is ready to be sent,\u00a0<strong><a href=\"https:\/\/www.neuromuscularbcn.org\/wp-content\/uploads\/2017\/07\/Annex-II.pdf\">Annex II<\/a><\/strong>\u00a0and the\u00a0<strong><a href=\"https:\/\/www.neuromuscularbcn.org\/wp-content\/uploads\/2017\/07\/Sant-Pau-Invoice.xls\">pro forma invoice<\/a>,<\/strong>\u00a0attached hereto, with the data of the sending centre, must be filled in and sent to neuromuscular@santpau.cat, and wait for approval to be granted (usually one week).\u00a0 When it has been granted, the sample can be sent. Once in customs, the customs agents must carry out the process of release, which entails an approximate cost of \u20ac 250 per shipment, so we recommend, if applicable, to attach several samples in which the determination is requested, in a same package (cost does not vary).<\/p>\n<p><strong>If the process is not carried out in this way we cannot guarantee the reception of the sample.<\/strong><\/p>\n<div id=\"gtx-trans\" style=\"position: absolute; left: 141px; top: -1.03125px;\">\n<div class=\"gtx-trans-icon\"><\/div>\n<\/div>\n<\/div><\/div><\/div><\/div><\/div><\/div><\/div><\/p>\n","protected":false},"excerpt":{"rendered":"","protected":false},"author":1,"featured_media":0,"parent":415,"menu_order":0,"comment_status":"closed","ping_status":"closed","template":"100-width.php","meta":{"_acf_changed":false,"inline_featured_image":false,"footnotes":""},"class_list":["post-419","page","type-page","status-publish","hentry"],"acf":[],"yoast_head":"<!-- This site is optimized with the Yoast SEO plugin v27.2 - https:\/\/yoast.com\/product\/yoast-seo-wordpress\/ -->\n<title>Laboratori assistencial - Neuromuscular BCN<\/title>\n<meta name=\"robots\" content=\"index, follow, max-snippet:-1, max-image-preview:large, max-video-preview:-1\" \/>\n<link rel=\"canonical\" href=\"https:\/\/www.neuromuscularbcn.org\/ca\/serveis\/laboratori-assistencial\/\" \/>\n<meta property=\"og:locale\" content=\"ca_ES\" \/>\n<meta property=\"og:type\" content=\"article\" \/>\n<meta property=\"og:title\" content=\"Laboratori assistencial - Neuromuscular BCN\" \/>\n<meta property=\"og:url\" content=\"https:\/\/www.neuromuscularbcn.org\/ca\/serveis\/laboratori-assistencial\/\" \/>\n<meta property=\"og:site_name\" content=\"Neuromuscular BCN\" \/>\n<meta property=\"article:modified_time\" content=\"2025-04-30T05:55:22+00:00\" \/>\n<meta name=\"twitter:card\" content=\"summary_large_image\" \/>\n<meta name=\"twitter:site\" content=\"@NMDSantPau\" \/>\n<meta name=\"twitter:label1\" content=\"Temps estimat de lectura\" \/>\n\t<meta name=\"twitter:data1\" content=\"22 minuts\" \/>\n<script type=\"application\/ld+json\" class=\"yoast-schema-graph\">{\"@context\":\"https:\/\/schema.org\",\"@graph\":[{\"@type\":\"WebPage\",\"@id\":\"https:\/\/www.neuromuscularbcn.org\/ca\/serveis\/laboratori-assistencial\/\",\"url\":\"https:\/\/www.neuromuscularbcn.org\/ca\/serveis\/laboratori-assistencial\/\",\"name\":\"Laboratori assistencial - Neuromuscular BCN\",\"isPartOf\":{\"@id\":\"https:\/\/www.neuromuscularbcn.org\/ca\/#website\"},\"datePublished\":\"2025-03-27T05:27:11+00:00\",\"dateModified\":\"2025-04-30T05:55:22+00:00\",\"breadcrumb\":{\"@id\":\"https:\/\/www.neuromuscularbcn.org\/ca\/serveis\/laboratori-assistencial\/#breadcrumb\"},\"inLanguage\":\"ca\",\"potentialAction\":[{\"@type\":\"ReadAction\",\"target\":[\"https:\/\/www.neuromuscularbcn.org\/ca\/serveis\/laboratori-assistencial\/\"]}]},{\"@type\":\"BreadcrumbList\",\"@id\":\"https:\/\/www.neuromuscularbcn.org\/ca\/serveis\/laboratori-assistencial\/#breadcrumb\",\"itemListElement\":[{\"@type\":\"ListItem\",\"position\":1,\"name\":\"Portada\",\"item\":\"https:\/\/www.neuromuscularbcn.org\/ca\/\"},{\"@type\":\"ListItem\",\"position\":2,\"name\":\"Laboratori assistencial\"}]},{\"@type\":\"WebSite\",\"@id\":\"https:\/\/www.neuromuscularbcn.org\/ca\/#website\",\"url\":\"https:\/\/www.neuromuscularbcn.org\/ca\/\",\"name\":\"Neuromuscular BCN\",\"description\":\"Neuromuscular BCN - Unidad Neuromuscular del hospital de Sant Pau\",\"publisher\":{\"@id\":\"https:\/\/www.neuromuscularbcn.org\/ca\/#organization\"},\"alternateName\":\"Neuromuscular BCN - Unidad Neuromuscular del hospital de Sant Pau\",\"potentialAction\":[{\"@type\":\"SearchAction\",\"target\":{\"@type\":\"EntryPoint\",\"urlTemplate\":\"https:\/\/www.neuromuscularbcn.org\/ca\/?s={search_term_string}\"},\"query-input\":{\"@type\":\"PropertyValueSpecification\",\"valueRequired\":true,\"valueName\":\"search_term_string\"}}],\"inLanguage\":\"ca\"},{\"@type\":\"Organization\",\"@id\":\"https:\/\/www.neuromuscularbcn.org\/ca\/#organization\",\"name\":\"Neuromuscular BCN - Sant Pau\",\"url\":\"https:\/\/www.neuromuscularbcn.org\/ca\/\",\"logo\":{\"@type\":\"ImageObject\",\"inLanguage\":\"ca\",\"@id\":\"https:\/\/www.neuromuscularbcn.org\/ca\/#\/schema\/logo\/image\/\",\"url\":\"https:\/\/www.neuromuscularbcn.org\/wp-content\/uploads\/2025\/06\/cropped-favicon_logotip.png\",\"contentUrl\":\"https:\/\/www.neuromuscularbcn.org\/wp-content\/uploads\/2025\/06\/cropped-favicon_logotip.png\",\"width\":512,\"height\":512,\"caption\":\"Neuromuscular BCN - Sant Pau\"},\"image\":{\"@id\":\"https:\/\/www.neuromuscularbcn.org\/ca\/#\/schema\/logo\/image\/\"},\"sameAs\":[\"https:\/\/x.com\/NMDSantPau\"]}]}<\/script>\n<!-- \/ Yoast SEO plugin. -->","yoast_head_json":{"title":"Laboratori assistencial - Neuromuscular BCN","robots":{"index":"index","follow":"follow","max-snippet":"max-snippet:-1","max-image-preview":"max-image-preview:large","max-video-preview":"max-video-preview:-1"},"canonical":"https:\/\/www.neuromuscularbcn.org\/ca\/serveis\/laboratori-assistencial\/","og_locale":"ca_ES","og_type":"article","og_title":"Laboratori assistencial - Neuromuscular BCN","og_url":"https:\/\/www.neuromuscularbcn.org\/ca\/serveis\/laboratori-assistencial\/","og_site_name":"Neuromuscular BCN","article_modified_time":"2025-04-30T05:55:22+00:00","twitter_card":"summary_large_image","twitter_site":"@NMDSantPau","twitter_misc":{"Temps estimat de lectura":"22 minuts"},"schema":{"@context":"https:\/\/schema.org","@graph":[{"@type":"WebPage","@id":"https:\/\/www.neuromuscularbcn.org\/ca\/serveis\/laboratori-assistencial\/","url":"https:\/\/www.neuromuscularbcn.org\/ca\/serveis\/laboratori-assistencial\/","name":"Laboratori assistencial - Neuromuscular BCN","isPartOf":{"@id":"https:\/\/www.neuromuscularbcn.org\/ca\/#website"},"datePublished":"2025-03-27T05:27:11+00:00","dateModified":"2025-04-30T05:55:22+00:00","breadcrumb":{"@id":"https:\/\/www.neuromuscularbcn.org\/ca\/serveis\/laboratori-assistencial\/#breadcrumb"},"inLanguage":"ca","potentialAction":[{"@type":"ReadAction","target":["https:\/\/www.neuromuscularbcn.org\/ca\/serveis\/laboratori-assistencial\/"]}]},{"@type":"BreadcrumbList","@id":"https:\/\/www.neuromuscularbcn.org\/ca\/serveis\/laboratori-assistencial\/#breadcrumb","itemListElement":[{"@type":"ListItem","position":1,"name":"Portada","item":"https:\/\/www.neuromuscularbcn.org\/ca\/"},{"@type":"ListItem","position":2,"name":"Laboratori assistencial"}]},{"@type":"WebSite","@id":"https:\/\/www.neuromuscularbcn.org\/ca\/#website","url":"https:\/\/www.neuromuscularbcn.org\/ca\/","name":"Neuromuscular BCN","description":"Neuromuscular BCN - Unidad Neuromuscular del hospital de Sant Pau","publisher":{"@id":"https:\/\/www.neuromuscularbcn.org\/ca\/#organization"},"alternateName":"Neuromuscular BCN - Unidad Neuromuscular del hospital de Sant Pau","potentialAction":[{"@type":"SearchAction","target":{"@type":"EntryPoint","urlTemplate":"https:\/\/www.neuromuscularbcn.org\/ca\/?s={search_term_string}"},"query-input":{"@type":"PropertyValueSpecification","valueRequired":true,"valueName":"search_term_string"}}],"inLanguage":"ca"},{"@type":"Organization","@id":"https:\/\/www.neuromuscularbcn.org\/ca\/#organization","name":"Neuromuscular BCN - Sant Pau","url":"https:\/\/www.neuromuscularbcn.org\/ca\/","logo":{"@type":"ImageObject","inLanguage":"ca","@id":"https:\/\/www.neuromuscularbcn.org\/ca\/#\/schema\/logo\/image\/","url":"https:\/\/www.neuromuscularbcn.org\/wp-content\/uploads\/2025\/06\/cropped-favicon_logotip.png","contentUrl":"https:\/\/www.neuromuscularbcn.org\/wp-content\/uploads\/2025\/06\/cropped-favicon_logotip.png","width":512,"height":512,"caption":"Neuromuscular BCN - Sant Pau"},"image":{"@id":"https:\/\/www.neuromuscularbcn.org\/ca\/#\/schema\/logo\/image\/"},"sameAs":["https:\/\/x.com\/NMDSantPau"]}]}},"_links":{"self":[{"href":"https:\/\/www.neuromuscularbcn.org\/ca\/wp-json\/wp\/v2\/pages\/419","targetHints":{"allow":["GET"]}}],"collection":[{"href":"https:\/\/www.neuromuscularbcn.org\/ca\/wp-json\/wp\/v2\/pages"}],"about":[{"href":"https:\/\/www.neuromuscularbcn.org\/ca\/wp-json\/wp\/v2\/types\/page"}],"author":[{"embeddable":true,"href":"https:\/\/www.neuromuscularbcn.org\/ca\/wp-json\/wp\/v2\/users\/1"}],"replies":[{"embeddable":true,"href":"https:\/\/www.neuromuscularbcn.org\/ca\/wp-json\/wp\/v2\/comments?post=419"}],"version-history":[{"count":8,"href":"https:\/\/www.neuromuscularbcn.org\/ca\/wp-json\/wp\/v2\/pages\/419\/revisions"}],"predecessor-version":[{"id":3201,"href":"https:\/\/www.neuromuscularbcn.org\/ca\/wp-json\/wp\/v2\/pages\/419\/revisions\/3201"}],"up":[{"embeddable":true,"href":"https:\/\/www.neuromuscularbcn.org\/ca\/wp-json\/wp\/v2\/pages\/415"}],"wp:attachment":[{"href":"https:\/\/www.neuromuscularbcn.org\/ca\/wp-json\/wp\/v2\/media?parent=419"}],"curies":[{"name":"wp","href":"https:\/\/api.w.org\/{rel}","templated":true}]}}