{"id":375,"date":"2025-03-27T06:24:19","date_gmt":"2025-03-27T05:24:19","guid":{"rendered":"https:\/\/www.neuromuscularbcn.org\/?page_id=375"},"modified":"2025-04-29T14:34:01","modified_gmt":"2025-04-29T12:34:01","slug":"ern","status":"publish","type":"page","link":"https:\/\/www.neuromuscularbcn.org\/ca\/centre-acreditat\/ern\/","title":{"rendered":"ERN"},"content":{"rendered":"<div class=\"fusion-fullwidth fullwidth-box fusion-builder-row-1 fusion-flex-container has-pattern-background has-mask-background nonhundred-percent-fullwidth non-hundred-percent-height-scrolling\" style=\"--awb-border-radius-top-left:0px;--awb-border-radius-top-right:0px;--awb-border-radius-bottom-right:0px;--awb-border-radius-bottom-left:0px;--awb-flex-wrap:wrap;\" ><div class=\"fusion-builder-row fusion-row fusion-flex-align-items-flex-start fusion-flex-content-wrap\" style=\"max-width:1422.72px;margin-left: calc(-4% \/ 2 );margin-right: calc(-4% \/ 2 );\"><div class=\"fusion-layout-column fusion_builder_column fusion-builder-column-0 fusion_builder_column_1_1 1_1 fusion-flex-column cnt_PagGen_Content_col\" style=\"--awb-bg-size:cover;--awb-width-large:100%;--awb-margin-top-large:0px;--awb-spacing-right-large:1.92%;--awb-margin-bottom-large:0px;--awb-spacing-left-large:1.92%;--awb-width-medium:100%;--awb-order-medium:0;--awb-spacing-right-medium:1.92%;--awb-spacing-left-medium:1.92%;--awb-width-small:100%;--awb-order-small:0;--awb-spacing-right-small:1.92%;--awb-spacing-left-small:1.92%;\" data-scroll-devices=\"small-visibility,medium-visibility,large-visibility\"><div class=\"fusion-column-wrapper fusion-column-has-shadow fusion-flex-justify-content-flex-start fusion-content-layout-column\"><div class=\"fusion-text fusion-text-1\"><p><img decoding=\"async\" class=\"wp-image-2818 aligncenter\" src=\"https:\/\/www.neuromuscularbcn.org\/wp-content\/uploads\/2025\/04\/ERN_logo_nmsp-400x376-1.png\" alt=\"\" width=\"289\" height=\"272\" srcset=\"https:\/\/www.neuromuscularbcn.org\/wp-content\/uploads\/2025\/04\/ERN_logo_nmsp-400x376-1-200x188.png 200w, https:\/\/www.neuromuscularbcn.org\/wp-content\/uploads\/2025\/04\/ERN_logo_nmsp-400x376-1-300x282.png 300w, https:\/\/www.neuromuscularbcn.org\/wp-content\/uploads\/2025\/04\/ERN_logo_nmsp-400x376-1.png 400w\" sizes=\"(max-width: 289px) 100vw, 289px\" \/><\/p>\n<p>La unitat de Malalties Neuromusculars (MNM) forma part de la xarxa europea d\u2019aquestes malalties des del seu llan\u00e7ament al mar\u00e7 del 2017. Aquesta xarxa, anomenada EURO-NMD, est\u00e0 formada per hospitals que representen 61 centres d\u2019excel\u00b7l\u00e8ncia de 14 estats membres de la Uni\u00f3 Europea. La creaci\u00f3 d\u2019aquestes xarxes respon a la directiva europea 2011\/24 \/ EU sobre el dret d\u2019assist\u00e8ncia sanit\u00e0ria transfronterera.<\/p>\n<p>Els objectius principals de la xarxa EURO-NMD s\u00f3n:<\/p>\n<ol>\n<li>Millorar la qualitat i equitat de l\u2019assist\u00e8ncia sanit\u00e0ria dels pacients amb malalties neuromusculars minorit\u00e0ries en tots els pa\u00efsos de la Uni\u00f3 Europea amb resultats apropiats per a cada \u00e0rea de malalties neuromusculars.<\/li>\n<li>Fer que el millor coneixement i experi\u00e8ncia en MNM estigui disponible per als professionals de la salut i pacients de tota Europa per assegurar que tan professionals com pacients estan ben informats i actualitzats sobre les millors opcions d\u2019intervenci\u00f3 i atenci\u00f3.<\/li>\n<li>Assolir un millor i m\u00e9s r\u00e0pid diagn\u00f2stic en els afectats per MNM utilitzant t\u00e8cniques d\u2019\u00faltima generaci\u00f3.<\/li>\n<li>Proporcionar un conjunt d\u2019eines de recursos combinats basats en l\u2019experi\u00e8ncia de tota Europa que donaran suport als serveis cl\u00ednics (diagn\u00f2stic i atenci\u00f3), investigaci\u00f3, formaci\u00f3 i educaci\u00f3 per als interessats.<\/li>\n<li>Proporcionar serveis altament especialitzats d\u2019alta qualitat per ajudar els cl\u00ednics amb un alt nombre de pacients amb MNM o amb falta de tecnologia o experi\u00e8ncia.<\/li>\n<\/ol>\n<p>La Unitat t\u00e9 representants en cadascun dels grups especialitzats en diferents malalties neuromusculars: malalties musculars, malalties de la uni\u00f3 neuromuscular, malalties de nervi perif\u00e8ric i malalties de neurona motora.<\/p>\n<p>La Unitat participa tamb\u00e9 en grups transversals especialitzats: proves d\u2019imatge neuromuscular, neuropatologia, gen\u00e8tica i en els comit\u00e8s dedicats a educaci\u00f3 i investigaci\u00f3.<\/p>\n<p><strong>M\u00e9s informaci\u00f3:<br \/>\n<\/strong><a href=\"http:\/\/ern-euro-nmd.eu\/ern\/\">http:\/\/ern-euro-nmd.eu\/ern\/<\/a><\/p>\n<\/div><\/div><\/div><\/div><\/div>\n","protected":false},"excerpt":{"rendered":"","protected":false},"author":1,"featured_media":0,"parent":371,"menu_order":0,"comment_status":"closed","ping_status":"closed","template":"100-width.php","meta":{"_acf_changed":false,"inline_featured_image":false,"footnotes":""},"class_list":["post-375","page","type-page","status-publish","hentry"],"acf":[],"yoast_head":"<!-- This site is optimized with the Yoast SEO plugin v27.2 - https:\/\/yoast.com\/product\/yoast-seo-wordpress\/ -->\n<title>ERN - Neuromuscular BCN<\/title>\n<meta name=\"robots\" content=\"index, follow, max-snippet:-1, max-image-preview:large, max-video-preview:-1\" \/>\n<link rel=\"canonical\" href=\"https:\/\/www.neuromuscularbcn.org\/ca\/centre-acreditat\/ern\/\" \/>\n<meta property=\"og:locale\" content=\"ca_ES\" \/>\n<meta property=\"og:type\" content=\"article\" \/>\n<meta property=\"og:title\" content=\"ERN - Neuromuscular BCN\" \/>\n<meta property=\"og:url\" content=\"https:\/\/www.neuromuscularbcn.org\/ca\/centre-acreditat\/ern\/\" \/>\n<meta property=\"og:site_name\" content=\"Neuromuscular BCN\" \/>\n<meta property=\"article:modified_time\" content=\"2025-04-29T12:34:01+00:00\" \/>\n<meta property=\"og:image\" content=\"https:\/\/www.neuromuscularbcn.org\/wp-content\/uploads\/2025\/04\/ERN_logo_nmsp-400x376-1.png\" \/>\n<meta name=\"twitter:card\" content=\"summary_large_image\" \/>\n<meta name=\"twitter:site\" content=\"@NMDSantPau\" \/>\n<meta name=\"twitter:label1\" content=\"Temps estimat de lectura\" \/>\n\t<meta name=\"twitter:data1\" content=\"7 minuts\" \/>\n<script type=\"application\/ld+json\" class=\"yoast-schema-graph\">{\"@context\":\"https:\/\/schema.org\",\"@graph\":[{\"@type\":\"WebPage\",\"@id\":\"https:\/\/www.neuromuscularbcn.org\/ca\/centre-acreditat\/ern\/\",\"url\":\"https:\/\/www.neuromuscularbcn.org\/ca\/centre-acreditat\/ern\/\",\"name\":\"ERN - Neuromuscular BCN\",\"isPartOf\":{\"@id\":\"https:\/\/www.neuromuscularbcn.org\/ca\/#website\"},\"primaryImageOfPage\":{\"@id\":\"https:\/\/www.neuromuscularbcn.org\/ca\/centre-acreditat\/ern\/#primaryimage\"},\"image\":{\"@id\":\"https:\/\/www.neuromuscularbcn.org\/ca\/centre-acreditat\/ern\/#primaryimage\"},\"thumbnailUrl\":\"https:\/\/www.neuromuscularbcn.org\/wp-content\/uploads\/2025\/04\/ERN_logo_nmsp-400x376-1.png\",\"datePublished\":\"2025-03-27T05:24:19+00:00\",\"dateModified\":\"2025-04-29T12:34:01+00:00\",\"breadcrumb\":{\"@id\":\"https:\/\/www.neuromuscularbcn.org\/ca\/centre-acreditat\/ern\/#breadcrumb\"},\"inLanguage\":\"ca\",\"potentialAction\":[{\"@type\":\"ReadAction\",\"target\":[\"https:\/\/www.neuromuscularbcn.org\/ca\/centre-acreditat\/ern\/\"]}]},{\"@type\":\"ImageObject\",\"inLanguage\":\"ca\",\"@id\":\"https:\/\/www.neuromuscularbcn.org\/ca\/centre-acreditat\/ern\/#primaryimage\",\"url\":\"https:\/\/www.neuromuscularbcn.org\/wp-content\/uploads\/2025\/04\/ERN_logo_nmsp-400x376-1.png\",\"contentUrl\":\"https:\/\/www.neuromuscularbcn.org\/wp-content\/uploads\/2025\/04\/ERN_logo_nmsp-400x376-1.png\"},{\"@type\":\"BreadcrumbList\",\"@id\":\"https:\/\/www.neuromuscularbcn.org\/ca\/centre-acreditat\/ern\/#breadcrumb\",\"itemListElement\":[{\"@type\":\"ListItem\",\"position\":1,\"name\":\"Portada\",\"item\":\"https:\/\/www.neuromuscularbcn.org\/ca\/\"},{\"@type\":\"ListItem\",\"position\":2,\"name\":\"ERN\"}]},{\"@type\":\"WebSite\",\"@id\":\"https:\/\/www.neuromuscularbcn.org\/ca\/#website\",\"url\":\"https:\/\/www.neuromuscularbcn.org\/ca\/\",\"name\":\"Neuromuscular BCN\",\"description\":\"Neuromuscular BCN - Unidad Neuromuscular del hospital de Sant Pau\",\"publisher\":{\"@id\":\"https:\/\/www.neuromuscularbcn.org\/ca\/#organization\"},\"alternateName\":\"Neuromuscular BCN - Unidad Neuromuscular del hospital de Sant Pau\",\"potentialAction\":[{\"@type\":\"SearchAction\",\"target\":{\"@type\":\"EntryPoint\",\"urlTemplate\":\"https:\/\/www.neuromuscularbcn.org\/ca\/?s={search_term_string}\"},\"query-input\":{\"@type\":\"PropertyValueSpecification\",\"valueRequired\":true,\"valueName\":\"search_term_string\"}}],\"inLanguage\":\"ca\"},{\"@type\":\"Organization\",\"@id\":\"https:\/\/www.neuromuscularbcn.org\/ca\/#organization\",\"name\":\"Neuromuscular BCN - Sant Pau\",\"url\":\"https:\/\/www.neuromuscularbcn.org\/ca\/\",\"logo\":{\"@type\":\"ImageObject\",\"inLanguage\":\"ca\",\"@id\":\"https:\/\/www.neuromuscularbcn.org\/ca\/#\/schema\/logo\/image\/\",\"url\":\"https:\/\/www.neuromuscularbcn.org\/wp-content\/uploads\/2025\/06\/cropped-favicon_logotip.png\",\"contentUrl\":\"https:\/\/www.neuromuscularbcn.org\/wp-content\/uploads\/2025\/06\/cropped-favicon_logotip.png\",\"width\":512,\"height\":512,\"caption\":\"Neuromuscular BCN - Sant Pau\"},\"image\":{\"@id\":\"https:\/\/www.neuromuscularbcn.org\/ca\/#\/schema\/logo\/image\/\"},\"sameAs\":[\"https:\/\/x.com\/NMDSantPau\"]}]}<\/script>\n<!-- \/ Yoast SEO plugin. -->","yoast_head_json":{"title":"ERN - Neuromuscular BCN","robots":{"index":"index","follow":"follow","max-snippet":"max-snippet:-1","max-image-preview":"max-image-preview:large","max-video-preview":"max-video-preview:-1"},"canonical":"https:\/\/www.neuromuscularbcn.org\/ca\/centre-acreditat\/ern\/","og_locale":"ca_ES","og_type":"article","og_title":"ERN - Neuromuscular BCN","og_url":"https:\/\/www.neuromuscularbcn.org\/ca\/centre-acreditat\/ern\/","og_site_name":"Neuromuscular BCN","article_modified_time":"2025-04-29T12:34:01+00:00","og_image":[{"url":"https:\/\/www.neuromuscularbcn.org\/wp-content\/uploads\/2025\/04\/ERN_logo_nmsp-400x376-1.png","type":"","width":"","height":""}],"twitter_card":"summary_large_image","twitter_site":"@NMDSantPau","twitter_misc":{"Temps estimat de lectura":"7 minuts"},"schema":{"@context":"https:\/\/schema.org","@graph":[{"@type":"WebPage","@id":"https:\/\/www.neuromuscularbcn.org\/ca\/centre-acreditat\/ern\/","url":"https:\/\/www.neuromuscularbcn.org\/ca\/centre-acreditat\/ern\/","name":"ERN - Neuromuscular BCN","isPartOf":{"@id":"https:\/\/www.neuromuscularbcn.org\/ca\/#website"},"primaryImageOfPage":{"@id":"https:\/\/www.neuromuscularbcn.org\/ca\/centre-acreditat\/ern\/#primaryimage"},"image":{"@id":"https:\/\/www.neuromuscularbcn.org\/ca\/centre-acreditat\/ern\/#primaryimage"},"thumbnailUrl":"https:\/\/www.neuromuscularbcn.org\/wp-content\/uploads\/2025\/04\/ERN_logo_nmsp-400x376-1.png","datePublished":"2025-03-27T05:24:19+00:00","dateModified":"2025-04-29T12:34:01+00:00","breadcrumb":{"@id":"https:\/\/www.neuromuscularbcn.org\/ca\/centre-acreditat\/ern\/#breadcrumb"},"inLanguage":"ca","potentialAction":[{"@type":"ReadAction","target":["https:\/\/www.neuromuscularbcn.org\/ca\/centre-acreditat\/ern\/"]}]},{"@type":"ImageObject","inLanguage":"ca","@id":"https:\/\/www.neuromuscularbcn.org\/ca\/centre-acreditat\/ern\/#primaryimage","url":"https:\/\/www.neuromuscularbcn.org\/wp-content\/uploads\/2025\/04\/ERN_logo_nmsp-400x376-1.png","contentUrl":"https:\/\/www.neuromuscularbcn.org\/wp-content\/uploads\/2025\/04\/ERN_logo_nmsp-400x376-1.png"},{"@type":"BreadcrumbList","@id":"https:\/\/www.neuromuscularbcn.org\/ca\/centre-acreditat\/ern\/#breadcrumb","itemListElement":[{"@type":"ListItem","position":1,"name":"Portada","item":"https:\/\/www.neuromuscularbcn.org\/ca\/"},{"@type":"ListItem","position":2,"name":"ERN"}]},{"@type":"WebSite","@id":"https:\/\/www.neuromuscularbcn.org\/ca\/#website","url":"https:\/\/www.neuromuscularbcn.org\/ca\/","name":"Neuromuscular BCN","description":"Neuromuscular BCN - Unidad Neuromuscular del hospital de Sant Pau","publisher":{"@id":"https:\/\/www.neuromuscularbcn.org\/ca\/#organization"},"alternateName":"Neuromuscular BCN - Unidad Neuromuscular del hospital de Sant Pau","potentialAction":[{"@type":"SearchAction","target":{"@type":"EntryPoint","urlTemplate":"https:\/\/www.neuromuscularbcn.org\/ca\/?s={search_term_string}"},"query-input":{"@type":"PropertyValueSpecification","valueRequired":true,"valueName":"search_term_string"}}],"inLanguage":"ca"},{"@type":"Organization","@id":"https:\/\/www.neuromuscularbcn.org\/ca\/#organization","name":"Neuromuscular BCN - Sant Pau","url":"https:\/\/www.neuromuscularbcn.org\/ca\/","logo":{"@type":"ImageObject","inLanguage":"ca","@id":"https:\/\/www.neuromuscularbcn.org\/ca\/#\/schema\/logo\/image\/","url":"https:\/\/www.neuromuscularbcn.org\/wp-content\/uploads\/2025\/06\/cropped-favicon_logotip.png","contentUrl":"https:\/\/www.neuromuscularbcn.org\/wp-content\/uploads\/2025\/06\/cropped-favicon_logotip.png","width":512,"height":512,"caption":"Neuromuscular BCN - Sant Pau"},"image":{"@id":"https:\/\/www.neuromuscularbcn.org\/ca\/#\/schema\/logo\/image\/"},"sameAs":["https:\/\/x.com\/NMDSantPau"]}]}},"_links":{"self":[{"href":"https:\/\/www.neuromuscularbcn.org\/ca\/wp-json\/wp\/v2\/pages\/375","targetHints":{"allow":["GET"]}}],"collection":[{"href":"https:\/\/www.neuromuscularbcn.org\/ca\/wp-json\/wp\/v2\/pages"}],"about":[{"href":"https:\/\/www.neuromuscularbcn.org\/ca\/wp-json\/wp\/v2\/types\/page"}],"author":[{"embeddable":true,"href":"https:\/\/www.neuromuscularbcn.org\/ca\/wp-json\/wp\/v2\/users\/1"}],"replies":[{"embeddable":true,"href":"https:\/\/www.neuromuscularbcn.org\/ca\/wp-json\/wp\/v2\/comments?post=375"}],"version-history":[{"count":3,"href":"https:\/\/www.neuromuscularbcn.org\/ca\/wp-json\/wp\/v2\/pages\/375\/revisions"}],"predecessor-version":[{"id":3121,"href":"https:\/\/www.neuromuscularbcn.org\/ca\/wp-json\/wp\/v2\/pages\/375\/revisions\/3121"}],"up":[{"embeddable":true,"href":"https:\/\/www.neuromuscularbcn.org\/ca\/wp-json\/wp\/v2\/pages\/371"}],"wp:attachment":[{"href":"https:\/\/www.neuromuscularbcn.org\/ca\/wp-json\/wp\/v2\/media?parent=375"}],"curies":[{"name":"wp","href":"https:\/\/api.w.org\/{rel}","templated":true}]}}