{"id":358,"date":"2025-03-27T06:23:22","date_gmt":"2025-03-27T05:23:22","guid":{"rendered":"https:\/\/www.neuromuscularbcn.org\/?page_id=358"},"modified":"2025-04-29T13:50:16","modified_gmt":"2025-04-29T11:50:16","slug":"neuropaties-inflamatories","status":"publish","type":"page","link":"https:\/\/www.neuromuscularbcn.org\/ca\/pacients\/neuropaties-inflamatories\/","title":{"rendered":"Neuropaties inflamat\u00f2ries"},"content":{"rendered":"<div class=\"fusion-fullwidth fullwidth-box fusion-builder-row-1 fusion-flex-container has-pattern-background has-mask-background nonhundred-percent-fullwidth non-hundred-percent-height-scrolling\" style=\"--awb-border-radius-top-left:0px;--awb-border-radius-top-right:0px;--awb-border-radius-bottom-right:0px;--awb-border-radius-bottom-left:0px;--awb-flex-wrap:wrap;\" ><div class=\"fusion-builder-row fusion-row fusion-flex-align-items-flex-start fusion-flex-content-wrap\" style=\"max-width:1422.72px;margin-left: calc(-4% \/ 2 );margin-right: calc(-4% \/ 2 );\"><div class=\"fusion-layout-column fusion_builder_column fusion-builder-column-0 fusion_builder_column_1_1 1_1 fusion-flex-column cnt_PagGen_Content_col\" style=\"--awb-bg-size:cover;--awb-width-large:100%;--awb-margin-top-large:0px;--awb-spacing-right-large:1.92%;--awb-margin-bottom-large:0px;--awb-spacing-left-large:1.92%;--awb-width-medium:100%;--awb-order-medium:0;--awb-spacing-right-medium:1.92%;--awb-spacing-left-medium:1.92%;--awb-width-small:100%;--awb-order-small:0;--awb-spacing-right-small:1.92%;--awb-spacing-left-small:1.92%;\" data-scroll-devices=\"small-visibility,medium-visibility,large-visibility\"><div class=\"fusion-column-wrapper fusion-column-has-shadow fusion-flex-justify-content-flex-start fusion-content-layout-column\"><div class=\"fusion-tabs fusion-tabs-1 classic nav-is-justified cnt_pestanas horizontal-tabs icon-position-left mobile-mode-carousel mobile-sticky-tabs\" style=\"--awb-title-border-radius-top-left:0px;--awb-title-border-radius-top-right:0px;--awb-title-border-radius-bottom-right:0px;--awb-title-border-radius-bottom-left:0px;--awb-alignment:start;--awb-inactive-color:#ffffff;--awb-background-color:var(--awb-color1);--awb-border-color:#ffffff;--awb-active-border-color:var(--awb-color5);\"><div class=\"nav\"><ul class=\"nav-tabs nav-justified\" role=\"tablist\"><li class=\"active\" role=\"presentation\"><a class=\"tab-link\" data-toggle=\"tab\" role=\"tab\" aria-controls=\"tab-ceca65bdd1d23e039dc\" aria-selected=\"true\" id=\"fusion-tab-informaci\u00d3general\" href=\"#tab-ceca65bdd1d23e039dc\"><h4 class=\"fusion-tab-heading\">INFORMACI\u00d3 GENERAL<\/h4><\/a><\/li><li role=\"presentation\"><a class=\"tab-link\" data-toggle=\"tab\" role=\"tab\" aria-controls=\"tab-f4e0ac7b11c58c78c4f\" aria-selected=\"false\" tabindex=\"-1\" id=\"fusion-tab-tractament\" href=\"#tab-f4e0ac7b11c58c78c4f\"><h4 class=\"fusion-tab-heading\">TRACTAMENT<\/h4><\/a><\/li><li role=\"presentation\"><a class=\"tab-link\" data-toggle=\"tab\" role=\"tab\" aria-controls=\"tab-4df9e10061459dfe817\" aria-selected=\"false\" tabindex=\"-1\" id=\"fusion-tab-informaci\u00d3addicional\" href=\"#tab-4df9e10061459dfe817\"><h4 class=\"fusion-tab-heading\">INFORMACI\u00d3 ADDICIONAL<\/h4><\/a><\/li><\/ul><\/div><div class=\"tab-content\"><div class=\"tab-pane fade fusion-clearfix in active\" role=\"tabpanel\" tabindex=\"0\" aria-labelledby=\"fusion-tab-informaci\u00d3general\" id=\"tab-ceca65bdd1d23e039dc\">\n<h6 id=\"tit_anclaje0\" class=\"anclaje_btn_cab\">INFORMACI\u00d3 GENERAL<\/h6>\n<p>Les neuropaties inflamat\u00f2ries s\u00f3n un grup variat de malalties del sistema perif\u00e8ric que es caracteritzen per estar causades per l\u2019atac del sistema immune del propi pacient als seus nervis perif\u00e8rics. Totes les malalties d\u2019aquest grup es caracteritzen per respondre, en major o menor mesura, a tractaments immunosupressors o immunomoduladors.<\/p>\n<p>Formen part del grup de les neuropaties inflamat\u00f2ries, malalties tant agudes com cr\u00f2niques i amb diferents nivells de gravetat, entre les que s\u2019inclouen:<\/p>\n<ul>\n<li><strong>Agudes<\/strong>\n<ul>\n<li>S\u00edndrome de Guillain-Barr\u00e9<\/li>\n<\/ul>\n<\/li>\n<li><strong>Cr\u00f2niques<\/strong>:\n<ul>\n<li>Poliradiculopatia inflamat\u00f2ria desmielinitzant cr\u00f2nica (CIDP en les seves sigles en angl\u00e8s).<\/li>\n<li>Neuropatia Motora Multifocal.<\/li>\n<li>Polineuropatia associada a gammapatia monoclonal, amb o sense anticossos anti-MAG.<\/li>\n<li>Neuropatia vascul\u00edtica.<\/li>\n<\/ul>\n<\/li>\n<\/ul>\n<p>Totes elles s\u00f3n malalties relativament minorit\u00e0ries que, en moltes vegades, determinen una discapacitat significativa, especialment si no es reconeixen i tracten a temps. Per una altre banda, la seva similitud cl\u00ednica amb altres malalties d\u2019altres tipus i l\u2019abs\u00e8ncia de tests espec\u00edfics que serveixin pel seu diagn\u00f2stic definitiu fa que siguin dif\u00edcils de diagnosticar. Per aquesta ra\u00f3 \u00e9s important l\u2019avaluaci\u00f3 especialitzada.<\/p>\n<p>A la nostre Unitat ens dediquem a l\u2019estudi de la immunologia d\u2019aquetes malalties, especialment en trobar marcadors espec\u00edfics per diagnosticar aquestes malalties, el que, al final, suposar\u00e0 un millor maneig i millors resultats pels pacients.<\/p>\n<p><em><strong>M\u00e9s informaci\u00f3<\/strong><\/em>:<br \/>\n<a href=\"http:\/\/www.gbs-cidp.org\/\" target=\"_blank\" rel=\"noopener\">www.gbs-cidp.org<\/a><\/p>\n<\/div><div class=\"tab-pane fade fusion-clearfix\" role=\"tabpanel\" tabindex=\"0\" aria-labelledby=\"fusion-tab-tractament\" id=\"tab-f4e0ac7b11c58c78c4f\">\n<h6 id=\"tit_anclaje1\" class=\"anclaje_btn_cab\">TRACTAMENT<\/h6>\n<p>El tractament de les neuropaties inflamat\u00f2ries tendeix dues vessants. Aquell adre\u00e7at a aturar la malaltia pr\u00f2piament i els tractaments adre\u00e7ats a millorar els s\u00edmptomes derivats de la neuropatia.<\/p>\n<p>Entre els tractaments orientats a frenar la malaltia utilitzem tractaments que intenten atenuar les respostes inflamatoris, tamb\u00e9 anomenats tractaments immunomoduladors o immunosupressors. Entre ells hi ha les immunoglobulines endovenoses, els corticoides i la plasmaf\u00e8resi. Altres immunsoupressors com el rituximab, la ciclofosfamida o el metotrexat tamb\u00e9 es poden utilitzar en situacions especials.<\/p>\n<p>Entre els tractaments simptom\u00e0tics s&#8217;utilitzen sobretot tractaments encaminats a millorar les mol\u00e8sties neurop\u00e0tiques (rampes, dolor, formiguejos\u2026). S\u00f3n tractaments variats i que inclouen mesures farmacol\u00f2giques (antidepressius, analg\u00e8sics, antiepi\u00e8ptics) i f\u00edsiques (rehabilitaci\u00f3).<\/p>\n<\/div><div class=\"tab-pane fade fusion-clearfix\" role=\"tabpanel\" tabindex=\"0\" aria-labelledby=\"fusion-tab-informaci\u00d3addicional\" id=\"tab-4df9e10061459dfe817\">\n<h6 id=\"tit_anclaje2\" class=\"anclaje_btn_cab\">INFORMACI\u00d3 ADDICIONAL<\/h6>\n<p>En las neuropat\u00edas inflamatorias existe una \u00fanica asociaci\u00f3n espec\u00edfica dedicada, la GBS-CIDP Foundation International.<br \/>\nEn su web (<a href=\"http:\/\/www.gbs-cidp.org\/\" target=\"_blank\" rel=\"noopener\">www.gbs-cidp.org<\/a>) pueden encontrarse m\u00faltiples recursos (videos, publicaciones, etc) de inter\u00e9s para pacientes. Aunque mayoritariamente est\u00e1n en ingl\u00e9s, existen materiales informativos en castellano.<\/p>\n<p>Nuestra Unidad es uno de los 29 Centros de Excelencia acreditados por la GBS-CIDP Foundation International para el manejo de pacientes con neuropat\u00edas inflamatorias.<\/p>\n<\/div><\/div><\/div><\/div><\/div><\/div><\/div>\n","protected":false},"excerpt":{"rendered":"","protected":false},"author":1,"featured_media":0,"parent":332,"menu_order":2,"comment_status":"closed","ping_status":"closed","template":"100-width.php","meta":{"_acf_changed":false,"inline_featured_image":false,"footnotes":""},"class_list":["post-358","page","type-page","status-publish","hentry"],"acf":[],"yoast_head":"<!-- This site is optimized with the Yoast SEO plugin v27.2 - https:\/\/yoast.com\/product\/yoast-seo-wordpress\/ -->\n<title>Neuropaties inflamat\u00f2ries - Neuromuscular BCN<\/title>\n<meta name=\"robots\" content=\"index, follow, max-snippet:-1, max-image-preview:large, max-video-preview:-1\" \/>\n<link rel=\"canonical\" href=\"https:\/\/www.neuromuscularbcn.org\/ca\/pacients\/neuropaties-inflamatories\/\" \/>\n<meta property=\"og:locale\" content=\"ca_ES\" \/>\n<meta property=\"og:type\" content=\"article\" \/>\n<meta property=\"og:title\" content=\"Neuropaties inflamat\u00f2ries - Neuromuscular BCN\" \/>\n<meta property=\"og:url\" content=\"https:\/\/www.neuromuscularbcn.org\/ca\/pacients\/neuropaties-inflamatories\/\" \/>\n<meta property=\"og:site_name\" content=\"Neuromuscular BCN\" \/>\n<meta property=\"article:modified_time\" content=\"2025-04-29T11:50:16+00:00\" \/>\n<meta name=\"twitter:card\" content=\"summary_large_image\" \/>\n<meta name=\"twitter:site\" content=\"@NMDSantPau\" \/>\n<meta name=\"twitter:label1\" content=\"Temps estimat de lectura\" \/>\n\t<meta name=\"twitter:data1\" content=\"9 minuts\" \/>\n<script type=\"application\/ld+json\" class=\"yoast-schema-graph\">{\"@context\":\"https:\/\/schema.org\",\"@graph\":[{\"@type\":\"WebPage\",\"@id\":\"https:\/\/www.neuromuscularbcn.org\/ca\/pacients\/neuropaties-inflamatories\/\",\"url\":\"https:\/\/www.neuromuscularbcn.org\/ca\/pacients\/neuropaties-inflamatories\/\",\"name\":\"Neuropaties inflamat\u00f2ries - Neuromuscular BCN\",\"isPartOf\":{\"@id\":\"https:\/\/www.neuromuscularbcn.org\/ca\/#website\"},\"datePublished\":\"2025-03-27T05:23:22+00:00\",\"dateModified\":\"2025-04-29T11:50:16+00:00\",\"breadcrumb\":{\"@id\":\"https:\/\/www.neuromuscularbcn.org\/ca\/pacients\/neuropaties-inflamatories\/#breadcrumb\"},\"inLanguage\":\"ca\",\"potentialAction\":[{\"@type\":\"ReadAction\",\"target\":[\"https:\/\/www.neuromuscularbcn.org\/ca\/pacients\/neuropaties-inflamatories\/\"]}]},{\"@type\":\"BreadcrumbList\",\"@id\":\"https:\/\/www.neuromuscularbcn.org\/ca\/pacients\/neuropaties-inflamatories\/#breadcrumb\",\"itemListElement\":[{\"@type\":\"ListItem\",\"position\":1,\"name\":\"Portada\",\"item\":\"https:\/\/www.neuromuscularbcn.org\/ca\/\"},{\"@type\":\"ListItem\",\"position\":2,\"name\":\"Neuropaties inflamat\u00f2ries\"}]},{\"@type\":\"WebSite\",\"@id\":\"https:\/\/www.neuromuscularbcn.org\/ca\/#website\",\"url\":\"https:\/\/www.neuromuscularbcn.org\/ca\/\",\"name\":\"Neuromuscular BCN\",\"description\":\"Neuromuscular BCN - Unidad Neuromuscular del hospital de Sant Pau\",\"publisher\":{\"@id\":\"https:\/\/www.neuromuscularbcn.org\/ca\/#organization\"},\"alternateName\":\"Neuromuscular BCN - Unidad Neuromuscular del hospital de Sant Pau\",\"potentialAction\":[{\"@type\":\"SearchAction\",\"target\":{\"@type\":\"EntryPoint\",\"urlTemplate\":\"https:\/\/www.neuromuscularbcn.org\/ca\/?s={search_term_string}\"},\"query-input\":{\"@type\":\"PropertyValueSpecification\",\"valueRequired\":true,\"valueName\":\"search_term_string\"}}],\"inLanguage\":\"ca\"},{\"@type\":\"Organization\",\"@id\":\"https:\/\/www.neuromuscularbcn.org\/ca\/#organization\",\"name\":\"Neuromuscular BCN - Sant Pau\",\"url\":\"https:\/\/www.neuromuscularbcn.org\/ca\/\",\"logo\":{\"@type\":\"ImageObject\",\"inLanguage\":\"ca\",\"@id\":\"https:\/\/www.neuromuscularbcn.org\/ca\/#\/schema\/logo\/image\/\",\"url\":\"https:\/\/www.neuromuscularbcn.org\/wp-content\/uploads\/2025\/06\/cropped-favicon_logotip.png\",\"contentUrl\":\"https:\/\/www.neuromuscularbcn.org\/wp-content\/uploads\/2025\/06\/cropped-favicon_logotip.png\",\"width\":512,\"height\":512,\"caption\":\"Neuromuscular BCN - Sant Pau\"},\"image\":{\"@id\":\"https:\/\/www.neuromuscularbcn.org\/ca\/#\/schema\/logo\/image\/\"},\"sameAs\":[\"https:\/\/x.com\/NMDSantPau\"]}]}<\/script>\n<!-- \/ Yoast SEO plugin. -->","yoast_head_json":{"title":"Neuropaties inflamat\u00f2ries - Neuromuscular BCN","robots":{"index":"index","follow":"follow","max-snippet":"max-snippet:-1","max-image-preview":"max-image-preview:large","max-video-preview":"max-video-preview:-1"},"canonical":"https:\/\/www.neuromuscularbcn.org\/ca\/pacients\/neuropaties-inflamatories\/","og_locale":"ca_ES","og_type":"article","og_title":"Neuropaties inflamat\u00f2ries - Neuromuscular BCN","og_url":"https:\/\/www.neuromuscularbcn.org\/ca\/pacients\/neuropaties-inflamatories\/","og_site_name":"Neuromuscular BCN","article_modified_time":"2025-04-29T11:50:16+00:00","twitter_card":"summary_large_image","twitter_site":"@NMDSantPau","twitter_misc":{"Temps estimat de lectura":"9 minuts"},"schema":{"@context":"https:\/\/schema.org","@graph":[{"@type":"WebPage","@id":"https:\/\/www.neuromuscularbcn.org\/ca\/pacients\/neuropaties-inflamatories\/","url":"https:\/\/www.neuromuscularbcn.org\/ca\/pacients\/neuropaties-inflamatories\/","name":"Neuropaties inflamat\u00f2ries - Neuromuscular BCN","isPartOf":{"@id":"https:\/\/www.neuromuscularbcn.org\/ca\/#website"},"datePublished":"2025-03-27T05:23:22+00:00","dateModified":"2025-04-29T11:50:16+00:00","breadcrumb":{"@id":"https:\/\/www.neuromuscularbcn.org\/ca\/pacients\/neuropaties-inflamatories\/#breadcrumb"},"inLanguage":"ca","potentialAction":[{"@type":"ReadAction","target":["https:\/\/www.neuromuscularbcn.org\/ca\/pacients\/neuropaties-inflamatories\/"]}]},{"@type":"BreadcrumbList","@id":"https:\/\/www.neuromuscularbcn.org\/ca\/pacients\/neuropaties-inflamatories\/#breadcrumb","itemListElement":[{"@type":"ListItem","position":1,"name":"Portada","item":"https:\/\/www.neuromuscularbcn.org\/ca\/"},{"@type":"ListItem","position":2,"name":"Neuropaties inflamat\u00f2ries"}]},{"@type":"WebSite","@id":"https:\/\/www.neuromuscularbcn.org\/ca\/#website","url":"https:\/\/www.neuromuscularbcn.org\/ca\/","name":"Neuromuscular BCN","description":"Neuromuscular BCN - Unidad Neuromuscular del hospital de Sant Pau","publisher":{"@id":"https:\/\/www.neuromuscularbcn.org\/ca\/#organization"},"alternateName":"Neuromuscular BCN - Unidad Neuromuscular del hospital de Sant Pau","potentialAction":[{"@type":"SearchAction","target":{"@type":"EntryPoint","urlTemplate":"https:\/\/www.neuromuscularbcn.org\/ca\/?s={search_term_string}"},"query-input":{"@type":"PropertyValueSpecification","valueRequired":true,"valueName":"search_term_string"}}],"inLanguage":"ca"},{"@type":"Organization","@id":"https:\/\/www.neuromuscularbcn.org\/ca\/#organization","name":"Neuromuscular BCN - Sant Pau","url":"https:\/\/www.neuromuscularbcn.org\/ca\/","logo":{"@type":"ImageObject","inLanguage":"ca","@id":"https:\/\/www.neuromuscularbcn.org\/ca\/#\/schema\/logo\/image\/","url":"https:\/\/www.neuromuscularbcn.org\/wp-content\/uploads\/2025\/06\/cropped-favicon_logotip.png","contentUrl":"https:\/\/www.neuromuscularbcn.org\/wp-content\/uploads\/2025\/06\/cropped-favicon_logotip.png","width":512,"height":512,"caption":"Neuromuscular BCN - Sant Pau"},"image":{"@id":"https:\/\/www.neuromuscularbcn.org\/ca\/#\/schema\/logo\/image\/"},"sameAs":["https:\/\/x.com\/NMDSantPau"]}]}},"_links":{"self":[{"href":"https:\/\/www.neuromuscularbcn.org\/ca\/wp-json\/wp\/v2\/pages\/358","targetHints":{"allow":["GET"]}}],"collection":[{"href":"https:\/\/www.neuromuscularbcn.org\/ca\/wp-json\/wp\/v2\/pages"}],"about":[{"href":"https:\/\/www.neuromuscularbcn.org\/ca\/wp-json\/wp\/v2\/types\/page"}],"author":[{"embeddable":true,"href":"https:\/\/www.neuromuscularbcn.org\/ca\/wp-json\/wp\/v2\/users\/1"}],"replies":[{"embeddable":true,"href":"https:\/\/www.neuromuscularbcn.org\/ca\/wp-json\/wp\/v2\/comments?post=358"}],"version-history":[{"count":4,"href":"https:\/\/www.neuromuscularbcn.org\/ca\/wp-json\/wp\/v2\/pages\/358\/revisions"}],"predecessor-version":[{"id":3113,"href":"https:\/\/www.neuromuscularbcn.org\/ca\/wp-json\/wp\/v2\/pages\/358\/revisions\/3113"}],"up":[{"embeddable":true,"href":"https:\/\/www.neuromuscularbcn.org\/ca\/wp-json\/wp\/v2\/pages\/332"}],"wp:attachment":[{"href":"https:\/\/www.neuromuscularbcn.org\/ca\/wp-json\/wp\/v2\/media?parent=358"}],"curies":[{"name":"wp","href":"https:\/\/api.w.org\/{rel}","templated":true}]}}