{"id":350,"date":"2025-03-27T06:23:04","date_gmt":"2025-03-27T05:23:04","guid":{"rendered":"https:\/\/www.neuromuscularbcn.org\/?page_id=350"},"modified":"2025-04-29T13:47:38","modified_gmt":"2025-04-29T11:47:38","slug":"miopaties-i-distrofies-musculars","status":"publish","type":"page","link":"https:\/\/www.neuromuscularbcn.org\/ca\/pacients\/miopaties-i-distrofies-musculars\/","title":{"rendered":"Miopaties i Distr\u00f2fies Musculars"},"content":{"rendered":"<div class=\"fusion-fullwidth fullwidth-box fusion-builder-row-1 fusion-flex-container has-pattern-background has-mask-background nonhundred-percent-fullwidth non-hundred-percent-height-scrolling\" style=\"--awb-border-radius-top-left:0px;--awb-border-radius-top-right:0px;--awb-border-radius-bottom-right:0px;--awb-border-radius-bottom-left:0px;--awb-flex-wrap:wrap;\" ><div class=\"fusion-builder-row fusion-row fusion-flex-align-items-flex-start fusion-flex-content-wrap\" style=\"max-width:1422.72px;margin-left: calc(-4% \/ 2 );margin-right: calc(-4% \/ 2 );\"><div class=\"fusion-layout-column fusion_builder_column fusion-builder-column-0 fusion_builder_column_1_1 1_1 fusion-flex-column cnt_PagGen_Content_col\" style=\"--awb-bg-size:cover;--awb-width-large:100%;--awb-margin-top-large:0px;--awb-spacing-right-large:1.92%;--awb-margin-bottom-large:0px;--awb-spacing-left-large:1.92%;--awb-width-medium:100%;--awb-order-medium:0;--awb-spacing-right-medium:1.92%;--awb-spacing-left-medium:1.92%;--awb-width-small:100%;--awb-order-small:0;--awb-spacing-right-small:1.92%;--awb-spacing-left-small:1.92%;\" data-scroll-devices=\"small-visibility,medium-visibility,large-visibility\"><div class=\"fusion-column-wrapper fusion-column-has-shadow fusion-flex-justify-content-flex-start fusion-content-layout-column\"><div class=\"fusion-tabs fusion-tabs-1 classic nav-is-justified cnt_pestanas horizontal-tabs icon-position-left mobile-mode-carousel mobile-sticky-tabs\" style=\"--awb-title-border-radius-top-left:0px;--awb-title-border-radius-top-right:0px;--awb-title-border-radius-bottom-right:0px;--awb-title-border-radius-bottom-left:0px;--awb-alignment:start;--awb-inactive-color:#ffffff;--awb-background-color:var(--awb-color1);--awb-border-color:#ffffff;--awb-active-border-color:var(--awb-color5);\"><div class=\"nav\"><ul class=\"nav-tabs nav-justified\" role=\"tablist\"><li class=\"active\" role=\"presentation\"><a class=\"tab-link\" data-toggle=\"tab\" role=\"tab\" aria-controls=\"tab-338af257dc278d43cff\" aria-selected=\"true\" id=\"fusion-tab-informaci\u00d3general\" href=\"#tab-338af257dc278d43cff\"><h4 class=\"fusion-tab-heading\">INFORMACI\u00d3 GENERAL<\/h4><\/a><\/li><li role=\"presentation\"><a class=\"tab-link\" data-toggle=\"tab\" role=\"tab\" aria-controls=\"tab-17da90e75e9cdd8cff0\" aria-selected=\"false\" tabindex=\"-1\" id=\"fusion-tab-s\u00cdmptomes\" href=\"#tab-17da90e75e9cdd8cff0\"><h4 class=\"fusion-tab-heading\">S\u00cdMPTOMES<\/h4><\/a><\/li><li role=\"presentation\"><a class=\"tab-link\" data-toggle=\"tab\" role=\"tab\" aria-controls=\"tab-9ad389841155f38980b\" aria-selected=\"false\" tabindex=\"-1\" id=\"fusion-tab-classificaci\u00d3\" href=\"#tab-9ad389841155f38980b\"><h4 class=\"fusion-tab-heading\">CLASSIFICACI\u00d3<\/h4><\/a><\/li><li role=\"presentation\"><a class=\"tab-link\" data-toggle=\"tab\" role=\"tab\" aria-controls=\"tab-b51bbffd8ac81e73b83\" aria-selected=\"false\" tabindex=\"-1\" id=\"fusion-tab-comesdiagn\u00d3stiquen\" href=\"#tab-b51bbffd8ac81e73b83\"><h4 class=\"fusion-tab-heading\">COM ES DIAGN\u00d3STIQUEN<\/h4><\/a><\/li><li role=\"presentation\"><a class=\"tab-link\" data-toggle=\"tab\" role=\"tab\" aria-controls=\"tab-0f1d182d858aa130867\" aria-selected=\"false\" tabindex=\"-1\" id=\"fusion-tab-opcionsterap\u00c8utiques\" href=\"#tab-0f1d182d858aa130867\"><h4 class=\"fusion-tab-heading\">OPCIONS TERAP\u00c8UTIQUES<\/h4><\/a><\/li><li role=\"presentation\"><a class=\"tab-link\" data-toggle=\"tab\" role=\"tab\" aria-controls=\"tab-4dccdfa8bd103f965d9\" aria-selected=\"false\" tabindex=\"-1\" id=\"fusion-tab-tractamentmultidisciplinar\" href=\"#tab-4dccdfa8bd103f965d9\"><h4 class=\"fusion-tab-heading\">TRACTAMENT MULTIDISCIPLINAR<\/h4><\/a><\/li><li role=\"presentation\"><a class=\"tab-link\" data-toggle=\"tab\" role=\"tab\" aria-controls=\"tab-62038512f46944e07b8\" aria-selected=\"false\" tabindex=\"-1\" id=\"fusion-tab-assajoscl\u00cdnics\" href=\"#tab-62038512f46944e07b8\"><h4 class=\"fusion-tab-heading\">ASSAJOS CL\u00cdNICS<\/h4><\/a><\/li><li role=\"presentation\"><a class=\"tab-link\" data-toggle=\"tab\" role=\"tab\" aria-controls=\"tab-48688161a2764a6dea0\" aria-selected=\"false\" tabindex=\"-1\" id=\"fusion-tab-associacionsdepacients\" href=\"#tab-48688161a2764a6dea0\"><h4 class=\"fusion-tab-heading\">ASSOCIACIONS DE PACIENTS<\/h4><\/a><\/li><\/ul><\/div><div class=\"tab-content\"><div class=\"tab-pane fade fusion-clearfix in active\" role=\"tabpanel\" tabindex=\"0\" aria-labelledby=\"fusion-tab-informaci\u00d3general\" id=\"tab-338af257dc278d43cff\">\n<h6 id=\"tit_anclaje0\" class=\"anclaje_btn_cab\">INFORMACI\u00d3 GENERAL<\/h6>\n<p>Les miopaties heredit\u00e0ries i distr\u00f2fies musculars s\u00f3n malalties d\u2019origen gen\u00e8tic que poden tenir el seu inici des de la inf\u00e0ncia fins l\u2019edat adulta. Es caracteritzen per una lenta degeneraci\u00f3 dels m\u00fasculs esquel\u00e8tics que provoquen una debilitat muscular generalitzada i un major o menor grau de discapacitat. La majoria d\u2019aquestes malalties no tenen un tractament efectiu i es recomana un seguiment a centres especialitzats.<\/p>\n<\/div><div class=\"tab-pane fade fusion-clearfix\" role=\"tabpanel\" tabindex=\"0\" aria-labelledby=\"fusion-tab-s\u00cdmptomes\" id=\"tab-17da90e75e9cdd8cff0\">\n<h6 id=\"tit_anclaje1\" class=\"anclaje_btn_cab\">S\u00cdMPTOMES<\/h6>\n<p>Aquestes malalties causen principalment s\u00edmptomes motors com debilitat muscular, contractures articulars i atr\u00f2fia muscular. La distribuci\u00f3 d\u2019aquests s\u00edmptomes \u00e9s variable, localitzant-se en bra\u00e7os i cames, m\u00fasculs de la gola, m\u00fasculs respiratoris i musculatura card\u00edaca.<\/p>\n<\/div><div class=\"tab-pane fade fusion-clearfix\" role=\"tabpanel\" tabindex=\"0\" aria-labelledby=\"fusion-tab-classificaci\u00d3\" id=\"tab-9ad389841155f38980b\">\n<h6 id=\"tit_anclaje2\" class=\"anclaje_btn_cab\">CLASSIFICACI\u00d3<\/h6>\n<p>Les miopaties heredit\u00e0ries s\u00f3n un ampli grup de malalties. Es poden classificar en funci\u00f3 de diferents factors, com per exemple: el moment d\u2019inici dels s\u00edmptomes, les caracter\u00edstiques patol\u00f2giques o el tipus d\u2019her\u00e8ncia. Deixem un link a la p\u00e0gina web amb informaci\u00f3 sobre cada un dels tipus de miopaties heredit\u00e0ries.<\/p>\n<p><a href=\"http:\/\/neuromuscular.wustl.edu\/\" target=\"_blank\" rel=\"noopener\">http:\/\/neuromuscular.wustl.edu<\/a><\/p>\n<\/div><div class=\"tab-pane fade fusion-clearfix\" role=\"tabpanel\" tabindex=\"0\" aria-labelledby=\"fusion-tab-comesdiagn\u00d3stiquen\" id=\"tab-b51bbffd8ac81e73b83\">\n<h6 id=\"tit_anclaje3\" class=\"anclaje_btn_cab\">COM ES DIAGN\u00d3STIQUEN?<\/h6>\n<p>Per diagnosticar aquestes malalties \u00e9s b\u00e0sic realitzar una bona hist\u00f2ria cl\u00ednica a on es pregunti al pacient l\u2019edat d\u2019inici de la malaltia i s\u2019explora la distribuci\u00f3 dels s\u00edmptomes. La hist\u00f2ria familiar es clau per poder orientar el quadre. Els estudis electrofisiol\u00f2gics poden ajudar a descartar altres causes de debilitat. La resson\u00e0ncia magn\u00e8tica muscular \u00e9s \u00fatil per con\u00e8ixer el patr\u00f3 de distribuci\u00f3 dels canvis musculars. La bi\u00f2psia muscular ens ajuda a con\u00e8ixer les alteracions histol\u00f2giques i permet con\u00e8ixer si existeixen d\u00e8ficits en l\u2019expressi\u00f3 de determinades prote\u00efnes de superf\u00edcie. Els estudis gen\u00e8tics permeten confirmar el diagn\u00f2stic.<\/p>\n<\/div><div class=\"tab-pane fade fusion-clearfix\" role=\"tabpanel\" tabindex=\"0\" aria-labelledby=\"fusion-tab-opcionsterap\u00c8utiques\" id=\"tab-0f1d182d858aa130867\">\n<h6 id=\"tit_anclaje4\" class=\"anclaje_btn_cab\">OPCIONS TERAP\u00c8UTIQUES<\/h6>\n<ul class=\"lista_noorden\">\n<li><strong>Ter\u00e0pia cel\u00b7lular:<\/strong><br \/>\nPret\u00e9n substituir el teixit malalt per un teixit nou de donant sa que aporta les prote\u00efnes deficit\u00e0ries de la malaltia.<br \/>\nFins ara els estudis realitzats amb c\u00e8l\u00b7lules sat\u00e8l\u00b7lit i mesoangiblastes no han estat, malauradament, exitosos.<\/li>\n<li><strong>Ter\u00e0pia farmacol\u00f2gica:<\/strong><br \/>\nPret\u00e9n mitigar els efectes del d\u00e8ficit d\u2019una prote\u00efna a trav\u00e9s de modificar els mecanismes de degeneraci\u00f3 muscular.<\/p>\n<ul>\n<li><em><strong>Tractaments antifibr\u00f2tics en proves<\/strong><\/em>: f\u00e0rmacs anti-TGF-beta I anti tirosin-quinases, bloquejants de l\u2019entrada de calci.<\/li>\n<li><em><strong>Antioxidants-control radicals lliures i bloquejants de l\u2019atr\u00f2fia muscular<\/strong><\/em>\u00a0com la miostatina, inhibidors de la histona-deacetilasa com givinostat.<\/li>\n<\/ul>\n<\/li>\n<li><strong><strong>Ter\u00e0pia g\u00e8nica<br \/>\n<\/strong><\/strong>Pret\u00e9n corregir o substituir les mutacions presents en els gens mitjan\u00e7ant diferents estrat\u00e8gies com serien el salt de l\u2019ex\u00f3, el read-trough o l\u2019alliberament de gens sans mitjan\u00e7ant adenovirus-associats.<br \/>\nExemples de tractaments en assaig serien ataluren (read-trough) o eterplirsen (salt de l\u2019ex\u00f3)<\/li>\n<li><\/li>\n<\/ul>\n<\/div><div class=\"tab-pane fade fusion-clearfix\" role=\"tabpanel\" tabindex=\"0\" aria-labelledby=\"fusion-tab-tractamentmultidisciplinar\" id=\"tab-4dccdfa8bd103f965d9\">\n<h6 id=\"tit_anclaje5\" class=\"anclaje_btn_cab\">TRACTAMENT MULTIDISCIPLINAR<\/h6>\n<ul class=\"lista_noorden\">\n<li><strong>Per a la debilitat muscular \/ s\u00edmptomes motors:<\/strong>\n<ul>\n<li>Exercici f\u00edsic<\/li>\n<li>Fisioter\u00e0pia i ter\u00e0pia ocupacional<\/li>\n<li>F\u00e8rules i ortesis<\/li>\n<li>Cirurgies ortop\u00e8diques<\/li>\n<li>Cadira de rodes<\/li>\n<\/ul>\n<\/li>\n<li><strong>Per a la debilitat de la musculatura de la gola:<\/strong>\n<ul>\n<li>Identificar el problema amb proves diagn\u00f2stiques<\/li>\n<li>Fisioter\u00e0pia i logop\u00e8dia<\/li>\n<li>Utilitzaci\u00f3 d\u2019espessidors<\/li>\n<li>Dietes i suports alimentaris<\/li>\n<li>Nutrici\u00f3 enteral<\/li>\n<\/ul>\n<\/li>\n<li><strong>Per a la debilitat en la musculatura respirat\u00f2ria i \/ o card\u00edaca:<\/strong>\n<ul>\n<li>Identificar el problema amb proves diagn\u00f2stiques<\/li>\n<li>Plantejament de ter\u00e0pia adequada al problema: ventilaci\u00f3 no invasiva, ventilaci\u00f3 invasiva, marcapassos, desfibril\u00b7lador<\/li>\n<\/ul>\n<\/li>\n<\/ul>\n<\/div><div class=\"tab-pane fade fusion-clearfix\" role=\"tabpanel\" tabindex=\"0\" aria-labelledby=\"fusion-tab-assajoscl\u00cdnics\" id=\"tab-62038512f46944e07b8\">\n<h6 id=\"tit_anclaje6\" class=\"anclaje_btn_cab\">ASSAJOS CL\u00cdNICS<\/h6>\n<p>Us deixem l\u2019enlla\u00e7 del web clinical trials on hi abundant informaci\u00f3 sobre nous assaigs que estan en marxa:<br \/>\n<a href=\"https:\/\/clinicaltrials.gov\/\" target=\"_blank\" rel=\"noopener\">https:\/\/clinicaltrials.gov<\/a><\/p>\n<\/div><div class=\"tab-pane fade fusion-clearfix\" role=\"tabpanel\" tabindex=\"0\" aria-labelledby=\"fusion-tab-associacionsdepacients\" id=\"tab-48688161a2764a6dea0\">\n<h6 id=\"tit_anclaje7\" class=\"anclaje_btn_cab\">ASSOCIACIONS DE PACIENTS<\/h6>\n<p>Volem destacar el paper clau de les associacions de pacients en el suport als pacients amb distr\u00f2fies musculars. Les associacions amb les que tenim una relaci\u00f3 m\u00e9s constant s\u00f3n:<\/p>\n<ul>\n<li>ASEM CATALUNYA:\u00a0<a href=\"http:\/\/asemcatalunya.com\/\" target=\"_blank\" rel=\"noopener\">http:\/\/asemcatalunya.com<\/a><\/li>\n<li>Duchenne Parent Project Spain:\u00a0<a href=\"https:\/\/www.duchenne-spain.org\/\" target=\"_blank\" rel=\"noopener\">https:\/\/www.duchenne-spain.org<\/a><\/li>\n<li>Fundaci\u00f3n Isabel Gemio:\u00a0<a href=\"http:\/\/www.fundacionisabelgemio.com\/\" target=\"_blank\" rel=\"noopener\">http:\/\/www.fundacionisabelgemio.com<\/a><\/li>\n<li>FEDER:\u00a0<a href=\"http:\/\/www.enfermedades-raras.org\/\" target=\"_blank\" rel=\"noopener\">http:\/\/www.enfermedades-raras.org<\/a><\/li>\n<li>Federaci\u00f3n ASEM:\u00a0<a href=\"http:\/\/www.asem-esp.org\/\" target=\"_blank\" rel=\"noopener\">http:\/\/www.asem-esp.org<\/a><\/li>\n<li>Jain Foundation:\u00a0<a href=\"https:\/\/www.jain-foundation.org\/\" target=\"_blank\" rel=\"noopener\">https:\/\/www.jain-foundation.org<\/a><\/li>\n<\/ul>\n<\/div><\/div><\/div><\/div><\/div><\/div><\/div>\n","protected":false},"excerpt":{"rendered":"","protected":false},"author":1,"featured_media":0,"parent":332,"menu_order":1,"comment_status":"closed","ping_status":"closed","template":"100-width.php","meta":{"_acf_changed":false,"inline_featured_image":false,"footnotes":""},"class_list":["post-350","page","type-page","status-publish","hentry"],"acf":[],"yoast_head":"<!-- This site is optimized with the Yoast SEO plugin v27.2 - https:\/\/yoast.com\/product\/yoast-seo-wordpress\/ -->\n<title>Miopaties i Distr\u00f2fies Musculars - Neuromuscular BCN<\/title>\n<meta name=\"robots\" content=\"index, follow, max-snippet:-1, max-image-preview:large, max-video-preview:-1\" \/>\n<link rel=\"canonical\" href=\"https:\/\/www.neuromuscularbcn.org\/ca\/pacients\/miopaties-i-distrofies-musculars\/\" \/>\n<meta property=\"og:locale\" content=\"ca_ES\" \/>\n<meta property=\"og:type\" content=\"article\" \/>\n<meta property=\"og:title\" content=\"Miopaties i Distr\u00f2fies Musculars - Neuromuscular BCN\" \/>\n<meta property=\"og:url\" content=\"https:\/\/www.neuromuscularbcn.org\/ca\/pacients\/miopaties-i-distrofies-musculars\/\" \/>\n<meta property=\"og:site_name\" content=\"Neuromuscular BCN\" \/>\n<meta property=\"article:modified_time\" content=\"2025-04-29T11:47:38+00:00\" \/>\n<meta name=\"twitter:card\" content=\"summary_large_image\" \/>\n<meta name=\"twitter:site\" content=\"@NMDSantPau\" \/>\n<meta name=\"twitter:label1\" content=\"Temps estimat de lectura\" \/>\n\t<meta name=\"twitter:data1\" content=\"10 minuts\" \/>\n<script type=\"application\/ld+json\" class=\"yoast-schema-graph\">{\"@context\":\"https:\/\/schema.org\",\"@graph\":[{\"@type\":\"WebPage\",\"@id\":\"https:\/\/www.neuromuscularbcn.org\/ca\/pacients\/miopaties-i-distrofies-musculars\/\",\"url\":\"https:\/\/www.neuromuscularbcn.org\/ca\/pacients\/miopaties-i-distrofies-musculars\/\",\"name\":\"Miopaties i Distr\u00f2fies Musculars - Neuromuscular BCN\",\"isPartOf\":{\"@id\":\"https:\/\/www.neuromuscularbcn.org\/ca\/#website\"},\"datePublished\":\"2025-03-27T05:23:04+00:00\",\"dateModified\":\"2025-04-29T11:47:38+00:00\",\"breadcrumb\":{\"@id\":\"https:\/\/www.neuromuscularbcn.org\/ca\/pacients\/miopaties-i-distrofies-musculars\/#breadcrumb\"},\"inLanguage\":\"ca\",\"potentialAction\":[{\"@type\":\"ReadAction\",\"target\":[\"https:\/\/www.neuromuscularbcn.org\/ca\/pacients\/miopaties-i-distrofies-musculars\/\"]}]},{\"@type\":\"BreadcrumbList\",\"@id\":\"https:\/\/www.neuromuscularbcn.org\/ca\/pacients\/miopaties-i-distrofies-musculars\/#breadcrumb\",\"itemListElement\":[{\"@type\":\"ListItem\",\"position\":1,\"name\":\"Portada\",\"item\":\"https:\/\/www.neuromuscularbcn.org\/ca\/\"},{\"@type\":\"ListItem\",\"position\":2,\"name\":\"Miopaties i Distr\u00f2fies Musculars\"}]},{\"@type\":\"WebSite\",\"@id\":\"https:\/\/www.neuromuscularbcn.org\/ca\/#website\",\"url\":\"https:\/\/www.neuromuscularbcn.org\/ca\/\",\"name\":\"Neuromuscular BCN\",\"description\":\"Neuromuscular BCN - Unidad Neuromuscular del hospital de Sant Pau\",\"publisher\":{\"@id\":\"https:\/\/www.neuromuscularbcn.org\/ca\/#organization\"},\"alternateName\":\"Neuromuscular BCN - Unidad Neuromuscular del hospital de Sant Pau\",\"potentialAction\":[{\"@type\":\"SearchAction\",\"target\":{\"@type\":\"EntryPoint\",\"urlTemplate\":\"https:\/\/www.neuromuscularbcn.org\/ca\/?s={search_term_string}\"},\"query-input\":{\"@type\":\"PropertyValueSpecification\",\"valueRequired\":true,\"valueName\":\"search_term_string\"}}],\"inLanguage\":\"ca\"},{\"@type\":\"Organization\",\"@id\":\"https:\/\/www.neuromuscularbcn.org\/ca\/#organization\",\"name\":\"Neuromuscular BCN - Sant Pau\",\"url\":\"https:\/\/www.neuromuscularbcn.org\/ca\/\",\"logo\":{\"@type\":\"ImageObject\",\"inLanguage\":\"ca\",\"@id\":\"https:\/\/www.neuromuscularbcn.org\/ca\/#\/schema\/logo\/image\/\",\"url\":\"https:\/\/www.neuromuscularbcn.org\/wp-content\/uploads\/2025\/06\/cropped-favicon_logotip.png\",\"contentUrl\":\"https:\/\/www.neuromuscularbcn.org\/wp-content\/uploads\/2025\/06\/cropped-favicon_logotip.png\",\"width\":512,\"height\":512,\"caption\":\"Neuromuscular BCN - Sant Pau\"},\"image\":{\"@id\":\"https:\/\/www.neuromuscularbcn.org\/ca\/#\/schema\/logo\/image\/\"},\"sameAs\":[\"https:\/\/x.com\/NMDSantPau\"]}]}<\/script>\n<!-- \/ Yoast SEO plugin. -->","yoast_head_json":{"title":"Miopaties i Distr\u00f2fies Musculars - Neuromuscular BCN","robots":{"index":"index","follow":"follow","max-snippet":"max-snippet:-1","max-image-preview":"max-image-preview:large","max-video-preview":"max-video-preview:-1"},"canonical":"https:\/\/www.neuromuscularbcn.org\/ca\/pacients\/miopaties-i-distrofies-musculars\/","og_locale":"ca_ES","og_type":"article","og_title":"Miopaties i Distr\u00f2fies Musculars - Neuromuscular BCN","og_url":"https:\/\/www.neuromuscularbcn.org\/ca\/pacients\/miopaties-i-distrofies-musculars\/","og_site_name":"Neuromuscular BCN","article_modified_time":"2025-04-29T11:47:38+00:00","twitter_card":"summary_large_image","twitter_site":"@NMDSantPau","twitter_misc":{"Temps estimat de lectura":"10 minuts"},"schema":{"@context":"https:\/\/schema.org","@graph":[{"@type":"WebPage","@id":"https:\/\/www.neuromuscularbcn.org\/ca\/pacients\/miopaties-i-distrofies-musculars\/","url":"https:\/\/www.neuromuscularbcn.org\/ca\/pacients\/miopaties-i-distrofies-musculars\/","name":"Miopaties i Distr\u00f2fies Musculars - Neuromuscular BCN","isPartOf":{"@id":"https:\/\/www.neuromuscularbcn.org\/ca\/#website"},"datePublished":"2025-03-27T05:23:04+00:00","dateModified":"2025-04-29T11:47:38+00:00","breadcrumb":{"@id":"https:\/\/www.neuromuscularbcn.org\/ca\/pacients\/miopaties-i-distrofies-musculars\/#breadcrumb"},"inLanguage":"ca","potentialAction":[{"@type":"ReadAction","target":["https:\/\/www.neuromuscularbcn.org\/ca\/pacients\/miopaties-i-distrofies-musculars\/"]}]},{"@type":"BreadcrumbList","@id":"https:\/\/www.neuromuscularbcn.org\/ca\/pacients\/miopaties-i-distrofies-musculars\/#breadcrumb","itemListElement":[{"@type":"ListItem","position":1,"name":"Portada","item":"https:\/\/www.neuromuscularbcn.org\/ca\/"},{"@type":"ListItem","position":2,"name":"Miopaties i Distr\u00f2fies Musculars"}]},{"@type":"WebSite","@id":"https:\/\/www.neuromuscularbcn.org\/ca\/#website","url":"https:\/\/www.neuromuscularbcn.org\/ca\/","name":"Neuromuscular BCN","description":"Neuromuscular BCN - Unidad Neuromuscular del hospital de Sant Pau","publisher":{"@id":"https:\/\/www.neuromuscularbcn.org\/ca\/#organization"},"alternateName":"Neuromuscular BCN - Unidad Neuromuscular del hospital de Sant Pau","potentialAction":[{"@type":"SearchAction","target":{"@type":"EntryPoint","urlTemplate":"https:\/\/www.neuromuscularbcn.org\/ca\/?s={search_term_string}"},"query-input":{"@type":"PropertyValueSpecification","valueRequired":true,"valueName":"search_term_string"}}],"inLanguage":"ca"},{"@type":"Organization","@id":"https:\/\/www.neuromuscularbcn.org\/ca\/#organization","name":"Neuromuscular BCN - Sant Pau","url":"https:\/\/www.neuromuscularbcn.org\/ca\/","logo":{"@type":"ImageObject","inLanguage":"ca","@id":"https:\/\/www.neuromuscularbcn.org\/ca\/#\/schema\/logo\/image\/","url":"https:\/\/www.neuromuscularbcn.org\/wp-content\/uploads\/2025\/06\/cropped-favicon_logotip.png","contentUrl":"https:\/\/www.neuromuscularbcn.org\/wp-content\/uploads\/2025\/06\/cropped-favicon_logotip.png","width":512,"height":512,"caption":"Neuromuscular BCN - Sant Pau"},"image":{"@id":"https:\/\/www.neuromuscularbcn.org\/ca\/#\/schema\/logo\/image\/"},"sameAs":["https:\/\/x.com\/NMDSantPau"]}]}},"_links":{"self":[{"href":"https:\/\/www.neuromuscularbcn.org\/ca\/wp-json\/wp\/v2\/pages\/350","targetHints":{"allow":["GET"]}}],"collection":[{"href":"https:\/\/www.neuromuscularbcn.org\/ca\/wp-json\/wp\/v2\/pages"}],"about":[{"href":"https:\/\/www.neuromuscularbcn.org\/ca\/wp-json\/wp\/v2\/types\/page"}],"author":[{"embeddable":true,"href":"https:\/\/www.neuromuscularbcn.org\/ca\/wp-json\/wp\/v2\/users\/1"}],"replies":[{"embeddable":true,"href":"https:\/\/www.neuromuscularbcn.org\/ca\/wp-json\/wp\/v2\/comments?post=350"}],"version-history":[{"count":4,"href":"https:\/\/www.neuromuscularbcn.org\/ca\/wp-json\/wp\/v2\/pages\/350\/revisions"}],"predecessor-version":[{"id":3110,"href":"https:\/\/www.neuromuscularbcn.org\/ca\/wp-json\/wp\/v2\/pages\/350\/revisions\/3110"}],"up":[{"embeddable":true,"href":"https:\/\/www.neuromuscularbcn.org\/ca\/wp-json\/wp\/v2\/pages\/332"}],"wp:attachment":[{"href":"https:\/\/www.neuromuscularbcn.org\/ca\/wp-json\/wp\/v2\/media?parent=350"}],"curies":[{"name":"wp","href":"https:\/\/api.w.org\/{rel}","templated":true}]}}