{"id":324,"date":"2025-03-27T06:21:35","date_gmt":"2025-03-27T05:21:35","guid":{"rendered":"https:\/\/www.neuromuscularbcn.org\/?page_id=324"},"modified":"2025-04-29T12:47:19","modified_gmt":"2025-04-29T10:47:19","slug":"ciberer","status":"publish","type":"page","link":"https:\/\/www.neuromuscularbcn.org\/ca\/recerca\/ciberer\/","title":{"rendered":"CIBERER"},"content":{"rendered":"<div class=\"fusion-fullwidth fullwidth-box fusion-builder-row-1 fusion-flex-container has-pattern-background has-mask-background nonhundred-percent-fullwidth non-hundred-percent-height-scrolling\" style=\"--awb-border-radius-top-left:0px;--awb-border-radius-top-right:0px;--awb-border-radius-bottom-right:0px;--awb-border-radius-bottom-left:0px;--awb-flex-wrap:wrap;\" ><div class=\"fusion-builder-row fusion-row fusion-flex-align-items-flex-start fusion-flex-content-wrap\" style=\"max-width:1422.72px;margin-left: calc(-4% \/ 2 );margin-right: calc(-4% \/ 2 );\"><div class=\"fusion-layout-column fusion_builder_column fusion-builder-column-0 fusion_builder_column_1_1 1_1 fusion-flex-column\" style=\"--awb-bg-size:cover;--awb-width-large:100%;--awb-margin-top-large:0px;--awb-spacing-right-large:1.92%;--awb-margin-bottom-large:0px;--awb-spacing-left-large:1.92%;--awb-width-medium:100%;--awb-order-medium:0;--awb-spacing-right-medium:1.92%;--awb-spacing-left-medium:1.92%;--awb-width-small:100%;--awb-order-small:0;--awb-spacing-right-small:1.92%;--awb-spacing-left-small:1.92%;\"><div class=\"fusion-column-wrapper fusion-column-has-shadow fusion-flex-justify-content-flex-start fusion-content-layout-column\"><div class=\"fusion-text fusion-text-1\"><p><img decoding=\"async\" class=\" wp-image-2744 alignleft\" src=\"https:\/\/www.neuromuscularbcn.org\/wp-content\/uploads\/2025\/04\/logo_Ciberer_tex-768x420-1.jpg\" alt=\"\" width=\"340\" height=\"186\" srcset=\"https:\/\/www.neuromuscularbcn.org\/wp-content\/uploads\/2025\/04\/logo_Ciberer_tex-768x420-1-200x109.jpg 200w, https:\/\/www.neuromuscularbcn.org\/wp-content\/uploads\/2025\/04\/logo_Ciberer_tex-768x420-1-300x164.jpg 300w, https:\/\/www.neuromuscularbcn.org\/wp-content\/uploads\/2025\/04\/logo_Ciberer_tex-768x420-1-400x219.jpg 400w, https:\/\/www.neuromuscularbcn.org\/wp-content\/uploads\/2025\/04\/logo_Ciberer_tex-768x420-1-600x328.jpg 600w, https:\/\/www.neuromuscularbcn.org\/wp-content\/uploads\/2025\/04\/logo_Ciberer_tex-768x420-1.jpg 768w\" sizes=\"(max-width: 340px) 100vw, 340px\" \/><\/p>\n<p>La Unitat de Malalties Neuromusculars \u00e9s un dels grups adscrits al\u00a0<strong>Centro de Investigaci\u00f3n Biom\u00e9dica en Red de Enfermedades Raras CIBERER<\/strong>\u00a0(Unidad U762. CIBERER CB06\/05\/0030). Aquest centre virtual s\u2019encarrega d\u2019afavorir la col\u00b7laboraci\u00f3 i cooperaci\u00f3 entre grups d\u2019investigaci\u00f3 biom\u00e8dica i cl\u00ednica, centrant-se en les malalties minorit\u00e0ries, gen\u00e8tiques o adquirides. La unitat forma part del programa de medicina mitocondrial i neuromuscular format per 12 grups d\u2019investigaci\u00f3 en diferents \u00e0rees i que estan especialitzats per un cant\u00f3 en estudiar els aspectes fisiol\u00f2gics i funcionals de la mitoc\u00f2ndria en diferents teixits i per un altre, en la investigaci\u00f3 de diferents malalties neuromusculars com les miopaties i les distr\u00f2fies musculars, esclerosis lateral amiotr\u00f2fica i patologia immunomediada.<\/p>\n<p>El grup rep pressupost de CIBERER per finan\u00e7ar un t\u00e8cnic de laboratori i un investigador post-doctoral que s\u00f3n b\u00e0sics per realitzar els projectes d\u2019investigaci\u00f3 atorgats al grup per entitats p\u00fabliques (FIS) i privades (Roche, Genzyme, AFM, Myositis Association). El grup mant\u00e9 tamb\u00e9 col\u00b7laboracions amb altres grups de CIBERER (Dr. V\u00edlchez, Dr. Dalmau, Dr. Mart\u00ed).<\/p>\n<p>El Registre Nacional de Malalties Neuromusculars, est\u00e0 finan\u00e7at en part per CIBERER, que ha mostrat un gran inter\u00e8s per assegurar el seu manteniment i ha fomentat la creaci\u00f3 d\u2019altres registres.<\/p>\n<p>Enlla\u00e7 d\u2019inter\u00e8s:<\/p>\n<p><a href=\"http:\/\/www.ciberer.es\/\">http:\/\/www.ciberer.es\/<\/a><\/p>\n<\/div><\/div><\/div><\/div><\/div>\n","protected":false},"excerpt":{"rendered":"","protected":false},"author":1,"featured_media":0,"parent":308,"menu_order":3,"comment_status":"closed","ping_status":"closed","template":"100-width.php","meta":{"_acf_changed":false,"inline_featured_image":false,"footnotes":""},"class_list":["post-324","page","type-page","status-publish","hentry"],"acf":[],"yoast_head":"<!-- This site is optimized with the Yoast SEO plugin v27.2 - https:\/\/yoast.com\/product\/yoast-seo-wordpress\/ -->\n<title>CIBERER - Neuromuscular BCN<\/title>\n<meta name=\"robots\" content=\"index, follow, max-snippet:-1, max-image-preview:large, max-video-preview:-1\" \/>\n<link rel=\"canonical\" href=\"https:\/\/www.neuromuscularbcn.org\/ca\/recerca\/ciberer\/\" \/>\n<meta property=\"og:locale\" content=\"ca_ES\" \/>\n<meta property=\"og:type\" content=\"article\" \/>\n<meta property=\"og:title\" content=\"CIBERER - Neuromuscular BCN\" \/>\n<meta property=\"og:url\" content=\"https:\/\/www.neuromuscularbcn.org\/ca\/recerca\/ciberer\/\" \/>\n<meta property=\"og:site_name\" content=\"Neuromuscular BCN\" \/>\n<meta property=\"article:modified_time\" content=\"2025-04-29T10:47:19+00:00\" \/>\n<meta property=\"og:image\" content=\"https:\/\/www.neuromuscularbcn.org\/wp-content\/uploads\/2025\/04\/logo_Ciberer_tex-768x420-1.jpg\" \/>\n<meta name=\"twitter:card\" content=\"summary_large_image\" \/>\n<meta name=\"twitter:site\" content=\"@NMDSantPau\" \/>\n<meta name=\"twitter:label1\" content=\"Temps estimat de lectura\" \/>\n\t<meta name=\"twitter:data1\" content=\"6 minuts\" \/>\n<script type=\"application\/ld+json\" class=\"yoast-schema-graph\">{\"@context\":\"https:\/\/schema.org\",\"@graph\":[{\"@type\":\"WebPage\",\"@id\":\"https:\/\/www.neuromuscularbcn.org\/ca\/recerca\/ciberer\/\",\"url\":\"https:\/\/www.neuromuscularbcn.org\/ca\/recerca\/ciberer\/\",\"name\":\"CIBERER - Neuromuscular BCN\",\"isPartOf\":{\"@id\":\"https:\/\/www.neuromuscularbcn.org\/ca\/#website\"},\"primaryImageOfPage\":{\"@id\":\"https:\/\/www.neuromuscularbcn.org\/ca\/recerca\/ciberer\/#primaryimage\"},\"image\":{\"@id\":\"https:\/\/www.neuromuscularbcn.org\/ca\/recerca\/ciberer\/#primaryimage\"},\"thumbnailUrl\":\"https:\/\/www.neuromuscularbcn.org\/wp-content\/uploads\/2025\/04\/logo_Ciberer_tex-768x420-1.jpg\",\"datePublished\":\"2025-03-27T05:21:35+00:00\",\"dateModified\":\"2025-04-29T10:47:19+00:00\",\"breadcrumb\":{\"@id\":\"https:\/\/www.neuromuscularbcn.org\/ca\/recerca\/ciberer\/#breadcrumb\"},\"inLanguage\":\"ca\",\"potentialAction\":[{\"@type\":\"ReadAction\",\"target\":[\"https:\/\/www.neuromuscularbcn.org\/ca\/recerca\/ciberer\/\"]}]},{\"@type\":\"ImageObject\",\"inLanguage\":\"ca\",\"@id\":\"https:\/\/www.neuromuscularbcn.org\/ca\/recerca\/ciberer\/#primaryimage\",\"url\":\"https:\/\/www.neuromuscularbcn.org\/wp-content\/uploads\/2025\/04\/logo_Ciberer_tex-768x420-1.jpg\",\"contentUrl\":\"https:\/\/www.neuromuscularbcn.org\/wp-content\/uploads\/2025\/04\/logo_Ciberer_tex-768x420-1.jpg\"},{\"@type\":\"BreadcrumbList\",\"@id\":\"https:\/\/www.neuromuscularbcn.org\/ca\/recerca\/ciberer\/#breadcrumb\",\"itemListElement\":[{\"@type\":\"ListItem\",\"position\":1,\"name\":\"Portada\",\"item\":\"https:\/\/www.neuromuscularbcn.org\/ca\/\"},{\"@type\":\"ListItem\",\"position\":2,\"name\":\"CIBERER\"}]},{\"@type\":\"WebSite\",\"@id\":\"https:\/\/www.neuromuscularbcn.org\/ca\/#website\",\"url\":\"https:\/\/www.neuromuscularbcn.org\/ca\/\",\"name\":\"Neuromuscular BCN\",\"description\":\"Neuromuscular BCN - Unidad Neuromuscular del hospital de Sant Pau\",\"publisher\":{\"@id\":\"https:\/\/www.neuromuscularbcn.org\/ca\/#organization\"},\"alternateName\":\"Neuromuscular BCN - Unidad Neuromuscular del hospital de Sant Pau\",\"potentialAction\":[{\"@type\":\"SearchAction\",\"target\":{\"@type\":\"EntryPoint\",\"urlTemplate\":\"https:\/\/www.neuromuscularbcn.org\/ca\/?s={search_term_string}\"},\"query-input\":{\"@type\":\"PropertyValueSpecification\",\"valueRequired\":true,\"valueName\":\"search_term_string\"}}],\"inLanguage\":\"ca\"},{\"@type\":\"Organization\",\"@id\":\"https:\/\/www.neuromuscularbcn.org\/ca\/#organization\",\"name\":\"Neuromuscular BCN - Sant Pau\",\"url\":\"https:\/\/www.neuromuscularbcn.org\/ca\/\",\"logo\":{\"@type\":\"ImageObject\",\"inLanguage\":\"ca\",\"@id\":\"https:\/\/www.neuromuscularbcn.org\/ca\/#\/schema\/logo\/image\/\",\"url\":\"https:\/\/www.neuromuscularbcn.org\/wp-content\/uploads\/2025\/06\/cropped-favicon_logotip.png\",\"contentUrl\":\"https:\/\/www.neuromuscularbcn.org\/wp-content\/uploads\/2025\/06\/cropped-favicon_logotip.png\",\"width\":512,\"height\":512,\"caption\":\"Neuromuscular BCN - Sant Pau\"},\"image\":{\"@id\":\"https:\/\/www.neuromuscularbcn.org\/ca\/#\/schema\/logo\/image\/\"},\"sameAs\":[\"https:\/\/x.com\/NMDSantPau\"]}]}<\/script>\n<!-- \/ Yoast SEO plugin. -->","yoast_head_json":{"title":"CIBERER - Neuromuscular BCN","robots":{"index":"index","follow":"follow","max-snippet":"max-snippet:-1","max-image-preview":"max-image-preview:large","max-video-preview":"max-video-preview:-1"},"canonical":"https:\/\/www.neuromuscularbcn.org\/ca\/recerca\/ciberer\/","og_locale":"ca_ES","og_type":"article","og_title":"CIBERER - Neuromuscular BCN","og_url":"https:\/\/www.neuromuscularbcn.org\/ca\/recerca\/ciberer\/","og_site_name":"Neuromuscular BCN","article_modified_time":"2025-04-29T10:47:19+00:00","og_image":[{"url":"https:\/\/www.neuromuscularbcn.org\/wp-content\/uploads\/2025\/04\/logo_Ciberer_tex-768x420-1.jpg","type":"","width":"","height":""}],"twitter_card":"summary_large_image","twitter_site":"@NMDSantPau","twitter_misc":{"Temps estimat de lectura":"6 minuts"},"schema":{"@context":"https:\/\/schema.org","@graph":[{"@type":"WebPage","@id":"https:\/\/www.neuromuscularbcn.org\/ca\/recerca\/ciberer\/","url":"https:\/\/www.neuromuscularbcn.org\/ca\/recerca\/ciberer\/","name":"CIBERER - Neuromuscular BCN","isPartOf":{"@id":"https:\/\/www.neuromuscularbcn.org\/ca\/#website"},"primaryImageOfPage":{"@id":"https:\/\/www.neuromuscularbcn.org\/ca\/recerca\/ciberer\/#primaryimage"},"image":{"@id":"https:\/\/www.neuromuscularbcn.org\/ca\/recerca\/ciberer\/#primaryimage"},"thumbnailUrl":"https:\/\/www.neuromuscularbcn.org\/wp-content\/uploads\/2025\/04\/logo_Ciberer_tex-768x420-1.jpg","datePublished":"2025-03-27T05:21:35+00:00","dateModified":"2025-04-29T10:47:19+00:00","breadcrumb":{"@id":"https:\/\/www.neuromuscularbcn.org\/ca\/recerca\/ciberer\/#breadcrumb"},"inLanguage":"ca","potentialAction":[{"@type":"ReadAction","target":["https:\/\/www.neuromuscularbcn.org\/ca\/recerca\/ciberer\/"]}]},{"@type":"ImageObject","inLanguage":"ca","@id":"https:\/\/www.neuromuscularbcn.org\/ca\/recerca\/ciberer\/#primaryimage","url":"https:\/\/www.neuromuscularbcn.org\/wp-content\/uploads\/2025\/04\/logo_Ciberer_tex-768x420-1.jpg","contentUrl":"https:\/\/www.neuromuscularbcn.org\/wp-content\/uploads\/2025\/04\/logo_Ciberer_tex-768x420-1.jpg"},{"@type":"BreadcrumbList","@id":"https:\/\/www.neuromuscularbcn.org\/ca\/recerca\/ciberer\/#breadcrumb","itemListElement":[{"@type":"ListItem","position":1,"name":"Portada","item":"https:\/\/www.neuromuscularbcn.org\/ca\/"},{"@type":"ListItem","position":2,"name":"CIBERER"}]},{"@type":"WebSite","@id":"https:\/\/www.neuromuscularbcn.org\/ca\/#website","url":"https:\/\/www.neuromuscularbcn.org\/ca\/","name":"Neuromuscular BCN","description":"Neuromuscular BCN - Unidad Neuromuscular del hospital de Sant Pau","publisher":{"@id":"https:\/\/www.neuromuscularbcn.org\/ca\/#organization"},"alternateName":"Neuromuscular BCN - Unidad Neuromuscular del hospital de Sant Pau","potentialAction":[{"@type":"SearchAction","target":{"@type":"EntryPoint","urlTemplate":"https:\/\/www.neuromuscularbcn.org\/ca\/?s={search_term_string}"},"query-input":{"@type":"PropertyValueSpecification","valueRequired":true,"valueName":"search_term_string"}}],"inLanguage":"ca"},{"@type":"Organization","@id":"https:\/\/www.neuromuscularbcn.org\/ca\/#organization","name":"Neuromuscular BCN - Sant Pau","url":"https:\/\/www.neuromuscularbcn.org\/ca\/","logo":{"@type":"ImageObject","inLanguage":"ca","@id":"https:\/\/www.neuromuscularbcn.org\/ca\/#\/schema\/logo\/image\/","url":"https:\/\/www.neuromuscularbcn.org\/wp-content\/uploads\/2025\/06\/cropped-favicon_logotip.png","contentUrl":"https:\/\/www.neuromuscularbcn.org\/wp-content\/uploads\/2025\/06\/cropped-favicon_logotip.png","width":512,"height":512,"caption":"Neuromuscular BCN - Sant Pau"},"image":{"@id":"https:\/\/www.neuromuscularbcn.org\/ca\/#\/schema\/logo\/image\/"},"sameAs":["https:\/\/x.com\/NMDSantPau"]}]}},"_links":{"self":[{"href":"https:\/\/www.neuromuscularbcn.org\/ca\/wp-json\/wp\/v2\/pages\/324","targetHints":{"allow":["GET"]}}],"collection":[{"href":"https:\/\/www.neuromuscularbcn.org\/ca\/wp-json\/wp\/v2\/pages"}],"about":[{"href":"https:\/\/www.neuromuscularbcn.org\/ca\/wp-json\/wp\/v2\/types\/page"}],"author":[{"embeddable":true,"href":"https:\/\/www.neuromuscularbcn.org\/ca\/wp-json\/wp\/v2\/users\/1"}],"replies":[{"embeddable":true,"href":"https:\/\/www.neuromuscularbcn.org\/ca\/wp-json\/wp\/v2\/comments?post=324"}],"version-history":[{"count":3,"href":"https:\/\/www.neuromuscularbcn.org\/ca\/wp-json\/wp\/v2\/pages\/324\/revisions"}],"predecessor-version":[{"id":3101,"href":"https:\/\/www.neuromuscularbcn.org\/ca\/wp-json\/wp\/v2\/pages\/324\/revisions\/3101"}],"up":[{"embeddable":true,"href":"https:\/\/www.neuromuscularbcn.org\/ca\/wp-json\/wp\/v2\/pages\/308"}],"wp:attachment":[{"href":"https:\/\/www.neuromuscularbcn.org\/ca\/wp-json\/wp\/v2\/media?parent=324"}],"curies":[{"name":"wp","href":"https:\/\/api.w.org\/{rel}","templated":true}]}}