{"id":3195,"date":"2025-04-26T13:51:03","date_gmt":"2025-04-26T11:51:03","guid":{"rendered":"https:\/\/www.neuromuscularbcn.org\/?page_id=3195"},"modified":"2025-04-30T07:51:17","modified_gmt":"2025-04-30T05:51:17","slug":"proves-que-realitzen-al-laboratori-de-malalties-neuromusculars","status":"publish","type":"page","link":"https:\/\/www.neuromuscularbcn.org\/ca\/serveis\/laboratori-assistencial\/proves-que-realitzen-al-laboratori-de-malalties-neuromusculars\/","title":{"rendered":"Proves que realitzen al laboratori de malalties neuromusculars"},"content":{"rendered":"<div class=\"fusion-fullwidth fullwidth-box fusion-builder-row-1 fusion-flex-container has-pattern-background has-mask-background nonhundred-percent-fullwidth non-hundred-percent-height-scrolling\" style=\"--awb-border-radius-top-left:0px;--awb-border-radius-top-right:0px;--awb-border-radius-bottom-right:0px;--awb-border-radius-bottom-left:0px;--awb-flex-wrap:wrap;\" ><div class=\"fusion-builder-row fusion-row fusion-flex-align-items-flex-start fusion-flex-content-wrap\" style=\"max-width:1422.72px;margin-left: calc(-4% \/ 2 );margin-right: calc(-4% \/ 2 );\"><div class=\"fusion-layout-column fusion_builder_column fusion-builder-column-0 fusion_builder_column_1_1 1_1 fusion-flex-column cnt_PagGen_Content_col\" style=\"--awb-bg-size:cover;--awb-width-large:100%;--awb-margin-top-large:0px;--awb-spacing-right-large:1.92%;--awb-margin-bottom-large:0px;--awb-spacing-left-large:1.92%;--awb-width-medium:100%;--awb-order-medium:0;--awb-spacing-right-medium:1.92%;--awb-spacing-left-medium:1.92%;--awb-width-small:100%;--awb-order-small:0;--awb-spacing-right-small:1.92%;--awb-spacing-left-small:1.92%;\" data-scroll-devices=\"small-visibility,medium-visibility,large-visibility\"><div class=\"fusion-column-wrapper fusion-column-has-shadow fusion-flex-justify-content-flex-start fusion-content-layout-column\"><div class=\"fusion-text fusion-text-1\"><h6>ANTICOSSOS A S\u00c8RUM<\/h6>\n<div class=\"protocolo\">\n<h5>Protocol per a estudi d\u2019anticossos<\/h5>\n<p>Enviament d\u2019almenys 3 ml de s\u00e8rum (centrifugat, sense c\u00e8l\u00b7lules). Si la mostra est\u00e0 a temperatura ambient i es preveu un per\u00edode curt de recepci\u00f3 pot enviar-se a temperatura ambient. Si la mostra est\u00e0 congelada o es preveu un temps major de recepci\u00f3 es recomana enviament refrigerat o en gel sec.<\/p>\n<\/div>\n<ul>\n<li>Anticossos anti-contactina 1 (CIDP): 60 \u20ac<\/li>\n<li>Anticossos anti-neurofascina 155 (CIDP): 60 \u20ac<\/li>\n<li>Anticossos anti-neurofascina 186 (CIDP): 60 \u20ac<\/li>\n<li>Anticossos anti-LRP4 (Miast\u00e8nia Gravis seronegativa): 60 \u20ac<\/li>\n<li>Anticossos anti-CASPR2 (Neuromioton\u00eda): 60 \u20ac<\/li>\n<\/ul>\n<div id=\"gtx-trans\" style=\"position: absolute; left: 7px; top: 146.109px;\">\n<div class=\"gtx-trans-icon\"><\/div>\n<\/div>\n<\/div><div class=\"fusion-text fusion-text-2\"><h6>ESTUDI DE DISFERLINA EN MON\u00d2CITS:<\/h6>\n<div class=\"protocolo\">\n<h5>Protocol per a estudi de disferlina en mon\u00f2cits<\/h5>\n<p>Recollir 1-2 tubs CPT de 10ml per pacient.\u00a0<strong>Ha de recollir-se a la vegada un tub CPT d\u2019un control (que no sigui familiar del pacient)<\/strong>\u00a0per evitar falsos resultats deguts a problemes en el transport dels tubs. \u00c9s imprescindible centrifugar els tubs abans del seu transport. Aix\u00f2 permet enviar les mostres a temperatura ambient durant unes 48 hores.<\/p>\n<ol>\n<li>Recollir la sang al tub\u00a0<strong>BD Vacutainer\u00ae CPT \u2122<\/strong>\u00a0Tube amb Sodium Citrate amb el m\u00e8tode standard per BD Vacutainer\u00ae<\/li>\n<li>Despr\u00e9s d\u2019obtenir la mostra de sang invertir el tub diverses vegades i deixar el tub vertical a temperatura ambient fins al seu centrifugat. Les mostres han de ser centrifugades a les\u00a0<strong>2 hores<\/strong>\u00a0despr\u00e9s de l\u2019extracci\u00f3 per obtenir resultats \u00f2ptims.<\/li>\n<li>Centrifugar el tub amb la mostra de sang a temperatura ambient (18-25\u00baC) en un rotor horitzontal durant un m\u00ednim de\u00a0<strong>20 minuts<\/strong>\u00a0a\u00a0<strong>1500 \u2013 1800 RCF (g)<\/strong><\/li>\n<li>Despr\u00e9s del centrifugat\u00a0<strong>invertir el tub<\/strong>\u00a0suaument abans d\u2019enviar.<\/li>\n<\/ol>\n<p><strong>\u00a0ATENCI\u00d3:<\/strong>\u00a0Una excessiva velocitat de centrifugat (per sobre de 2000 RCF (g)) pot causar trencament del tub.<\/p>\n<ul>\n<li>Separaci\u00f3 de mon\u00f2cits i estudi de disferlina: 395,75 \u20ac<\/li>\n<\/ul>\n<\/div>\n<\/div><div class=\"fusion-text fusion-text-3\"><h6>ESTUDI DE BI\u00d2PSIA MUSCULAR<\/h6>\n<div class=\"protocolo\">\n<h5>Protocol per a EL estudi de BI\u00d2PSIA MUSCULAR<\/h5>\n<p>Si la bi\u00f2psia muscular est\u00e0 feta en un hospital amb experi\u00e8ncia en congelaci\u00f3 de m\u00fascul (amb metilbut\u00e0 refredat en nitrogen l\u00edquid); aquesta s\u2019ha d\u2019enviar en abundant gel sec (10 kg) pr\u00e8viament congelada.<\/p>\n<p>En el cas de ser un hospital sense experi\u00e8ncia en la congelaci\u00f3 de m\u00fascul, \u00e9s recomanable sol\u00b7licitar el trasllat del pacient per a la realitzaci\u00f3 de la bi\u00f2psia muscular directament al nostre hospital.<\/p>\n<p>Les proves realitzades en el nostre laboratori s\u00f3n les seg\u00fcents:<\/p>\n<\/div>\n<ul>\n<li>Tinci\u00f3 histoqu\u00edmica de citocrom oxidasa (COX) \u2192 81,90 \u20ac<\/li>\n<li>Tinci\u00f3 histoqu\u00edmica de succinat deshidrogenasa (SDH) \u00e0 74,08 \u20ac<\/li>\n<li>Tinci\u00f3 histoqu\u00edmica de fosforilasa (FSA) \u00e0 52,63 \u20ac<\/li>\n<li>Tinci\u00f3 histoqu\u00edmica de fosfofructoquinasa (PFK) \u00e0 217,88 \u20ac<\/li>\n<li>Tinci\u00f3 histoqu\u00edmica de mioadenilato deaminasa (MADA) \u00e0 63,42 \u20ac<\/li>\n<li>Immunohistoqu\u00edmica de 4 anticossos (distr\u00f2fia muscular) \u2192 605.43 \u20ac<\/li>\n<li>Immunohistoqu\u00edmica de 8 anticossos (distr\u00f2fia muscular) A05 \u20ac<\/li>\n<li>Perfil miopaties inflamat\u00f2ries \u2192 648,69 \u20ac<\/li>\n<li>Western blot: 4 anticossos \u2192 605,43 \u20ac<\/li>\n<li>Western blot: 8 anticossos \u2192 1.124,34 \u20ac<\/li>\n<\/ul>\n<\/div><div class=\"fusion-text fusion-text-4\" style=\"--awb-margin-top:2em;\"><p>Per realitzar un correcte estudi de la bi\u00f2psia muscular, \u00e9s imprescindible la realitzaci\u00f3 de talls criost\u00e0tics i una bateria de proves en el servei d\u2019<strong>Anatomia Patol\u00f2gica<\/strong> del nostre hospital, que t\u00e9 un cost total de <strong>294,84 \u20ac<\/strong>. Aquestes proves es realitzen autom\u00e0ticament en totes les bi\u00f2psies rebudes, i s\u00f3n les seg\u00fcents:<\/p>\n<ul>\n<li>Tinci\u00f3 Hematoxilina \u2013 Eosina<\/li>\n<li>Tinci\u00f3 tricr\u00f2mic de Gomori<\/li>\n<li>Tinci\u00f3 NADH<\/li>\n<li>Tinci\u00f3 ATPasa<\/li>\n<li>Tinci\u00f3 PAS<\/li>\n<li>Tinci\u00f3\u00a0Oil-Xarxa<\/li>\n<\/ul>\n<div id=\"gtx-trans\" style=\"position: absolute; left: 447px; top: 62px;\">\n<div class=\"gtx-trans-icon\"><\/div>\n<\/div>\n<\/div><\/div><\/div><\/div><\/div>\n","protected":false},"excerpt":{"rendered":"","protected":false},"author":1,"featured_media":0,"parent":419,"menu_order":0,"comment_status":"closed","ping_status":"closed","template":"100-width.php","meta":{"_acf_changed":false,"inline_featured_image":false,"footnotes":""},"class_list":["post-3195","page","type-page","status-publish","hentry"],"acf":[],"yoast_head":"<!-- This site is optimized with the Yoast SEO plugin v27.2 - https:\/\/yoast.com\/product\/yoast-seo-wordpress\/ -->\n<title>Proves que realitzen al laboratori de malalties neuromusculars - Neuromuscular BCN<\/title>\n<meta name=\"robots\" content=\"index, follow, max-snippet:-1, max-image-preview:large, max-video-preview:-1\" \/>\n<link rel=\"canonical\" href=\"https:\/\/www.neuromuscularbcn.org\/ca\/serveis\/laboratori-assistencial\/proves-que-realitzen-al-laboratori-de-malalties-neuromusculars\/\" \/>\n<meta property=\"og:locale\" content=\"ca_ES\" \/>\n<meta property=\"og:type\" content=\"article\" \/>\n<meta property=\"og:title\" content=\"Proves que realitzen al laboratori de malalties neuromusculars - Neuromuscular BCN\" \/>\n<meta property=\"og:url\" content=\"https:\/\/www.neuromuscularbcn.org\/ca\/serveis\/laboratori-assistencial\/proves-que-realitzen-al-laboratori-de-malalties-neuromusculars\/\" \/>\n<meta property=\"og:site_name\" content=\"Neuromuscular BCN\" \/>\n<meta property=\"article:modified_time\" content=\"2025-04-30T05:51:17+00:00\" \/>\n<meta name=\"twitter:card\" content=\"summary_large_image\" \/>\n<meta name=\"twitter:site\" content=\"@NMDSantPau\" \/>\n<meta name=\"twitter:label1\" content=\"Temps estimat de lectura\" \/>\n\t<meta name=\"twitter:data1\" content=\"10 minuts\" \/>\n<script type=\"application\/ld+json\" class=\"yoast-schema-graph\">{\"@context\":\"https:\/\/schema.org\",\"@graph\":[{\"@type\":\"WebPage\",\"@id\":\"https:\/\/www.neuromuscularbcn.org\/ca\/serveis\/laboratori-assistencial\/proves-que-realitzen-al-laboratori-de-malalties-neuromusculars\/\",\"url\":\"https:\/\/www.neuromuscularbcn.org\/ca\/serveis\/laboratori-assistencial\/proves-que-realitzen-al-laboratori-de-malalties-neuromusculars\/\",\"name\":\"Proves que realitzen al laboratori de malalties neuromusculars - Neuromuscular BCN\",\"isPartOf\":{\"@id\":\"https:\/\/www.neuromuscularbcn.org\/ca\/#website\"},\"datePublished\":\"2025-04-26T11:51:03+00:00\",\"dateModified\":\"2025-04-30T05:51:17+00:00\",\"breadcrumb\":{\"@id\":\"https:\/\/www.neuromuscularbcn.org\/ca\/serveis\/laboratori-assistencial\/proves-que-realitzen-al-laboratori-de-malalties-neuromusculars\/#breadcrumb\"},\"inLanguage\":\"ca\",\"potentialAction\":[{\"@type\":\"ReadAction\",\"target\":[\"https:\/\/www.neuromuscularbcn.org\/ca\/serveis\/laboratori-assistencial\/proves-que-realitzen-al-laboratori-de-malalties-neuromusculars\/\"]}]},{\"@type\":\"BreadcrumbList\",\"@id\":\"https:\/\/www.neuromuscularbcn.org\/ca\/serveis\/laboratori-assistencial\/proves-que-realitzen-al-laboratori-de-malalties-neuromusculars\/#breadcrumb\",\"itemListElement\":[{\"@type\":\"ListItem\",\"position\":1,\"name\":\"Portada\",\"item\":\"https:\/\/www.neuromuscularbcn.org\/ca\/\"},{\"@type\":\"ListItem\",\"position\":2,\"name\":\"Proves que realitzen al laboratori de malalties neuromusculars\"}]},{\"@type\":\"WebSite\",\"@id\":\"https:\/\/www.neuromuscularbcn.org\/ca\/#website\",\"url\":\"https:\/\/www.neuromuscularbcn.org\/ca\/\",\"name\":\"Neuromuscular BCN\",\"description\":\"Neuromuscular BCN - Unidad Neuromuscular del hospital de Sant Pau\",\"publisher\":{\"@id\":\"https:\/\/www.neuromuscularbcn.org\/ca\/#organization\"},\"alternateName\":\"Neuromuscular BCN - Unidad Neuromuscular del hospital de Sant Pau\",\"potentialAction\":[{\"@type\":\"SearchAction\",\"target\":{\"@type\":\"EntryPoint\",\"urlTemplate\":\"https:\/\/www.neuromuscularbcn.org\/ca\/?s={search_term_string}\"},\"query-input\":{\"@type\":\"PropertyValueSpecification\",\"valueRequired\":true,\"valueName\":\"search_term_string\"}}],\"inLanguage\":\"ca\"},{\"@type\":\"Organization\",\"@id\":\"https:\/\/www.neuromuscularbcn.org\/ca\/#organization\",\"name\":\"Neuromuscular BCN - Sant Pau\",\"url\":\"https:\/\/www.neuromuscularbcn.org\/ca\/\",\"logo\":{\"@type\":\"ImageObject\",\"inLanguage\":\"ca\",\"@id\":\"https:\/\/www.neuromuscularbcn.org\/ca\/#\/schema\/logo\/image\/\",\"url\":\"https:\/\/www.neuromuscularbcn.org\/wp-content\/uploads\/2025\/06\/cropped-favicon_logotip.png\",\"contentUrl\":\"https:\/\/www.neuromuscularbcn.org\/wp-content\/uploads\/2025\/06\/cropped-favicon_logotip.png\",\"width\":512,\"height\":512,\"caption\":\"Neuromuscular BCN - Sant Pau\"},\"image\":{\"@id\":\"https:\/\/www.neuromuscularbcn.org\/ca\/#\/schema\/logo\/image\/\"},\"sameAs\":[\"https:\/\/x.com\/NMDSantPau\"]}]}<\/script>\n<!-- \/ Yoast SEO plugin. -->","yoast_head_json":{"title":"Proves que realitzen al laboratori de malalties neuromusculars - Neuromuscular BCN","robots":{"index":"index","follow":"follow","max-snippet":"max-snippet:-1","max-image-preview":"max-image-preview:large","max-video-preview":"max-video-preview:-1"},"canonical":"https:\/\/www.neuromuscularbcn.org\/ca\/serveis\/laboratori-assistencial\/proves-que-realitzen-al-laboratori-de-malalties-neuromusculars\/","og_locale":"ca_ES","og_type":"article","og_title":"Proves que realitzen al laboratori de malalties neuromusculars - Neuromuscular BCN","og_url":"https:\/\/www.neuromuscularbcn.org\/ca\/serveis\/laboratori-assistencial\/proves-que-realitzen-al-laboratori-de-malalties-neuromusculars\/","og_site_name":"Neuromuscular BCN","article_modified_time":"2025-04-30T05:51:17+00:00","twitter_card":"summary_large_image","twitter_site":"@NMDSantPau","twitter_misc":{"Temps estimat de lectura":"10 minuts"},"schema":{"@context":"https:\/\/schema.org","@graph":[{"@type":"WebPage","@id":"https:\/\/www.neuromuscularbcn.org\/ca\/serveis\/laboratori-assistencial\/proves-que-realitzen-al-laboratori-de-malalties-neuromusculars\/","url":"https:\/\/www.neuromuscularbcn.org\/ca\/serveis\/laboratori-assistencial\/proves-que-realitzen-al-laboratori-de-malalties-neuromusculars\/","name":"Proves que realitzen al laboratori de malalties neuromusculars - Neuromuscular BCN","isPartOf":{"@id":"https:\/\/www.neuromuscularbcn.org\/ca\/#website"},"datePublished":"2025-04-26T11:51:03+00:00","dateModified":"2025-04-30T05:51:17+00:00","breadcrumb":{"@id":"https:\/\/www.neuromuscularbcn.org\/ca\/serveis\/laboratori-assistencial\/proves-que-realitzen-al-laboratori-de-malalties-neuromusculars\/#breadcrumb"},"inLanguage":"ca","potentialAction":[{"@type":"ReadAction","target":["https:\/\/www.neuromuscularbcn.org\/ca\/serveis\/laboratori-assistencial\/proves-que-realitzen-al-laboratori-de-malalties-neuromusculars\/"]}]},{"@type":"BreadcrumbList","@id":"https:\/\/www.neuromuscularbcn.org\/ca\/serveis\/laboratori-assistencial\/proves-que-realitzen-al-laboratori-de-malalties-neuromusculars\/#breadcrumb","itemListElement":[{"@type":"ListItem","position":1,"name":"Portada","item":"https:\/\/www.neuromuscularbcn.org\/ca\/"},{"@type":"ListItem","position":2,"name":"Proves que realitzen al laboratori de malalties neuromusculars"}]},{"@type":"WebSite","@id":"https:\/\/www.neuromuscularbcn.org\/ca\/#website","url":"https:\/\/www.neuromuscularbcn.org\/ca\/","name":"Neuromuscular BCN","description":"Neuromuscular BCN - Unidad Neuromuscular del hospital de Sant Pau","publisher":{"@id":"https:\/\/www.neuromuscularbcn.org\/ca\/#organization"},"alternateName":"Neuromuscular BCN - Unidad Neuromuscular del hospital de Sant Pau","potentialAction":[{"@type":"SearchAction","target":{"@type":"EntryPoint","urlTemplate":"https:\/\/www.neuromuscularbcn.org\/ca\/?s={search_term_string}"},"query-input":{"@type":"PropertyValueSpecification","valueRequired":true,"valueName":"search_term_string"}}],"inLanguage":"ca"},{"@type":"Organization","@id":"https:\/\/www.neuromuscularbcn.org\/ca\/#organization","name":"Neuromuscular BCN - Sant Pau","url":"https:\/\/www.neuromuscularbcn.org\/ca\/","logo":{"@type":"ImageObject","inLanguage":"ca","@id":"https:\/\/www.neuromuscularbcn.org\/ca\/#\/schema\/logo\/image\/","url":"https:\/\/www.neuromuscularbcn.org\/wp-content\/uploads\/2025\/06\/cropped-favicon_logotip.png","contentUrl":"https:\/\/www.neuromuscularbcn.org\/wp-content\/uploads\/2025\/06\/cropped-favicon_logotip.png","width":512,"height":512,"caption":"Neuromuscular BCN - Sant Pau"},"image":{"@id":"https:\/\/www.neuromuscularbcn.org\/ca\/#\/schema\/logo\/image\/"},"sameAs":["https:\/\/x.com\/NMDSantPau"]}]}},"_links":{"self":[{"href":"https:\/\/www.neuromuscularbcn.org\/ca\/wp-json\/wp\/v2\/pages\/3195","targetHints":{"allow":["GET"]}}],"collection":[{"href":"https:\/\/www.neuromuscularbcn.org\/ca\/wp-json\/wp\/v2\/pages"}],"about":[{"href":"https:\/\/www.neuromuscularbcn.org\/ca\/wp-json\/wp\/v2\/types\/page"}],"author":[{"embeddable":true,"href":"https:\/\/www.neuromuscularbcn.org\/ca\/wp-json\/wp\/v2\/users\/1"}],"replies":[{"embeddable":true,"href":"https:\/\/www.neuromuscularbcn.org\/ca\/wp-json\/wp\/v2\/comments?post=3195"}],"version-history":[{"count":3,"href":"https:\/\/www.neuromuscularbcn.org\/ca\/wp-json\/wp\/v2\/pages\/3195\/revisions"}],"predecessor-version":[{"id":3198,"href":"https:\/\/www.neuromuscularbcn.org\/ca\/wp-json\/wp\/v2\/pages\/3195\/revisions\/3198"}],"up":[{"embeddable":true,"href":"https:\/\/www.neuromuscularbcn.org\/ca\/wp-json\/wp\/v2\/pages\/419"}],"wp:attachment":[{"href":"https:\/\/www.neuromuscularbcn.org\/ca\/wp-json\/wp\/v2\/media?parent=3195"}],"curies":[{"name":"wp","href":"https:\/\/api.w.org\/{rel}","templated":true}]}}