{"id":300,"date":"2025-03-26T13:14:59","date_gmt":"2025-03-26T12:14:59","guid":{"rendered":"https:\/\/www.neuromuscularbcn.org\/?page_id=300"},"modified":"2025-04-29T10:47:16","modified_gmt":"2025-04-29T08:47:16","slug":"tractaments-innovadors","status":"publish","type":"page","link":"https:\/\/www.neuromuscularbcn.org\/ca\/assistencia\/tractaments-innovadors\/","title":{"rendered":"Tractaments innovadors"},"content":{"rendered":"<div class=\"fusion-fullwidth fullwidth-box fusion-builder-row-1 fusion-flex-container has-pattern-background has-mask-background nonhundred-percent-fullwidth non-hundred-percent-height-scrolling\" style=\"--awb-border-radius-top-left:0px;--awb-border-radius-top-right:0px;--awb-border-radius-bottom-right:0px;--awb-border-radius-bottom-left:0px;--awb-flex-wrap:wrap;\" ><div class=\"fusion-builder-row fusion-row fusion-flex-align-items-flex-start fusion-flex-content-wrap\" style=\"max-width:1422.72px;margin-left: calc(-4% \/ 2 );margin-right: calc(-4% \/ 2 );\"><div class=\"fusion-layout-column fusion_builder_column fusion-builder-column-0 fusion_builder_column_1_1 1_1 fusion-flex-column cnt_PagGen_Content_col\" style=\"--awb-bg-size:cover;--awb-width-large:100%;--awb-margin-top-large:0px;--awb-spacing-right-large:1.92%;--awb-margin-bottom-large:0px;--awb-spacing-left-large:1.92%;--awb-width-medium:100%;--awb-order-medium:0;--awb-spacing-right-medium:1.92%;--awb-spacing-left-medium:1.92%;--awb-width-small:100%;--awb-order-small:0;--awb-spacing-right-small:1.92%;--awb-spacing-left-small:1.92%;\" data-scroll-devices=\"small-visibility,medium-visibility,large-visibility\"><div class=\"fusion-column-wrapper fusion-column-has-shadow fusion-flex-justify-content-flex-start fusion-content-layout-column\"><div class=\"fusion-text fusion-text-1\"><p><img decoding=\"async\" class=\"wp-image-2658 aligncenter\" src=\"https:\/\/www.neuromuscularbcn.org\/wp-content\/uploads\/2025\/04\/medical-pills.jpg\" alt=\"\" width=\"905\" height=\"201\" srcset=\"https:\/\/www.neuromuscularbcn.org\/wp-content\/uploads\/2025\/04\/medical-pills-200x44.jpg 200w, https:\/\/www.neuromuscularbcn.org\/wp-content\/uploads\/2025\/04\/medical-pills-300x67.jpg 300w, https:\/\/www.neuromuscularbcn.org\/wp-content\/uploads\/2025\/04\/medical-pills-400x89.jpg 400w, https:\/\/www.neuromuscularbcn.org\/wp-content\/uploads\/2025\/04\/medical-pills-600x133.jpg 600w, https:\/\/www.neuromuscularbcn.org\/wp-content\/uploads\/2025\/04\/medical-pills-768x171.jpg 768w, https:\/\/www.neuromuscularbcn.org\/wp-content\/uploads\/2025\/04\/medical-pills-800x178.jpg 800w, https:\/\/www.neuromuscularbcn.org\/wp-content\/uploads\/2025\/04\/medical-pills.jpg 1008w\" sizes=\"(max-width: 905px) 100vw, 905px\" \/><\/p>\n<ul>\n<li style=\"list-style-type: none;\">\n<ul>\n<li>Vam ser pioners i referents en el\u00a0<em><strong>tractament amb IGEV de malalties neuromusculars disimmunes<\/strong><\/em>\u00a0des de l\u2019any 1992, en un article publicat en N Engl J Med. 1993 Dec 30;329(27): 1993-2000) la Dra. Illa va participar i establir els criteris metodol\u00f2gics per determinar l\u2019efectivitat de les IGEV en el tractament de pacients amb dermatomiositis resistents a altres ter\u00e0pies. Posteriorment, la Dra. Illa i el Dr. Rojas van formar part del grup europeu INCAT que va publicar una escala de seguiment cl\u00ednic dels pacients amb neuropaties autoimmunes i l\u2019efic\u00e0cia de les IGEV i de la prednisolona en el tractament de CIDP Ann Neurol. 2001 Aug;50(2):195-201 i les neuropaties motores multifocals (NMM) J Peripher Nerv Syst. 2010 Dec;15(4):295-301. Els tractaments amb Igev en aquests pacients ingressats a la sala de neurologia i actualment es realitzen a l\u2019Hospital de dia polivalent. La unitat participa en el comit\u00e8 per les af\u00e8resis i recanvis plasm\u00e0tics del HSCSP.<br clear=\"none\" \/><br clear=\"none\" \/><\/li>\n<li>Realitzem en coordinaci\u00f3 amb el servei d\u2019hematologia del nostre hospital i amb l\u2019investigador R. Mart\u00ed de l\u2019Hospital Vall d\u2019Hebron per primera vegada al mon,\u00a0<em><strong>(transfusi\u00f3 de plaquetes) o transplantament de moll d\u2019os<\/strong><\/em>\u00a0en pacients amb\u00a0<em><strong>MNGIE<\/strong><\/em>, una patologia molt greu que posta a la mort dels pacients a la Els resultats d\u2019aquests estudis van ser publicats a la revista Neurology 2006 Oct 24;67(8):1461-3 y Bone Marrow Transplant. 2011 Mar;46(3):330-7. I el seguiment dels pacients aix\u00ed com els transplantaments realitzats per nosaltres i altres grups a centres d\u2019arreu del mon que han demostrat la seva efic\u00e0cia en un percentatge de malalts s\u2019han realitzat com un article en revisi\u00f3 a la revista Lancet Neurology. Em realitzat tamb\u00e9 amb \u00e8xit un transplantament a un pacient amb\u00a0<em><strong>escleromixedema<\/strong><\/em>, malaltia molt greu, actualment el pacient est\u00e0 asimptom\u00e0tic des del transplantament. Blood. 2006 Jul 15;108(2):773-4. Steady remission of scleromyxedema 3 years after autologous stem cell transplantation: an in vivo and in vitro study.<br clear=\"none\" \/><br clear=\"none\" \/><\/li>\n<li>Som referent en el protocol a seguir en pacients amb MG resistent a altres ter\u00e0pies. Concretament, hem descrit\u00a0<em><strong>l\u2019efic\u00e0cia de Rituximab en pacients amb Miastenia Musk<\/strong><\/em>, sent aquest tractament en l\u2019actualitat (despr\u00e9s de la nostre aportaci\u00f3) el segon f\u00e0rmac a utilitzar en aquests pacients despr\u00e9s de la Prednisona. J Neuroimmunol. 2008 Sep 15;201-202: 90-4 y Long-lasting\u00a0treatment effect of rituximab in MuSK myasthenia. Neurology. 2012 Jan 17;78(3):189-93.<br clear=\"none\" \/><br clear=\"none\" \/><\/li>\n<li>Hem realitzat\u00a0<em><strong>transplantaments card\u00edacs<\/strong><\/em>. El primer a un pacient jove amb cardiopatia dilatada i distr\u00f2fia muscular per d\u00e8ficit de distrofina (malaltia de Duchenn-Becker) i el segon a un pacient amb distr\u00f2fia muscular per d\u00e8ficit de Fukutina.<br clear=\"none\" \/><br clear=\"none\" \/><\/li>\n<li>Els pacients amb distr\u00f2fia facio-esc\u00e0pulo-humeral amb esc\u00e0pula alada s\u00f3n visitats per la Dra. Soria, del servei de COT, per realitzar\u00a0<em><strong>la fixaci\u00f3 de les esc\u00e0pules<\/strong><\/em> si es reuneixen els criteris d\u2019indicaci\u00f3. Aquest \u00e9s un tractament complexa que requereix d\u2019una excel\u00b7lent indicaci\u00f3 quir\u00fargica i un exhaustiu control post- quir\u00fargic per que el resultat sigui positiu, millorant de forma molt significativa la qualitat de vida dels pacients amb distr\u00f2fia FSH. De fet, l\u2019assist\u00e8ncia neuromuscular especialitzada fa que sovint el diagn\u00f2stic, pron\u00f2stic, tractament adequat i l\u2019aplicaci\u00f3 de tractaments pioners, canvi\u00ef la qualitat de vida i sigui que la correspon al nivell de coneixements actuals.<\/li>\n<\/ul>\n<\/li>\n<\/ul>\n<\/div><\/div><\/div><\/div><\/div>\n","protected":false},"excerpt":{"rendered":"","protected":false},"author":1,"featured_media":0,"parent":275,"menu_order":5,"comment_status":"closed","ping_status":"closed","template":"100-width.php","meta":{"_acf_changed":false,"inline_featured_image":false,"footnotes":""},"class_list":["post-300","page","type-page","status-publish","hentry"],"acf":[],"yoast_head":"<!-- This site is optimized with the Yoast SEO plugin v27.2 - https:\/\/yoast.com\/product\/yoast-seo-wordpress\/ -->\n<title>Tractaments innovadors - Neuromuscular BCN<\/title>\n<meta name=\"robots\" content=\"index, follow, max-snippet:-1, max-image-preview:large, max-video-preview:-1\" \/>\n<link rel=\"canonical\" href=\"https:\/\/www.neuromuscularbcn.org\/ca\/assistencia\/tractaments-innovadors\/\" \/>\n<meta property=\"og:locale\" content=\"ca_ES\" \/>\n<meta property=\"og:type\" content=\"article\" \/>\n<meta property=\"og:title\" content=\"Tractaments innovadors - Neuromuscular BCN\" \/>\n<meta property=\"og:url\" content=\"https:\/\/www.neuromuscularbcn.org\/ca\/assistencia\/tractaments-innovadors\/\" \/>\n<meta property=\"og:site_name\" content=\"Neuromuscular BCN\" \/>\n<meta property=\"article:modified_time\" content=\"2025-04-29T08:47:16+00:00\" \/>\n<meta property=\"og:image\" content=\"https:\/\/www.neuromuscularbcn.org\/wp-content\/uploads\/2025\/04\/medical-pills.jpg\" \/>\n<meta name=\"twitter:card\" content=\"summary_large_image\" \/>\n<meta name=\"twitter:site\" content=\"@NMDSantPau\" \/>\n<meta name=\"twitter:label1\" content=\"Temps estimat de lectura\" \/>\n\t<meta name=\"twitter:data1\" content=\"8 minuts\" \/>\n<script type=\"application\/ld+json\" class=\"yoast-schema-graph\">{\"@context\":\"https:\/\/schema.org\",\"@graph\":[{\"@type\":\"WebPage\",\"@id\":\"https:\/\/www.neuromuscularbcn.org\/ca\/assistencia\/tractaments-innovadors\/\",\"url\":\"https:\/\/www.neuromuscularbcn.org\/ca\/assistencia\/tractaments-innovadors\/\",\"name\":\"Tractaments innovadors - Neuromuscular BCN\",\"isPartOf\":{\"@id\":\"https:\/\/www.neuromuscularbcn.org\/ca\/#website\"},\"primaryImageOfPage\":{\"@id\":\"https:\/\/www.neuromuscularbcn.org\/ca\/assistencia\/tractaments-innovadors\/#primaryimage\"},\"image\":{\"@id\":\"https:\/\/www.neuromuscularbcn.org\/ca\/assistencia\/tractaments-innovadors\/#primaryimage\"},\"thumbnailUrl\":\"https:\/\/www.neuromuscularbcn.org\/wp-content\/uploads\/2025\/04\/medical-pills.jpg\",\"datePublished\":\"2025-03-26T12:14:59+00:00\",\"dateModified\":\"2025-04-29T08:47:16+00:00\",\"breadcrumb\":{\"@id\":\"https:\/\/www.neuromuscularbcn.org\/ca\/assistencia\/tractaments-innovadors\/#breadcrumb\"},\"inLanguage\":\"ca\",\"potentialAction\":[{\"@type\":\"ReadAction\",\"target\":[\"https:\/\/www.neuromuscularbcn.org\/ca\/assistencia\/tractaments-innovadors\/\"]}]},{\"@type\":\"ImageObject\",\"inLanguage\":\"ca\",\"@id\":\"https:\/\/www.neuromuscularbcn.org\/ca\/assistencia\/tractaments-innovadors\/#primaryimage\",\"url\":\"https:\/\/www.neuromuscularbcn.org\/wp-content\/uploads\/2025\/04\/medical-pills.jpg\",\"contentUrl\":\"https:\/\/www.neuromuscularbcn.org\/wp-content\/uploads\/2025\/04\/medical-pills.jpg\"},{\"@type\":\"BreadcrumbList\",\"@id\":\"https:\/\/www.neuromuscularbcn.org\/ca\/assistencia\/tractaments-innovadors\/#breadcrumb\",\"itemListElement\":[{\"@type\":\"ListItem\",\"position\":1,\"name\":\"Portada\",\"item\":\"https:\/\/www.neuromuscularbcn.org\/ca\/\"},{\"@type\":\"ListItem\",\"position\":2,\"name\":\"Tractaments innovadors\"}]},{\"@type\":\"WebSite\",\"@id\":\"https:\/\/www.neuromuscularbcn.org\/ca\/#website\",\"url\":\"https:\/\/www.neuromuscularbcn.org\/ca\/\",\"name\":\"Neuromuscular BCN\",\"description\":\"Neuromuscular BCN - Unidad Neuromuscular del hospital de Sant Pau\",\"publisher\":{\"@id\":\"https:\/\/www.neuromuscularbcn.org\/ca\/#organization\"},\"alternateName\":\"Neuromuscular BCN - Unidad Neuromuscular del hospital de Sant Pau\",\"potentialAction\":[{\"@type\":\"SearchAction\",\"target\":{\"@type\":\"EntryPoint\",\"urlTemplate\":\"https:\/\/www.neuromuscularbcn.org\/ca\/?s={search_term_string}\"},\"query-input\":{\"@type\":\"PropertyValueSpecification\",\"valueRequired\":true,\"valueName\":\"search_term_string\"}}],\"inLanguage\":\"ca\"},{\"@type\":\"Organization\",\"@id\":\"https:\/\/www.neuromuscularbcn.org\/ca\/#organization\",\"name\":\"Neuromuscular BCN - Sant Pau\",\"url\":\"https:\/\/www.neuromuscularbcn.org\/ca\/\",\"logo\":{\"@type\":\"ImageObject\",\"inLanguage\":\"ca\",\"@id\":\"https:\/\/www.neuromuscularbcn.org\/ca\/#\/schema\/logo\/image\/\",\"url\":\"https:\/\/www.neuromuscularbcn.org\/wp-content\/uploads\/2025\/06\/cropped-favicon_logotip.png\",\"contentUrl\":\"https:\/\/www.neuromuscularbcn.org\/wp-content\/uploads\/2025\/06\/cropped-favicon_logotip.png\",\"width\":512,\"height\":512,\"caption\":\"Neuromuscular BCN - Sant Pau\"},\"image\":{\"@id\":\"https:\/\/www.neuromuscularbcn.org\/ca\/#\/schema\/logo\/image\/\"},\"sameAs\":[\"https:\/\/x.com\/NMDSantPau\"]}]}<\/script>\n<!-- \/ Yoast SEO plugin. -->","yoast_head_json":{"title":"Tractaments innovadors - Neuromuscular BCN","robots":{"index":"index","follow":"follow","max-snippet":"max-snippet:-1","max-image-preview":"max-image-preview:large","max-video-preview":"max-video-preview:-1"},"canonical":"https:\/\/www.neuromuscularbcn.org\/ca\/assistencia\/tractaments-innovadors\/","og_locale":"ca_ES","og_type":"article","og_title":"Tractaments innovadors - Neuromuscular BCN","og_url":"https:\/\/www.neuromuscularbcn.org\/ca\/assistencia\/tractaments-innovadors\/","og_site_name":"Neuromuscular BCN","article_modified_time":"2025-04-29T08:47:16+00:00","og_image":[{"url":"https:\/\/www.neuromuscularbcn.org\/wp-content\/uploads\/2025\/04\/medical-pills.jpg","type":"","width":"","height":""}],"twitter_card":"summary_large_image","twitter_site":"@NMDSantPau","twitter_misc":{"Temps estimat de lectura":"8 minuts"},"schema":{"@context":"https:\/\/schema.org","@graph":[{"@type":"WebPage","@id":"https:\/\/www.neuromuscularbcn.org\/ca\/assistencia\/tractaments-innovadors\/","url":"https:\/\/www.neuromuscularbcn.org\/ca\/assistencia\/tractaments-innovadors\/","name":"Tractaments innovadors - Neuromuscular BCN","isPartOf":{"@id":"https:\/\/www.neuromuscularbcn.org\/ca\/#website"},"primaryImageOfPage":{"@id":"https:\/\/www.neuromuscularbcn.org\/ca\/assistencia\/tractaments-innovadors\/#primaryimage"},"image":{"@id":"https:\/\/www.neuromuscularbcn.org\/ca\/assistencia\/tractaments-innovadors\/#primaryimage"},"thumbnailUrl":"https:\/\/www.neuromuscularbcn.org\/wp-content\/uploads\/2025\/04\/medical-pills.jpg","datePublished":"2025-03-26T12:14:59+00:00","dateModified":"2025-04-29T08:47:16+00:00","breadcrumb":{"@id":"https:\/\/www.neuromuscularbcn.org\/ca\/assistencia\/tractaments-innovadors\/#breadcrumb"},"inLanguage":"ca","potentialAction":[{"@type":"ReadAction","target":["https:\/\/www.neuromuscularbcn.org\/ca\/assistencia\/tractaments-innovadors\/"]}]},{"@type":"ImageObject","inLanguage":"ca","@id":"https:\/\/www.neuromuscularbcn.org\/ca\/assistencia\/tractaments-innovadors\/#primaryimage","url":"https:\/\/www.neuromuscularbcn.org\/wp-content\/uploads\/2025\/04\/medical-pills.jpg","contentUrl":"https:\/\/www.neuromuscularbcn.org\/wp-content\/uploads\/2025\/04\/medical-pills.jpg"},{"@type":"BreadcrumbList","@id":"https:\/\/www.neuromuscularbcn.org\/ca\/assistencia\/tractaments-innovadors\/#breadcrumb","itemListElement":[{"@type":"ListItem","position":1,"name":"Portada","item":"https:\/\/www.neuromuscularbcn.org\/ca\/"},{"@type":"ListItem","position":2,"name":"Tractaments innovadors"}]},{"@type":"WebSite","@id":"https:\/\/www.neuromuscularbcn.org\/ca\/#website","url":"https:\/\/www.neuromuscularbcn.org\/ca\/","name":"Neuromuscular BCN","description":"Neuromuscular BCN - Unidad Neuromuscular del hospital de Sant Pau","publisher":{"@id":"https:\/\/www.neuromuscularbcn.org\/ca\/#organization"},"alternateName":"Neuromuscular BCN - Unidad Neuromuscular del hospital de Sant Pau","potentialAction":[{"@type":"SearchAction","target":{"@type":"EntryPoint","urlTemplate":"https:\/\/www.neuromuscularbcn.org\/ca\/?s={search_term_string}"},"query-input":{"@type":"PropertyValueSpecification","valueRequired":true,"valueName":"search_term_string"}}],"inLanguage":"ca"},{"@type":"Organization","@id":"https:\/\/www.neuromuscularbcn.org\/ca\/#organization","name":"Neuromuscular BCN - Sant Pau","url":"https:\/\/www.neuromuscularbcn.org\/ca\/","logo":{"@type":"ImageObject","inLanguage":"ca","@id":"https:\/\/www.neuromuscularbcn.org\/ca\/#\/schema\/logo\/image\/","url":"https:\/\/www.neuromuscularbcn.org\/wp-content\/uploads\/2025\/06\/cropped-favicon_logotip.png","contentUrl":"https:\/\/www.neuromuscularbcn.org\/wp-content\/uploads\/2025\/06\/cropped-favicon_logotip.png","width":512,"height":512,"caption":"Neuromuscular BCN - Sant Pau"},"image":{"@id":"https:\/\/www.neuromuscularbcn.org\/ca\/#\/schema\/logo\/image\/"},"sameAs":["https:\/\/x.com\/NMDSantPau"]}]}},"_links":{"self":[{"href":"https:\/\/www.neuromuscularbcn.org\/ca\/wp-json\/wp\/v2\/pages\/300","targetHints":{"allow":["GET"]}}],"collection":[{"href":"https:\/\/www.neuromuscularbcn.org\/ca\/wp-json\/wp\/v2\/pages"}],"about":[{"href":"https:\/\/www.neuromuscularbcn.org\/ca\/wp-json\/wp\/v2\/types\/page"}],"author":[{"embeddable":true,"href":"https:\/\/www.neuromuscularbcn.org\/ca\/wp-json\/wp\/v2\/users\/1"}],"replies":[{"embeddable":true,"href":"https:\/\/www.neuromuscularbcn.org\/ca\/wp-json\/wp\/v2\/comments?post=300"}],"version-history":[{"count":4,"href":"https:\/\/www.neuromuscularbcn.org\/ca\/wp-json\/wp\/v2\/pages\/300\/revisions"}],"predecessor-version":[{"id":3073,"href":"https:\/\/www.neuromuscularbcn.org\/ca\/wp-json\/wp\/v2\/pages\/300\/revisions\/3073"}],"up":[{"embeddable":true,"href":"https:\/\/www.neuromuscularbcn.org\/ca\/wp-json\/wp\/v2\/pages\/275"}],"wp:attachment":[{"href":"https:\/\/www.neuromuscularbcn.org\/ca\/wp-json\/wp\/v2\/media?parent=300"}],"curies":[{"name":"wp","href":"https:\/\/api.w.org\/{rel}","templated":true}]}}