{"id":291,"date":"2025-03-26T13:14:20","date_gmt":"2025-03-26T12:14:20","guid":{"rendered":"https:\/\/www.neuromuscularbcn.org\/?page_id=291"},"modified":"2025-04-29T10:41:41","modified_gmt":"2025-04-29T08:41:41","slug":"consultes-multidisciplinars-comite-dela-neurocot","status":"publish","type":"page","link":"https:\/\/www.neuromuscularbcn.org\/ca\/assistencia\/consultes-multidisciplinars-comite-dela-neurocot\/","title":{"rendered":"Consultes multidisciplinars: Comit\u00e8 d&#8217;ELA \/ NeuroCOT"},"content":{"rendered":"<div class=\"fusion-fullwidth fullwidth-box fusion-builder-row-1 fusion-flex-container has-pattern-background has-mask-background nonhundred-percent-fullwidth non-hundred-percent-height-scrolling\" style=\"--awb-border-radius-top-left:0px;--awb-border-radius-top-right:0px;--awb-border-radius-bottom-right:0px;--awb-border-radius-bottom-left:0px;--awb-flex-wrap:wrap;\" ><div class=\"fusion-builder-row fusion-row fusion-flex-align-items-flex-start fusion-flex-content-wrap\" style=\"max-width:1422.72px;margin-left: calc(-4% \/ 2 );margin-right: calc(-4% \/ 2 );\"><div class=\"fusion-layout-column fusion_builder_column fusion-builder-column-0 fusion_builder_column_1_1 1_1 fusion-flex-column cnt_PagGen_Content_col\" style=\"--awb-bg-size:cover;--awb-width-large:100%;--awb-margin-top-large:0px;--awb-spacing-right-large:1.92%;--awb-margin-bottom-large:0px;--awb-spacing-left-large:1.92%;--awb-width-medium:100%;--awb-order-medium:0;--awb-spacing-right-medium:1.92%;--awb-spacing-left-medium:1.92%;--awb-width-small:100%;--awb-order-small:0;--awb-spacing-right-small:1.92%;--awb-spacing-left-small:1.92%;\" data-scroll-devices=\"small-visibility,medium-visibility,large-visibility\"><div class=\"fusion-column-wrapper fusion-column-has-shadow fusion-flex-justify-content-flex-start fusion-content-layout-column\"><div class=\"fusion-tabs fusion-tabs-1 classic nav-is-justified cnt_pestanas horizontal-tabs icon-position-left mobile-mode-carousel mobile-sticky-tabs\" style=\"--awb-title-border-radius-top-left:0px;--awb-title-border-radius-top-right:0px;--awb-title-border-radius-bottom-right:0px;--awb-title-border-radius-bottom-left:0px;--awb-alignment:start;--awb-inactive-color:var(--awb-color2);--awb-background-color:var(--awb-color1);--awb-border-color:var(--awb-color3);--awb-active-border-color:var(--awb-color5);\"><div class=\"nav\"><ul class=\"nav-tabs nav-justified\" role=\"tablist\"><li class=\"active\" role=\"presentation\"><a class=\"tab-link\" data-toggle=\"tab\" role=\"tab\" aria-controls=\"tab-45eb090b16bd6401749\" aria-selected=\"true\" id=\"fusion-tab-comit\u00e8d\u2019ela\" href=\"#tab-45eb090b16bd6401749\"><h4 class=\"fusion-tab-heading\">Comit\u00e8 d\u2019ELA<\/h4><\/a><\/li><li role=\"presentation\"><a class=\"tab-link\" data-toggle=\"tab\" role=\"tab\" aria-controls=\"tab-749d2b0c4d422f2d933\" aria-selected=\"false\" tabindex=\"-1\" id=\"fusion-tab-comit\u00e9neurocot\" href=\"#tab-749d2b0c4d422f2d933\"><h4 class=\"fusion-tab-heading\">Comit\u00e9 NeuroCOT<\/h4><\/a><\/li><\/ul><\/div><div class=\"tab-content\"><div class=\"tab-pane fade fusion-clearfix in active\" role=\"tabpanel\" tabindex=\"0\" aria-labelledby=\"fusion-tab-comit\u00e8d\u2019ela\" id=\"tab-45eb090b16bd6401749\">\n<h4 id=\"tit_anclaje0\" class=\"anclaje_btn_cab\">Comit\u00e8 d\u2019ELA<\/h4>\n<h6>La nostra cl\u00ednica de Malalties de Neurona Motora \u00e9s un centre de refer\u00e8ncia a Espanya<\/h6>\n<p><img decoding=\"async\" class=\"wp-image-2600 aligncenter\" src=\"https:\/\/www.neuromuscularbcn.org\/wp-content\/uploads\/2025\/04\/Comite-ELA.jpg\" alt=\"\" width=\"906\" height=\"465\" srcset=\"https:\/\/www.neuromuscularbcn.org\/wp-content\/uploads\/2025\/04\/Comite-ELA-200x103.jpg 200w, https:\/\/www.neuromuscularbcn.org\/wp-content\/uploads\/2025\/04\/Comite-ELA-300x154.jpg 300w, https:\/\/www.neuromuscularbcn.org\/wp-content\/uploads\/2025\/04\/Comite-ELA-400x205.jpg 400w, https:\/\/www.neuromuscularbcn.org\/wp-content\/uploads\/2025\/04\/Comite-ELA-600x308.jpg 600w, https:\/\/www.neuromuscularbcn.org\/wp-content\/uploads\/2025\/04\/Comite-ELA-768x394.jpg 768w, https:\/\/www.neuromuscularbcn.org\/wp-content\/uploads\/2025\/04\/Comite-ELA-800x411.jpg 800w, https:\/\/www.neuromuscularbcn.org\/wp-content\/uploads\/2025\/04\/Comite-ELA-1024x525.jpg 1024w, https:\/\/www.neuromuscularbcn.org\/wp-content\/uploads\/2025\/04\/Comite-ELA-1200x616.jpg 1200w, https:\/\/www.neuromuscularbcn.org\/wp-content\/uploads\/2025\/04\/Comite-ELA.jpg 1485w\" sizes=\"(max-width: 906px) 100vw, 906px\" \/><\/p>\n<p>El nostre grup compte amb una \u00e0mplia experi\u00e8ncia en el diagn\u00f2stic i maneig al camp de les malalties neuromusculars i particularment a les malalties de neurona motora.<\/p>\n<p>La nostra cl\u00ednica espec\u00edfica de Malalties de Neurona Motora es crea al 2004 dins de la Unitat de Malalties\u00a0 Neuromusculars. Des d\u2019aquest moment el nostre centre s\u2019ha convertit en l\u00edder en el diagn\u00f2stic, atenci\u00f3 i tractament de pacients i familiars amb Esclerosis Lateral Amiotr\u00f2fica (ELA) atenent al voltant de 40 pacients nous\u00a0 cada any i controlant peri\u00f2dicament a la unitat uns 140 pacients. La manera ideal d\u2019afrontar els problemes associats a la malaltia i la presa de decisions \u00e9s a trav\u00e9s d\u2019equips multidisciplin\u00e0ries. Els objectius fonamentals d\u2019aquests equips s\u00f3n optimitzar l\u2019atenci\u00f3 i cures facilitar la comunicaci\u00f3 entre els membres de l\u2019equip per tal de millorar la qualitat de l\u2019atenci\u00f3 als pacients (<em>Traynor et al. 2003<\/em>).<\/p>\n<p>Hem acumulat una gran experi\u00e8ncia en l\u2019atenci\u00f3 als pacients amb ELA a trav\u00e9s de la constituci\u00f3 d\u2019un equip que te com a objectiu assegurar l\u2019atenci\u00f3 dels pacients de manera \u00f2ptima. El nostre equip multidisciplinari est\u00e0 integrat per neur\u00f2legs, especialistes en pneumologia, rehabilitaci\u00f3, logop\u00e8dia, psicologia, infermera especialitzada, fisioterapeuta, infermeres d\u2019atenci\u00f3 domiciliaria, nutricionista, treballadora social i terapeuta ocupacional, tots ells treballant en un comit\u00e8 especialitzat (<em>Guell et al. 2013<\/em>).<\/p>\n<p>Pel tractament i maneig del pacient i per atendre altres aspectes de l\u2019espectre de s\u00edmptomes d\u2019aquesta malaltia hem establert una col\u00b7laboraci\u00f3 amb altres professionals. Els pacients s\u00f3n sotmesos, de manera sistem\u00e0tica, a una avaluaci\u00f3 cognitiva i neuropsicol\u00f2gica per neur\u00f2legs i neuropsic\u00f2logues de la Unitat de Mem\u00f2ria del Servei de Neurologia amb experi\u00e8ncia en malalties neurodegeneratives. Existeix tamb\u00e9 una col\u00b7laboraci\u00f3 pr\u00f2xima amb els genetistes, permeten la possibilitat d\u2019una visita de consell gen\u00e8tic , en aquesta l\u00ednia existeix una coordinaci\u00f3 amb el Servei de Ginecologia i Obstetr\u00edcia pel consell reproductiu i la realitzaci\u00f3 de t\u00e8cniques pel diagn\u00f2stic pre-implantacional. A m\u00e9s col\u00b7laborem de manera directa amb el Banc de Teixits Neurol\u00f2gics cobrint tant aspectes diagn\u00f2stics com d\u2019investigaci\u00f3.<\/p>\n<p><img decoding=\"async\" class=\" wp-image-2603 aligncenter\" src=\"https:\/\/www.neuromuscularbcn.org\/wp-content\/uploads\/2025\/04\/estructura_comite_ela.jpg\" alt=\"\" width=\"781\" height=\"546\" srcset=\"https:\/\/www.neuromuscularbcn.org\/wp-content\/uploads\/2025\/04\/estructura_comite_ela-200x140.jpg 200w, https:\/\/www.neuromuscularbcn.org\/wp-content\/uploads\/2025\/04\/estructura_comite_ela-300x210.jpg 300w, https:\/\/www.neuromuscularbcn.org\/wp-content\/uploads\/2025\/04\/estructura_comite_ela-400x280.jpg 400w, https:\/\/www.neuromuscularbcn.org\/wp-content\/uploads\/2025\/04\/estructura_comite_ela-600x419.jpg 600w, https:\/\/www.neuromuscularbcn.org\/wp-content\/uploads\/2025\/04\/estructura_comite_ela-768x537.jpg 768w, https:\/\/www.neuromuscularbcn.org\/wp-content\/uploads\/2025\/04\/estructura_comite_ela-800x559.jpg 800w, https:\/\/www.neuromuscularbcn.org\/wp-content\/uploads\/2025\/04\/estructura_comite_ela.jpg 993w\" sizes=\"(max-width: 781px) 100vw, 781px\" \/><\/p>\n<\/div><div class=\"tab-pane fade fusion-clearfix\" role=\"tabpanel\" tabindex=\"0\" aria-labelledby=\"fusion-tab-comit\u00e9neurocot\" id=\"tab-749d2b0c4d422f2d933\">\n<h4 id=\"tit_anclaje1\" class=\"anclaje_btn_cab\">Comit\u00e9 NeuroCOT<\/h4>\n<p>Des del 1992 es realitzen visites conjuntes multidisciplin\u00e0ries a pacients amb malalties neuromusculars i neuropaties gen\u00e8ticament determinades. Aquest tipus de cl\u00ednica conjunta la considerem molt important perque la indicaci\u00f3 dels diferents tractaments de tots els equips participants al comit\u00e8 siguin els adequats i estiguin degudament coordinats. El resultat es oferir la millor qualitat de vida possible als pacients. Aquesta consulta es denomina neuroCOT.<\/p>\n<p><img decoding=\"async\" class=\" wp-image-2607 aligncenter\" src=\"https:\/\/www.neuromuscularbcn.org\/wp-content\/uploads\/2025\/04\/NeuroCOT.jpg\" alt=\"\" width=\"808\" height=\"561\" srcset=\"https:\/\/www.neuromuscularbcn.org\/wp-content\/uploads\/2025\/04\/NeuroCOT-200x139.jpg 200w, https:\/\/www.neuromuscularbcn.org\/wp-content\/uploads\/2025\/04\/NeuroCOT-300x208.jpg 300w, https:\/\/www.neuromuscularbcn.org\/wp-content\/uploads\/2025\/04\/NeuroCOT-400x278.jpg 400w, https:\/\/www.neuromuscularbcn.org\/wp-content\/uploads\/2025\/04\/NeuroCOT-600x417.jpg 600w, https:\/\/www.neuromuscularbcn.org\/wp-content\/uploads\/2025\/04\/NeuroCOT-768x534.jpg 768w, https:\/\/www.neuromuscularbcn.org\/wp-content\/uploads\/2025\/04\/NeuroCOT-800x556.jpg 800w, https:\/\/www.neuromuscularbcn.org\/wp-content\/uploads\/2025\/04\/NeuroCOT.jpg 976w\" sizes=\"(max-width: 808px) 100vw, 808px\" \/><\/p>\n<p>A les sessions de neuroCOT participen els neur\u00f2legs de la unitat i els especialistes en: cirurgia ortop\u00e8dica i traumatologia, rehabilitaci\u00f3, fisioter\u00e0pia i ortop\u00e8dia a m\u00e9s de la infermera que actua com a tal i com a gestora de casos. Si es considera necessari, per la cl\u00ednica del pacient, participen altres especialitats ad hoc, amb formaci\u00f3 en el tema necessari (cardi\u00f2leg, gastroenter\u00f2leg, etc).<\/p>\n<p>La nostre unitat \u00e9s la que selecciona els pacients que es poden beneficiar de la visita multidisciplin\u00e0ria. Una caracter\u00edstica molt rellevant d\u2019aquesta consulta \u00e9s que els malalts i els especialistes es citen a la consulta externa de la UMNM, en sessions mensuals que coordinen el Dr Rojas i el Dr. D\u00edaz alternativament. El n\u00famero de pacients per consulta oscil\u00b7la entre 7 i 10 generalment i es realitza els primers dijous de mes. La consulta est\u00e0 precedida per una reuni\u00f3 en la que es comenten els casos i es tracten els possibles problemes de cada pacient i les possibles solucions.<\/p>\n<p>Les decisions terap\u00e8utiques, ja siguin mediques, quir\u00fargiques o de rehabilitaci\u00f3, es prenen de manera conjunta multidisciplin\u00e0ria durant la visita.<\/p>\n<p>El servei de COT ha participat sempre activament en aquests comit\u00e8, sent la Dra. Laura Soria la especialista de COT que participa. Ella \u00e9s l\u2019encarregada d\u2019indicar les t\u00e8cniques quir\u00fargiques necess\u00e0ries en cada cas, ja sigui cirurgia de fixaci\u00f3 escapular en pacients amb distr\u00f2fia facio-escapulo-humeral, que \u00e9s \u00fanica a Espanya i per la que ens han estat referits pacients d\u2019altres zones. Altres t\u00e8cniques quir\u00fargiques s\u00f3n la transposicions tendinoses en pacients amb dificultats per la dorsiflexi\u00f3 (distr\u00f2fia miot\u00f2nica, FSH) o les correccions quir\u00fargiques de peu en pacients amb neuropaties heredit\u00e0ries.<\/p>\n<p>El servei de rehabilitaci\u00f3 participa molt activament, sent la rehabilitadora encarregada la Dra. Capap\u00e9 que indica el tipus de tractament rehabilitador que pot necessitar cada pacient i si necessita \u00a0mesures ortop\u00e8diques o cadira de rodes entre altres. A m\u00e9s \u00e9s la responsable de la indicaci\u00f3 de la fisioter\u00e0pia si s\u2019escau.<\/p>\n<p>Disposem tamb\u00e9 d\u2019una infermera, Concepci\u00f3n Escola que realitza la coordinaci\u00f3 de proves i de serveis, la relaci\u00f3 metge-pacient de les diferents especialitats.<\/p>\n<p>L\u2019experi\u00e8ncia dels professionals d\u2019aquesta consulta multidisciplin\u00e0ria la presentem anualment al curs de formaci\u00f3 que realitzem i \u00e9s motiu de comunicacions a congressos i tallers per part dels experts en cada tema de les respectives especialitats.<\/p>\n<p><img decoding=\"async\" class=\"wp-image-2610 aligncenter\" src=\"https:\/\/www.neuromuscularbcn.org\/wp-content\/uploads\/2025\/04\/estructura_comite_neurocot.jpg\" alt=\"\" width=\"918\" height=\"524\" srcset=\"https:\/\/www.neuromuscularbcn.org\/wp-content\/uploads\/2025\/04\/estructura_comite_neurocot-200x114.jpg 200w, https:\/\/www.neuromuscularbcn.org\/wp-content\/uploads\/2025\/04\/estructura_comite_neurocot-300x171.jpg 300w, https:\/\/www.neuromuscularbcn.org\/wp-content\/uploads\/2025\/04\/estructura_comite_neurocot-400x228.jpg 400w, https:\/\/www.neuromuscularbcn.org\/wp-content\/uploads\/2025\/04\/estructura_comite_neurocot-600x343.jpg 600w, https:\/\/www.neuromuscularbcn.org\/wp-content\/uploads\/2025\/04\/estructura_comite_neurocot-768x439.jpg 768w, https:\/\/www.neuromuscularbcn.org\/wp-content\/uploads\/2025\/04\/estructura_comite_neurocot-800x457.jpg 800w, https:\/\/www.neuromuscularbcn.org\/wp-content\/uploads\/2025\/04\/estructura_comite_neurocot-1024x585.jpg 1024w, https:\/\/www.neuromuscularbcn.org\/wp-content\/uploads\/2025\/04\/estructura_comite_neurocot.jpg 1028w\" sizes=\"(max-width: 918px) 100vw, 918px\" \/><\/p>\n<\/div><\/div><\/div><\/div><\/div><\/div><\/div>\n","protected":false},"excerpt":{"rendered":"","protected":false},"author":1,"featured_media":0,"parent":275,"menu_order":3,"comment_status":"closed","ping_status":"closed","template":"100-width.php","meta":{"_acf_changed":false,"inline_featured_image":false,"footnotes":""},"class_list":["post-291","page","type-page","status-publish","hentry"],"acf":[],"yoast_head":"<!-- This site is optimized with the Yoast SEO plugin v27.2 - https:\/\/yoast.com\/product\/yoast-seo-wordpress\/ -->\n<title>Consultes multidisciplinars: Comit\u00e8 d&#039;ELA \/ NeuroCOT - Neuromuscular BCN<\/title>\n<meta name=\"robots\" content=\"index, follow, max-snippet:-1, max-image-preview:large, max-video-preview:-1\" \/>\n<link rel=\"canonical\" href=\"https:\/\/www.neuromuscularbcn.org\/ca\/assistencia\/consultes-multidisciplinars-comite-dela-neurocot\/\" \/>\n<meta property=\"og:locale\" content=\"ca_ES\" \/>\n<meta property=\"og:type\" content=\"article\" \/>\n<meta property=\"og:title\" content=\"Consultes multidisciplinars: Comit\u00e8 d&#039;ELA \/ NeuroCOT - Neuromuscular BCN\" \/>\n<meta property=\"og:url\" content=\"https:\/\/www.neuromuscularbcn.org\/ca\/assistencia\/consultes-multidisciplinars-comite-dela-neurocot\/\" \/>\n<meta property=\"og:site_name\" content=\"Neuromuscular BCN\" \/>\n<meta property=\"article:modified_time\" content=\"2025-04-29T08:41:41+00:00\" \/>\n<meta property=\"og:image\" content=\"https:\/\/www.neuromuscularbcn.org\/wp-content\/uploads\/2025\/04\/Comite-ELA.jpg\" \/>\n<meta name=\"twitter:card\" content=\"summary_large_image\" \/>\n<meta name=\"twitter:site\" content=\"@NMDSantPau\" \/>\n<meta name=\"twitter:label1\" content=\"Temps estimat de lectura\" \/>\n\t<meta name=\"twitter:data1\" content=\"11 minuts\" \/>\n<script type=\"application\/ld+json\" class=\"yoast-schema-graph\">{\"@context\":\"https:\/\/schema.org\",\"@graph\":[{\"@type\":\"WebPage\",\"@id\":\"https:\/\/www.neuromuscularbcn.org\/ca\/assistencia\/consultes-multidisciplinars-comite-dela-neurocot\/\",\"url\":\"https:\/\/www.neuromuscularbcn.org\/ca\/assistencia\/consultes-multidisciplinars-comite-dela-neurocot\/\",\"name\":\"Consultes multidisciplinars: Comit\u00e8 d'ELA \/ NeuroCOT - Neuromuscular BCN\",\"isPartOf\":{\"@id\":\"https:\/\/www.neuromuscularbcn.org\/ca\/#website\"},\"primaryImageOfPage\":{\"@id\":\"https:\/\/www.neuromuscularbcn.org\/ca\/assistencia\/consultes-multidisciplinars-comite-dela-neurocot\/#primaryimage\"},\"image\":{\"@id\":\"https:\/\/www.neuromuscularbcn.org\/ca\/assistencia\/consultes-multidisciplinars-comite-dela-neurocot\/#primaryimage\"},\"thumbnailUrl\":\"https:\/\/www.neuromuscularbcn.org\/wp-content\/uploads\/2025\/04\/Comite-ELA.jpg\",\"datePublished\":\"2025-03-26T12:14:20+00:00\",\"dateModified\":\"2025-04-29T08:41:41+00:00\",\"breadcrumb\":{\"@id\":\"https:\/\/www.neuromuscularbcn.org\/ca\/assistencia\/consultes-multidisciplinars-comite-dela-neurocot\/#breadcrumb\"},\"inLanguage\":\"ca\",\"potentialAction\":[{\"@type\":\"ReadAction\",\"target\":[\"https:\/\/www.neuromuscularbcn.org\/ca\/assistencia\/consultes-multidisciplinars-comite-dela-neurocot\/\"]}]},{\"@type\":\"ImageObject\",\"inLanguage\":\"ca\",\"@id\":\"https:\/\/www.neuromuscularbcn.org\/ca\/assistencia\/consultes-multidisciplinars-comite-dela-neurocot\/#primaryimage\",\"url\":\"https:\/\/www.neuromuscularbcn.org\/wp-content\/uploads\/2025\/04\/Comite-ELA.jpg\",\"contentUrl\":\"https:\/\/www.neuromuscularbcn.org\/wp-content\/uploads\/2025\/04\/Comite-ELA.jpg\"},{\"@type\":\"BreadcrumbList\",\"@id\":\"https:\/\/www.neuromuscularbcn.org\/ca\/assistencia\/consultes-multidisciplinars-comite-dela-neurocot\/#breadcrumb\",\"itemListElement\":[{\"@type\":\"ListItem\",\"position\":1,\"name\":\"Portada\",\"item\":\"https:\/\/www.neuromuscularbcn.org\/ca\/\"},{\"@type\":\"ListItem\",\"position\":2,\"name\":\"Consultes multidisciplinars: Comit\u00e8 d&#8217;ELA \/ NeuroCOT\"}]},{\"@type\":\"WebSite\",\"@id\":\"https:\/\/www.neuromuscularbcn.org\/ca\/#website\",\"url\":\"https:\/\/www.neuromuscularbcn.org\/ca\/\",\"name\":\"Neuromuscular BCN\",\"description\":\"Neuromuscular BCN - Unidad Neuromuscular del hospital de Sant Pau\",\"publisher\":{\"@id\":\"https:\/\/www.neuromuscularbcn.org\/ca\/#organization\"},\"alternateName\":\"Neuromuscular BCN - Unidad Neuromuscular del hospital de Sant Pau\",\"potentialAction\":[{\"@type\":\"SearchAction\",\"target\":{\"@type\":\"EntryPoint\",\"urlTemplate\":\"https:\/\/www.neuromuscularbcn.org\/ca\/?s={search_term_string}\"},\"query-input\":{\"@type\":\"PropertyValueSpecification\",\"valueRequired\":true,\"valueName\":\"search_term_string\"}}],\"inLanguage\":\"ca\"},{\"@type\":\"Organization\",\"@id\":\"https:\/\/www.neuromuscularbcn.org\/ca\/#organization\",\"name\":\"Neuromuscular BCN - Sant Pau\",\"url\":\"https:\/\/www.neuromuscularbcn.org\/ca\/\",\"logo\":{\"@type\":\"ImageObject\",\"inLanguage\":\"ca\",\"@id\":\"https:\/\/www.neuromuscularbcn.org\/ca\/#\/schema\/logo\/image\/\",\"url\":\"https:\/\/www.neuromuscularbcn.org\/wp-content\/uploads\/2025\/06\/cropped-favicon_logotip.png\",\"contentUrl\":\"https:\/\/www.neuromuscularbcn.org\/wp-content\/uploads\/2025\/06\/cropped-favicon_logotip.png\",\"width\":512,\"height\":512,\"caption\":\"Neuromuscular BCN - Sant Pau\"},\"image\":{\"@id\":\"https:\/\/www.neuromuscularbcn.org\/ca\/#\/schema\/logo\/image\/\"},\"sameAs\":[\"https:\/\/x.com\/NMDSantPau\"]}]}<\/script>\n<!-- \/ Yoast SEO plugin. -->","yoast_head_json":{"title":"Consultes multidisciplinars: Comit\u00e8 d'ELA \/ NeuroCOT - Neuromuscular BCN","robots":{"index":"index","follow":"follow","max-snippet":"max-snippet:-1","max-image-preview":"max-image-preview:large","max-video-preview":"max-video-preview:-1"},"canonical":"https:\/\/www.neuromuscularbcn.org\/ca\/assistencia\/consultes-multidisciplinars-comite-dela-neurocot\/","og_locale":"ca_ES","og_type":"article","og_title":"Consultes multidisciplinars: Comit\u00e8 d'ELA \/ NeuroCOT - Neuromuscular BCN","og_url":"https:\/\/www.neuromuscularbcn.org\/ca\/assistencia\/consultes-multidisciplinars-comite-dela-neurocot\/","og_site_name":"Neuromuscular BCN","article_modified_time":"2025-04-29T08:41:41+00:00","og_image":[{"url":"https:\/\/www.neuromuscularbcn.org\/wp-content\/uploads\/2025\/04\/Comite-ELA.jpg","type":"","width":"","height":""}],"twitter_card":"summary_large_image","twitter_site":"@NMDSantPau","twitter_misc":{"Temps estimat de lectura":"11 minuts"},"schema":{"@context":"https:\/\/schema.org","@graph":[{"@type":"WebPage","@id":"https:\/\/www.neuromuscularbcn.org\/ca\/assistencia\/consultes-multidisciplinars-comite-dela-neurocot\/","url":"https:\/\/www.neuromuscularbcn.org\/ca\/assistencia\/consultes-multidisciplinars-comite-dela-neurocot\/","name":"Consultes multidisciplinars: Comit\u00e8 d'ELA \/ NeuroCOT - Neuromuscular BCN","isPartOf":{"@id":"https:\/\/www.neuromuscularbcn.org\/ca\/#website"},"primaryImageOfPage":{"@id":"https:\/\/www.neuromuscularbcn.org\/ca\/assistencia\/consultes-multidisciplinars-comite-dela-neurocot\/#primaryimage"},"image":{"@id":"https:\/\/www.neuromuscularbcn.org\/ca\/assistencia\/consultes-multidisciplinars-comite-dela-neurocot\/#primaryimage"},"thumbnailUrl":"https:\/\/www.neuromuscularbcn.org\/wp-content\/uploads\/2025\/04\/Comite-ELA.jpg","datePublished":"2025-03-26T12:14:20+00:00","dateModified":"2025-04-29T08:41:41+00:00","breadcrumb":{"@id":"https:\/\/www.neuromuscularbcn.org\/ca\/assistencia\/consultes-multidisciplinars-comite-dela-neurocot\/#breadcrumb"},"inLanguage":"ca","potentialAction":[{"@type":"ReadAction","target":["https:\/\/www.neuromuscularbcn.org\/ca\/assistencia\/consultes-multidisciplinars-comite-dela-neurocot\/"]}]},{"@type":"ImageObject","inLanguage":"ca","@id":"https:\/\/www.neuromuscularbcn.org\/ca\/assistencia\/consultes-multidisciplinars-comite-dela-neurocot\/#primaryimage","url":"https:\/\/www.neuromuscularbcn.org\/wp-content\/uploads\/2025\/04\/Comite-ELA.jpg","contentUrl":"https:\/\/www.neuromuscularbcn.org\/wp-content\/uploads\/2025\/04\/Comite-ELA.jpg"},{"@type":"BreadcrumbList","@id":"https:\/\/www.neuromuscularbcn.org\/ca\/assistencia\/consultes-multidisciplinars-comite-dela-neurocot\/#breadcrumb","itemListElement":[{"@type":"ListItem","position":1,"name":"Portada","item":"https:\/\/www.neuromuscularbcn.org\/ca\/"},{"@type":"ListItem","position":2,"name":"Consultes multidisciplinars: Comit\u00e8 d&#8217;ELA \/ NeuroCOT"}]},{"@type":"WebSite","@id":"https:\/\/www.neuromuscularbcn.org\/ca\/#website","url":"https:\/\/www.neuromuscularbcn.org\/ca\/","name":"Neuromuscular BCN","description":"Neuromuscular BCN - Unidad Neuromuscular del hospital de Sant Pau","publisher":{"@id":"https:\/\/www.neuromuscularbcn.org\/ca\/#organization"},"alternateName":"Neuromuscular BCN - Unidad Neuromuscular del hospital de Sant Pau","potentialAction":[{"@type":"SearchAction","target":{"@type":"EntryPoint","urlTemplate":"https:\/\/www.neuromuscularbcn.org\/ca\/?s={search_term_string}"},"query-input":{"@type":"PropertyValueSpecification","valueRequired":true,"valueName":"search_term_string"}}],"inLanguage":"ca"},{"@type":"Organization","@id":"https:\/\/www.neuromuscularbcn.org\/ca\/#organization","name":"Neuromuscular BCN - Sant Pau","url":"https:\/\/www.neuromuscularbcn.org\/ca\/","logo":{"@type":"ImageObject","inLanguage":"ca","@id":"https:\/\/www.neuromuscularbcn.org\/ca\/#\/schema\/logo\/image\/","url":"https:\/\/www.neuromuscularbcn.org\/wp-content\/uploads\/2025\/06\/cropped-favicon_logotip.png","contentUrl":"https:\/\/www.neuromuscularbcn.org\/wp-content\/uploads\/2025\/06\/cropped-favicon_logotip.png","width":512,"height":512,"caption":"Neuromuscular BCN - Sant Pau"},"image":{"@id":"https:\/\/www.neuromuscularbcn.org\/ca\/#\/schema\/logo\/image\/"},"sameAs":["https:\/\/x.com\/NMDSantPau"]}]}},"_links":{"self":[{"href":"https:\/\/www.neuromuscularbcn.org\/ca\/wp-json\/wp\/v2\/pages\/291","targetHints":{"allow":["GET"]}}],"collection":[{"href":"https:\/\/www.neuromuscularbcn.org\/ca\/wp-json\/wp\/v2\/pages"}],"about":[{"href":"https:\/\/www.neuromuscularbcn.org\/ca\/wp-json\/wp\/v2\/types\/page"}],"author":[{"embeddable":true,"href":"https:\/\/www.neuromuscularbcn.org\/ca\/wp-json\/wp\/v2\/users\/1"}],"replies":[{"embeddable":true,"href":"https:\/\/www.neuromuscularbcn.org\/ca\/wp-json\/wp\/v2\/comments?post=291"}],"version-history":[{"count":4,"href":"https:\/\/www.neuromuscularbcn.org\/ca\/wp-json\/wp\/v2\/pages\/291\/revisions"}],"predecessor-version":[{"id":3067,"href":"https:\/\/www.neuromuscularbcn.org\/ca\/wp-json\/wp\/v2\/pages\/291\/revisions\/3067"}],"up":[{"embeddable":true,"href":"https:\/\/www.neuromuscularbcn.org\/ca\/wp-json\/wp\/v2\/pages\/275"}],"wp:attachment":[{"href":"https:\/\/www.neuromuscularbcn.org\/ca\/wp-json\/wp\/v2\/media?parent=291"}],"curies":[{"name":"wp","href":"https:\/\/api.w.org\/{rel}","templated":true}]}}