{"id":279,"date":"2025-03-26T13:13:24","date_gmt":"2025-03-26T12:13:24","guid":{"rendered":"https:\/\/www.neuromuscularbcn.org\/?page_id=279"},"modified":"2025-04-29T10:36:56","modified_gmt":"2025-04-29T08:36:56","slug":"consulta-externa-pacients-nous-seguiment-i-segones-opinions","status":"publish","type":"page","link":"https:\/\/www.neuromuscularbcn.org\/ca\/assistencia\/consulta-externa-pacients-nous-seguiment-i-segones-opinions\/","title":{"rendered":"Consulta externa: pacients nous, seguiment i segones opinions"},"content":{"rendered":"<div class=\"fusion-fullwidth fullwidth-box fusion-builder-row-1 fusion-flex-container has-pattern-background has-mask-background nonhundred-percent-fullwidth non-hundred-percent-height-scrolling\" style=\"--awb-border-radius-top-left:0px;--awb-border-radius-top-right:0px;--awb-border-radius-bottom-right:0px;--awb-border-radius-bottom-left:0px;--awb-flex-wrap:wrap;\" ><div class=\"fusion-builder-row fusion-row fusion-flex-align-items-flex-start fusion-flex-content-wrap\" style=\"max-width:1422.72px;margin-left: calc(-4% \/ 2 );margin-right: calc(-4% \/ 2 );\"><div class=\"fusion-layout-column fusion_builder_column fusion-builder-column-0 fusion_builder_column_1_1 1_1 fusion-flex-column cnt_PagGen_Content_col\" style=\"--awb-bg-size:cover;--awb-width-large:100%;--awb-margin-top-large:0px;--awb-spacing-right-large:1.92%;--awb-margin-bottom-large:0px;--awb-spacing-left-large:1.92%;--awb-width-medium:100%;--awb-order-medium:0;--awb-spacing-right-medium:1.92%;--awb-spacing-left-medium:1.92%;--awb-width-small:100%;--awb-order-small:0;--awb-spacing-right-small:1.92%;--awb-spacing-left-small:1.92%;\" data-scroll-devices=\"small-visibility,medium-visibility,large-visibility\"><div class=\"fusion-column-wrapper fusion-column-has-shadow fusion-flex-justify-content-flex-start fusion-content-layout-column\"><div class=\"fusion-text fusion-text-1\"><h6><strong>Nous pacients i pacients en seguiment ambulatori:<\/strong><\/h6>\n<p><img decoding=\"async\" class=\"wp-image-2623 alignleft\" src=\"https:\/\/www.neuromuscularbcn.org\/wp-content\/uploads\/2025\/04\/article-2.jpg\" alt=\"\" width=\"467\" height=\"350\" srcset=\"https:\/\/www.neuromuscularbcn.org\/wp-content\/uploads\/2025\/04\/article-2-200x150.jpg 200w, https:\/\/www.neuromuscularbcn.org\/wp-content\/uploads\/2025\/04\/article-2-300x225.jpg 300w, https:\/\/www.neuromuscularbcn.org\/wp-content\/uploads\/2025\/04\/article-2-400x300.jpg 400w, https:\/\/www.neuromuscularbcn.org\/wp-content\/uploads\/2025\/04\/article-2-600x450.jpg 600w, https:\/\/www.neuromuscularbcn.org\/wp-content\/uploads\/2025\/04\/article-2.jpg 640w\" sizes=\"(max-width: 467px) 100vw, 467px\" \/><\/p>\n<p>Els pacients que es visiten a la unitat, o b\u00e9 com a primeres visites o visites de seguiment, procedeixen de la nostre \u00e0rea sanit\u00e0ria, d\u2019altres serveis de l\u2019hospital i\/o de neur\u00f2legs o altres especialistes de diverses \u00e0rees sanit\u00e0ries de Catalunya o d\u2019altres Comunitats Aut\u00f2nomes.<\/p>\n<p>Visitem pacients amb malalties neuromusculars com per exemple: distr\u00f2fies musculars, neuropaties heredit\u00e0ries, miast\u00e8nia gravis, polineuropaties, miopaties, ELA, etc.<\/p>\n<p>Des del 2015 la unitat de malalties neuromuscular est\u00e0\u00a0 certificada com a \u201cCentre, Servei o Unitat de Referencia- CSUR\u201d, pel\u00a0<strong><em>Ministerio de Sanidad, Servicios Sociales e Igualdad<\/em><\/strong>. Aquesta certificaci\u00f3 permet a tot pacient del territori nacional poder ser derivat des de l\u2019hospital d\u2019origen a la nostra unitat.<\/p>\n<h6><strong>Segones opinions<\/strong><\/h6>\n<p>Les segones opinions que arriben a les nostres consultes s\u00f3n principalment:<\/p>\n<ul>\n<li>Pacients amb malalties immunomediades: \u201cmiast\u00e8nia gravis resistent\u201d a tractament, pacients amb neuropaties autoimmunes tipus CIDP o neuropatia motora multifocal.<\/li>\n<li>Pacients amb distr\u00f2fies musculars no tipificades.<\/li>\n<li>Pacients amb diagn\u00f2stic de ELA.<\/li>\n<\/ul>\n<p>Aquest pacients procedeixen de diverses comarques de Barcelona, Girona i Tarragona. Com\u00a0 a unitat acreditada\u00a0<strong>CSUR<\/strong>, ens son referits pacients de tota Catalunya i de la resta de Comunitats Aut\u00f2nomes especialment Andalusia, Cantabria, Extremadura, Arag\u00f3, Galicia i Murcia.<\/p>\n<\/div><\/div><\/div><\/div><\/div>\n","protected":false},"excerpt":{"rendered":"","protected":false},"author":1,"featured_media":0,"parent":275,"menu_order":0,"comment_status":"closed","ping_status":"closed","template":"100-width.php","meta":{"_acf_changed":false,"inline_featured_image":false,"footnotes":""},"class_list":["post-279","page","type-page","status-publish","hentry"],"acf":[],"yoast_head":"<!-- This site is optimized with the Yoast SEO plugin v27.2 - https:\/\/yoast.com\/product\/yoast-seo-wordpress\/ -->\n<title>Consulta externa: pacients nous, seguiment i segones opinions - Neuromuscular BCN<\/title>\n<meta name=\"robots\" content=\"index, follow, max-snippet:-1, max-image-preview:large, max-video-preview:-1\" \/>\n<link rel=\"canonical\" href=\"https:\/\/www.neuromuscularbcn.org\/ca\/assistencia\/consulta-externa-pacients-nous-seguiment-i-segones-opinions\/\" \/>\n<meta property=\"og:locale\" content=\"ca_ES\" \/>\n<meta property=\"og:type\" content=\"article\" \/>\n<meta property=\"og:title\" content=\"Consulta externa: pacients nous, seguiment i segones opinions - Neuromuscular BCN\" \/>\n<meta property=\"og:url\" content=\"https:\/\/www.neuromuscularbcn.org\/ca\/assistencia\/consulta-externa-pacients-nous-seguiment-i-segones-opinions\/\" \/>\n<meta property=\"og:site_name\" content=\"Neuromuscular BCN\" \/>\n<meta property=\"article:modified_time\" content=\"2025-04-29T08:36:56+00:00\" \/>\n<meta property=\"og:image\" content=\"https:\/\/www.neuromuscularbcn.org\/wp-content\/uploads\/2025\/04\/article-2.jpg\" \/>\n<meta name=\"twitter:card\" content=\"summary_large_image\" \/>\n<meta name=\"twitter:site\" content=\"@NMDSantPau\" \/>\n<meta name=\"twitter:label1\" content=\"Temps estimat de lectura\" \/>\n\t<meta name=\"twitter:data1\" content=\"7 minuts\" \/>\n<script type=\"application\/ld+json\" class=\"yoast-schema-graph\">{\"@context\":\"https:\/\/schema.org\",\"@graph\":[{\"@type\":\"WebPage\",\"@id\":\"https:\/\/www.neuromuscularbcn.org\/ca\/assistencia\/consulta-externa-pacients-nous-seguiment-i-segones-opinions\/\",\"url\":\"https:\/\/www.neuromuscularbcn.org\/ca\/assistencia\/consulta-externa-pacients-nous-seguiment-i-segones-opinions\/\",\"name\":\"Consulta externa: pacients nous, seguiment i segones opinions - Neuromuscular BCN\",\"isPartOf\":{\"@id\":\"https:\/\/www.neuromuscularbcn.org\/ca\/#website\"},\"primaryImageOfPage\":{\"@id\":\"https:\/\/www.neuromuscularbcn.org\/ca\/assistencia\/consulta-externa-pacients-nous-seguiment-i-segones-opinions\/#primaryimage\"},\"image\":{\"@id\":\"https:\/\/www.neuromuscularbcn.org\/ca\/assistencia\/consulta-externa-pacients-nous-seguiment-i-segones-opinions\/#primaryimage\"},\"thumbnailUrl\":\"https:\/\/www.neuromuscularbcn.org\/wp-content\/uploads\/2025\/04\/article-2.jpg\",\"datePublished\":\"2025-03-26T12:13:24+00:00\",\"dateModified\":\"2025-04-29T08:36:56+00:00\",\"breadcrumb\":{\"@id\":\"https:\/\/www.neuromuscularbcn.org\/ca\/assistencia\/consulta-externa-pacients-nous-seguiment-i-segones-opinions\/#breadcrumb\"},\"inLanguage\":\"ca\",\"potentialAction\":[{\"@type\":\"ReadAction\",\"target\":[\"https:\/\/www.neuromuscularbcn.org\/ca\/assistencia\/consulta-externa-pacients-nous-seguiment-i-segones-opinions\/\"]}]},{\"@type\":\"ImageObject\",\"inLanguage\":\"ca\",\"@id\":\"https:\/\/www.neuromuscularbcn.org\/ca\/assistencia\/consulta-externa-pacients-nous-seguiment-i-segones-opinions\/#primaryimage\",\"url\":\"https:\/\/www.neuromuscularbcn.org\/wp-content\/uploads\/2025\/04\/article-2.jpg\",\"contentUrl\":\"https:\/\/www.neuromuscularbcn.org\/wp-content\/uploads\/2025\/04\/article-2.jpg\"},{\"@type\":\"BreadcrumbList\",\"@id\":\"https:\/\/www.neuromuscularbcn.org\/ca\/assistencia\/consulta-externa-pacients-nous-seguiment-i-segones-opinions\/#breadcrumb\",\"itemListElement\":[{\"@type\":\"ListItem\",\"position\":1,\"name\":\"Portada\",\"item\":\"https:\/\/www.neuromuscularbcn.org\/ca\/\"},{\"@type\":\"ListItem\",\"position\":2,\"name\":\"Consulta externa: pacients nous, seguiment i segones opinions\"}]},{\"@type\":\"WebSite\",\"@id\":\"https:\/\/www.neuromuscularbcn.org\/ca\/#website\",\"url\":\"https:\/\/www.neuromuscularbcn.org\/ca\/\",\"name\":\"Neuromuscular BCN\",\"description\":\"Neuromuscular BCN - Unidad Neuromuscular del hospital de Sant Pau\",\"publisher\":{\"@id\":\"https:\/\/www.neuromuscularbcn.org\/ca\/#organization\"},\"alternateName\":\"Neuromuscular BCN - Unidad Neuromuscular del hospital de Sant Pau\",\"potentialAction\":[{\"@type\":\"SearchAction\",\"target\":{\"@type\":\"EntryPoint\",\"urlTemplate\":\"https:\/\/www.neuromuscularbcn.org\/ca\/?s={search_term_string}\"},\"query-input\":{\"@type\":\"PropertyValueSpecification\",\"valueRequired\":true,\"valueName\":\"search_term_string\"}}],\"inLanguage\":\"ca\"},{\"@type\":\"Organization\",\"@id\":\"https:\/\/www.neuromuscularbcn.org\/ca\/#organization\",\"name\":\"Neuromuscular BCN - Sant Pau\",\"url\":\"https:\/\/www.neuromuscularbcn.org\/ca\/\",\"logo\":{\"@type\":\"ImageObject\",\"inLanguage\":\"ca\",\"@id\":\"https:\/\/www.neuromuscularbcn.org\/ca\/#\/schema\/logo\/image\/\",\"url\":\"https:\/\/www.neuromuscularbcn.org\/wp-content\/uploads\/2025\/06\/cropped-favicon_logotip.png\",\"contentUrl\":\"https:\/\/www.neuromuscularbcn.org\/wp-content\/uploads\/2025\/06\/cropped-favicon_logotip.png\",\"width\":512,\"height\":512,\"caption\":\"Neuromuscular BCN - Sant Pau\"},\"image\":{\"@id\":\"https:\/\/www.neuromuscularbcn.org\/ca\/#\/schema\/logo\/image\/\"},\"sameAs\":[\"https:\/\/x.com\/NMDSantPau\"]}]}<\/script>\n<!-- \/ Yoast SEO plugin. -->","yoast_head_json":{"title":"Consulta externa: pacients nous, seguiment i segones opinions - Neuromuscular BCN","robots":{"index":"index","follow":"follow","max-snippet":"max-snippet:-1","max-image-preview":"max-image-preview:large","max-video-preview":"max-video-preview:-1"},"canonical":"https:\/\/www.neuromuscularbcn.org\/ca\/assistencia\/consulta-externa-pacients-nous-seguiment-i-segones-opinions\/","og_locale":"ca_ES","og_type":"article","og_title":"Consulta externa: pacients nous, seguiment i segones opinions - Neuromuscular BCN","og_url":"https:\/\/www.neuromuscularbcn.org\/ca\/assistencia\/consulta-externa-pacients-nous-seguiment-i-segones-opinions\/","og_site_name":"Neuromuscular BCN","article_modified_time":"2025-04-29T08:36:56+00:00","og_image":[{"url":"https:\/\/www.neuromuscularbcn.org\/wp-content\/uploads\/2025\/04\/article-2.jpg","type":"","width":"","height":""}],"twitter_card":"summary_large_image","twitter_site":"@NMDSantPau","twitter_misc":{"Temps estimat de lectura":"7 minuts"},"schema":{"@context":"https:\/\/schema.org","@graph":[{"@type":"WebPage","@id":"https:\/\/www.neuromuscularbcn.org\/ca\/assistencia\/consulta-externa-pacients-nous-seguiment-i-segones-opinions\/","url":"https:\/\/www.neuromuscularbcn.org\/ca\/assistencia\/consulta-externa-pacients-nous-seguiment-i-segones-opinions\/","name":"Consulta externa: pacients nous, seguiment i segones opinions - Neuromuscular BCN","isPartOf":{"@id":"https:\/\/www.neuromuscularbcn.org\/ca\/#website"},"primaryImageOfPage":{"@id":"https:\/\/www.neuromuscularbcn.org\/ca\/assistencia\/consulta-externa-pacients-nous-seguiment-i-segones-opinions\/#primaryimage"},"image":{"@id":"https:\/\/www.neuromuscularbcn.org\/ca\/assistencia\/consulta-externa-pacients-nous-seguiment-i-segones-opinions\/#primaryimage"},"thumbnailUrl":"https:\/\/www.neuromuscularbcn.org\/wp-content\/uploads\/2025\/04\/article-2.jpg","datePublished":"2025-03-26T12:13:24+00:00","dateModified":"2025-04-29T08:36:56+00:00","breadcrumb":{"@id":"https:\/\/www.neuromuscularbcn.org\/ca\/assistencia\/consulta-externa-pacients-nous-seguiment-i-segones-opinions\/#breadcrumb"},"inLanguage":"ca","potentialAction":[{"@type":"ReadAction","target":["https:\/\/www.neuromuscularbcn.org\/ca\/assistencia\/consulta-externa-pacients-nous-seguiment-i-segones-opinions\/"]}]},{"@type":"ImageObject","inLanguage":"ca","@id":"https:\/\/www.neuromuscularbcn.org\/ca\/assistencia\/consulta-externa-pacients-nous-seguiment-i-segones-opinions\/#primaryimage","url":"https:\/\/www.neuromuscularbcn.org\/wp-content\/uploads\/2025\/04\/article-2.jpg","contentUrl":"https:\/\/www.neuromuscularbcn.org\/wp-content\/uploads\/2025\/04\/article-2.jpg"},{"@type":"BreadcrumbList","@id":"https:\/\/www.neuromuscularbcn.org\/ca\/assistencia\/consulta-externa-pacients-nous-seguiment-i-segones-opinions\/#breadcrumb","itemListElement":[{"@type":"ListItem","position":1,"name":"Portada","item":"https:\/\/www.neuromuscularbcn.org\/ca\/"},{"@type":"ListItem","position":2,"name":"Consulta externa: pacients nous, seguiment i segones opinions"}]},{"@type":"WebSite","@id":"https:\/\/www.neuromuscularbcn.org\/ca\/#website","url":"https:\/\/www.neuromuscularbcn.org\/ca\/","name":"Neuromuscular BCN","description":"Neuromuscular BCN - Unidad Neuromuscular del hospital de Sant Pau","publisher":{"@id":"https:\/\/www.neuromuscularbcn.org\/ca\/#organization"},"alternateName":"Neuromuscular BCN - Unidad Neuromuscular del hospital de Sant Pau","potentialAction":[{"@type":"SearchAction","target":{"@type":"EntryPoint","urlTemplate":"https:\/\/www.neuromuscularbcn.org\/ca\/?s={search_term_string}"},"query-input":{"@type":"PropertyValueSpecification","valueRequired":true,"valueName":"search_term_string"}}],"inLanguage":"ca"},{"@type":"Organization","@id":"https:\/\/www.neuromuscularbcn.org\/ca\/#organization","name":"Neuromuscular BCN - Sant Pau","url":"https:\/\/www.neuromuscularbcn.org\/ca\/","logo":{"@type":"ImageObject","inLanguage":"ca","@id":"https:\/\/www.neuromuscularbcn.org\/ca\/#\/schema\/logo\/image\/","url":"https:\/\/www.neuromuscularbcn.org\/wp-content\/uploads\/2025\/06\/cropped-favicon_logotip.png","contentUrl":"https:\/\/www.neuromuscularbcn.org\/wp-content\/uploads\/2025\/06\/cropped-favicon_logotip.png","width":512,"height":512,"caption":"Neuromuscular BCN - Sant Pau"},"image":{"@id":"https:\/\/www.neuromuscularbcn.org\/ca\/#\/schema\/logo\/image\/"},"sameAs":["https:\/\/x.com\/NMDSantPau"]}]}},"_links":{"self":[{"href":"https:\/\/www.neuromuscularbcn.org\/ca\/wp-json\/wp\/v2\/pages\/279","targetHints":{"allow":["GET"]}}],"collection":[{"href":"https:\/\/www.neuromuscularbcn.org\/ca\/wp-json\/wp\/v2\/pages"}],"about":[{"href":"https:\/\/www.neuromuscularbcn.org\/ca\/wp-json\/wp\/v2\/types\/page"}],"author":[{"embeddable":true,"href":"https:\/\/www.neuromuscularbcn.org\/ca\/wp-json\/wp\/v2\/users\/1"}],"replies":[{"embeddable":true,"href":"https:\/\/www.neuromuscularbcn.org\/ca\/wp-json\/wp\/v2\/comments?post=279"}],"version-history":[{"count":4,"href":"https:\/\/www.neuromuscularbcn.org\/ca\/wp-json\/wp\/v2\/pages\/279\/revisions"}],"predecessor-version":[{"id":3063,"href":"https:\/\/www.neuromuscularbcn.org\/ca\/wp-json\/wp\/v2\/pages\/279\/revisions\/3063"}],"up":[{"embeddable":true,"href":"https:\/\/www.neuromuscularbcn.org\/ca\/wp-json\/wp\/v2\/pages\/275"}],"wp:attachment":[{"href":"https:\/\/www.neuromuscularbcn.org\/ca\/wp-json\/wp\/v2\/media?parent=279"}],"curies":[{"name":"wp","href":"https:\/\/api.w.org\/{rel}","templated":true}]}}